{"id":1389,"date":"2024-08-04T20:19:10","date_gmt":"2024-08-04T18:19:10","guid":{"rendered":"https:\/\/steamescape.fr\/vichy\/?page_id=1389"},"modified":"2026-01-14T11:09:06","modified_gmt":"2026-01-14T10:09:06","slug":"bricabrac","status":"publish","type":"page","link":"https:\/\/steamescape.fr\/vichy\/index.php\/bricabrac\/","title":{"rendered":"Le Bric \u00e0 Brac d&#8217;Irvin"},"content":{"rendered":"<p>[vc_row full_width=&#8221;stretch_row&#8221; css=&#8221;.vc_custom_1722357708661{background-color: rgba(255,255,255,0.8) !important;*background-color: rgb(255,255,255) !important;}&#8221;][vc_column width=&#8221;1\/3&#8243;][vc_empty_space][vc_custom_heading text=&#8221;GALERIE&#8221; font_container=&#8221;tag:h3|text_align:center|color:%235b5b5b&#8221; use_theme_fonts=&#8221;yes&#8221;]<div class=\"infobox text-center \">\n\t\t\t\t<div class=\"icon\">\n\t\t\t\t\t<i style=\"color:#fdb713;\" class=\"pe-7s-users pe-4x\"><\/i>\n\t\t\t\t<\/div>\n\t\t\t\t<h4 style=\"color:#2b2e34;\">JOUEURS<\/h4>\n\t\t\t\t<p style=\"color:#282828;\">2 \u00e0 6<\/p>\n\t\t\t  <\/div>[\/vc_column][vc_column width=&#8221;1\/3&#8243;][vc_empty_space][vc_custom_heading text=&#8221;DESCRIPTION&#8221; font_container=&#8221;tag:h3|text_align:center&#8221; use_theme_fonts=&#8221;yes&#8221;][vc_column_text]<\/p>\n<p style=\"text-align: center;\"><strong>Pr\u00eat \u00e0 visiter le bric-\u00e0-brac d&#8217;un voyageur temporel ? <\/strong><\/p>\n<p>Aidez-nous \u00e0 retrouver le pr\u00e9cieux carnet de voyages temporels d&#8217;Irvin avant que l&#8217;\u00e9quipe d&#8217;Hades Corp ne mette la main dessus !<\/p>\n<p>Ce carnet renferme des secrets devant le rester, et nous ne pouvons laisser nos concurrents s&#8217;en emparer ! Nous allons donc vous envoyer en 1860, \u00e0 Paris, pour r\u00e9cup\u00e9rer le pr\u00e9cieux carnet afin que les inestimables informations qu&#8217;il contient ne tombent pas entre de mauvaises mains.<\/p>\n<p>Plongez dans ce bric-\u00e0-brac fascinant, \u00e9claircissez les myst\u00e8res et devancez Hades Corp. \u00cates-vous pr\u00eats \u00e0 relever le d\u00e9fi ? Notre nouvelle aventure vous attend ![\/vc_column_text][\/vc_column][vc_column width=&#8221;1\/3&#8243;]<div class=\"infobox text-center \">\n\t\t\t\t<div class=\"icon\">\n\t\t\t\t\t<i style=\"color:#fdb713;\" class=\"pe-7s-gym pe-4x\"><\/i>\n\t\t\t\t<\/div>\n\t\t\t\t<h4 style=\"color:#6b6b6b;\">DIFFICULT\u00c9<\/h4>\n\t\t\t\t<p style=\"color:#282828;\">Interm\u00e9diaire : 62%<br \/>\nConfirm\u00e9 : 70%<\/p>\n\t\t\t  <\/div><div class=\"infobox text-center \">\n\t\t\t\t<div class=\"icon\">\n\t\t\t\t\t<i style=\"color:#fdb713;\" class=\"pe-7s-glasses pe-4x\"><\/i>\n\t\t\t\t<\/div>\n\t\t\t\t<h4 style=\"color:#6b6b6b;\">FOUILLE \/ OBSERVATION<\/h4>\n\t\t\t\t<p style=\"color:#282828;\">78%<\/p>\n\t\t\t  <\/div><div class=\"infobox text-center \">\n\t\t\t\t<div class=\"icon\">\n\t\t\t\t\t<i style=\"color:#fdb713;\" class=\"pe-7s-science pe-4x\"><\/i>\n\t\t\t\t<\/div>\n\t\t\t\t<h4 style=\"color:#6b6b6b;\">ENIGMES \/ DEDUCTION<\/h4>\n\t\t\t\t<p style=\"color:#282828;\">Interm\u00e9diaire : 52%<br \/>\nConfirm\u00e9 : 78%<\/p>\n\t\t\t  <\/div>[\/vc_column][\/vc_row][vc_row][vc_column][vc_empty_space][\/vc_column][\/vc_row][vc_row full_width=&#8221;stretch_row&#8221; css=&#8221;.vc_custom_1768384704317{background-color: rgba(255,255,255,0.68) !important;*background-color: rgb(255,255,255) !important;}&#8221;][vc_column][vc_empty_space][vc_column_text]<\/p>\n<div class=\"forescape\" data-subdomain=\"steam-vichy\" data-type=\"bookings\" data-rooms=\"667c342987fb0f68122f1c1f\"><\/div>\n<p><script>!function(e,t){var r=e.createElement(t),a=e.getElementsByTagName(t)[0],n=new Date,s=\"\"+n.getFullYear()+(\"0\"+(n.getMonth()+1)).slice(-2)+(\"0\"+n.getDate()).slice(-2);r.defer=1,r.src=\"https:\/\/steam-vichy.4escape.io\/public\/js\/iframe.min.js?v=\"+s,a.parentNode.insertBefore(r,a)}(document,\"script\");<\/script>[\/vc_column_text][\/vc_column][\/vc_row][vc_row][vc_column][vc_empty_space][\/vc_column][\/vc_row]<\/p>\n","protected":false},"excerpt":{"rendered":"<p>[vc_row full_width=&#8221;stretch_row&#8221; css=&#8221;.vc_custom_1722357708661{background-color: rgba(255,255,255,0.8) !important;*background-color: rgb(255,255,255) !important;}&#8221;][vc_column width=&#8221;1\/3&#8243;][vc_empty_space][vc_custom_heading text=&#8221;GALERIE&#8221; font_container=&#8221;tag:h3|text_align:center|color:%235b5b5b&#8221; use_theme_fonts=&#8221;yes&#8221;][\/vc_column][vc_column width=&#8221;1\/3&#8243;][vc_empty_space][vc_custom_heading text=&#8221;DESCRIPTION&#8221; font_container=&#8221;tag:h3|text_align:center&#8221; use_theme_fonts=&#8221;yes&#8221;][vc_column_text] Pr\u00eat \u00e0 visiter le bric-\u00e0-brac d&#8217;un voyageur temporel ? Aidez-nous \u00e0 retrouver le pr\u00e9cieux carnet de voyages temporels d&#8217;Irvin avant que l&#8217;\u00e9quipe d&#8217;Hades Corp ne mette la main dessus ! Ce carnet renferme des secrets devant le rester, et nous [&hellip;]<\/p>\n","protected":false},"author":1,"featured_media":0,"parent":0,"menu_order":0,"comment_status":"closed","ping_status":"closed","template":"","meta":{"footnotes":""},"class_list":["post-1389","page","type-page","status-publish","hentry"],"_links":{"self":[{"href":"https:\/\/steamescape.fr\/vichy\/index.php\/wp-json\/wp\/v2\/pages\/1389","targetHints":{"allow":["GET"]}}],"collection":[{"href":"https:\/\/steamescape.fr\/vichy\/index.php\/wp-json\/wp\/v2\/pages"}],"about":[{"href":"https:\/\/steamescape.fr\/vichy\/index.php\/wp-json\/wp\/v2\/types\/page"}],"author":[{"embeddable":true,"href":"https:\/\/steamescape.fr\/vichy\/index.php\/wp-json\/wp\/v2\/users\/1"}],"replies":[{"embeddable":true,"href":"https:\/\/steamescape.fr\/vichy\/index.php\/wp-json\/wp\/v2\/comments?post=1389"}],"version-history":[{"count":13,"href":"https:\/\/steamescape.fr\/vichy\/index.php\/wp-json\/wp\/v2\/pages\/1389\/revisions"}],"predecessor-version":[{"id":1650,"href":"https:\/\/steamescape.fr\/vichy\/index.php\/wp-json\/wp\/v2\/pages\/1389\/revisions\/1650"}],"wp:attachment":[{"href":"https:\/\/steamescape.fr\/vichy\/index.php\/wp-json\/wp\/v2\/media?parent=1389"}],"curies":[{"name":"wp","href":"https:\/\/api.w.org\/{rel}","templated":true}]}}