{"id":1294,"date":"2024-07-30T18:42:19","date_gmt":"2024-07-30T16:42:19","guid":{"rendered":"https:\/\/steamescape.fr\/vichy\/?page_id=1294"},"modified":"2026-01-14T11:09:52","modified_gmt":"2026-01-14T10:09:52","slug":"le-saloon-de-milton","status":"publish","type":"page","link":"https:\/\/steamescape.fr\/vichy\/index.php\/le-saloon-de-milton\/","title":{"rendered":"Le Saloon de Milton"},"content":{"rendered":"<p>[vc_row full_width=&#8221;stretch_row&#8221; css=&#8221;.vc_custom_1722357708661{background-color: rgba(255,255,255,0.8) !important;*background-color: rgb(255,255,255) !important;}&#8221;][vc_column width=&#8221;1\/3&#8243;][vc_empty_space][vc_custom_heading text=&#8221;GALERIE&#8221; font_container=&#8221;tag:h3|text_align:center|color:%235b5b5b&#8221; use_theme_fonts=&#8221;yes&#8221;]<div class=\"infobox text-center \">\n\t\t\t\t<div class=\"icon\">\n\t\t\t\t\t<i style=\"color:#fdb713;\" class=\"pe-7s-users pe-4x\"><\/i>\n\t\t\t\t<\/div>\n\t\t\t\t<h4 style=\"color:#2b2e34;\">JOUEURS<\/h4>\n\t\t\t\t<p style=\"color:#282828;\">2 \u00e0 6<\/p>\n\t\t\t  <\/div>[\/vc_column][vc_column width=&#8221;1\/3&#8243;][vc_empty_space][vc_custom_heading text=&#8221;DESCRIPTION&#8221; font_container=&#8221;tag:h3|text_align:center&#8221; use_theme_fonts=&#8221;yes&#8221;][vc_column_text]<\/p>\n<p style=\"text-align: center;\"><strong>Plongez en plein c\u0153ur de la Californie en 1890 !<\/strong><\/p>\n<p style=\"text-align: center;\">Vous voil\u00e0 dans le c\u00e9l\u00e8bre saloon de Milton, un endroit o\u00f9 les secrets se murmurent et o\u00f9 les intrigues se nouent.<\/p>\n<p style=\"text-align: center;\">Votre mission ? Aider la Bank Fargo \u00e0 retrouver le l\u00e9gendaire butin de Black Bart avant qu&#8217;il ne tombe entre les mains de l&#8217;inf\u00e2me \u00e9quipe d&#8217;Hades Corp. Attention, le sh\u00e9rif local a \u00e9t\u00e9 soudoy\u00e9 par ces derniers et pourrait bien vous mettre des b\u00e2tons dans les roues.<\/p>\n<p style=\"text-align: center;\">R\u00e9ussirez-vous \u00e0 d\u00e9jouer les pi\u00e8ges et \u00e0 retrouver le pr\u00e9cieux butin avant nos rivaux ? Et surtout, saurez-vous trouver la sortie \u00e0 temps ?<\/p>\n<p style=\"text-align: center;\">Relevez le d\u00e9fi et plongez dans une aventure palpitante pleine de myst\u00e8res et de surprises !<\/p>\n<p>[\/vc_column_text][\/vc_column][vc_column width=&#8221;1\/3&#8243;]<div class=\"infobox text-center \">\n\t\t\t\t<div class=\"icon\">\n\t\t\t\t\t<i style=\"color:#fdb713;\" class=\"pe-7s-gym pe-4x\"><\/i>\n\t\t\t\t<\/div>\n\t\t\t\t<h4 style=\"color:#6b6b6b;\">DIFFICULT\u00c9<\/h4>\n\t\t\t\t<p style=\"color:#282828;\">59%<\/p>\n\t\t\t  <\/div><div class=\"infobox text-center \">\n\t\t\t\t<div class=\"icon\">\n\t\t\t\t\t<i style=\"color:#fdb713;\" class=\"pe-7s-glasses pe-4x\"><\/i>\n\t\t\t\t<\/div>\n\t\t\t\t<h4 style=\"color:#6b6b6b;\">FOUILLE \/ OBSERVATION<\/h4>\n\t\t\t\t<p style=\"color:#282828;\">58%<\/p>\n\t\t\t  <\/div><div class=\"infobox text-center \">\n\t\t\t\t<div class=\"icon\">\n\t\t\t\t\t<i style=\"color:#fdb713;\" class=\"pe-7s-science pe-4x\"><\/i>\n\t\t\t\t<\/div>\n\t\t\t\t<h4 style=\"color:#6b6b6b;\">ENIGMES \/ DEDUCTION<\/h4>\n\t\t\t\t<p style=\"color:#282828;\">63%<\/p>\n\t\t\t  <\/div>[\/vc_column][vc_column][vc_empty_space][\/vc_column][\/vc_row][vc_row][vc_column][vc_empty_space][vc_column_text]<\/p>\n<div class=\"forescape\" data-subdomain=\"steam-vichy\" data-type=\"bookings\" data-rooms=\"5b583b26e95ae23657d58e24\"><\/div>\n<p><script>!function(e,t){var r=e.createElement(t),a=e.getElementsByTagName(t)[0],n=new Date,s=\"\"+n.getFullYear()+(\"0\"+(n.getMonth()+1)).slice(-2)+(\"0\"+n.getDate()).slice(-2);r.defer=1,r.src=\"https:\/\/steam-vichy.4escape.io\/public\/js\/iframe.min.js?v=\"+s,a.parentNode.insertBefore(r,a)}(document,\"script\");<\/script>[\/vc_column_text][\/vc_column][\/vc_row]<\/p>\n","protected":false},"excerpt":{"rendered":"<p>[vc_row full_width=&#8221;stretch_row&#8221; css=&#8221;.vc_custom_1722357708661{background-color: rgba(255,255,255,0.8) !important;*background-color: rgb(255,255,255) !important;}&#8221;][vc_column width=&#8221;1\/3&#8243;][vc_empty_space][vc_custom_heading text=&#8221;GALERIE&#8221; font_container=&#8221;tag:h3|text_align:center|color:%235b5b5b&#8221; use_theme_fonts=&#8221;yes&#8221;][\/vc_column][vc_column width=&#8221;1\/3&#8243;][vc_empty_space][vc_custom_heading text=&#8221;DESCRIPTION&#8221; font_container=&#8221;tag:h3|text_align:center&#8221; use_theme_fonts=&#8221;yes&#8221;][vc_column_text] Plongez en plein c\u0153ur de la Californie en 1890 ! Vous voil\u00e0 dans le c\u00e9l\u00e8bre saloon de Milton, un endroit o\u00f9 les secrets se murmurent et o\u00f9 les intrigues se nouent. Votre mission ? Aider la Bank Fargo \u00e0 retrouver [&hellip;]<\/p>\n","protected":false},"author":1,"featured_media":0,"parent":0,"menu_order":0,"comment_status":"closed","ping_status":"closed","template":"","meta":{"footnotes":""},"class_list":["post-1294","page","type-page","status-publish","hentry"],"_links":{"self":[{"href":"https:\/\/steamescape.fr\/vichy\/index.php\/wp-json\/wp\/v2\/pages\/1294","targetHints":{"allow":["GET"]}}],"collection":[{"href":"https:\/\/steamescape.fr\/vichy\/index.php\/wp-json\/wp\/v2\/pages"}],"about":[{"href":"https:\/\/steamescape.fr\/vichy\/index.php\/wp-json\/wp\/v2\/types\/page"}],"author":[{"embeddable":true,"href":"https:\/\/steamescape.fr\/vichy\/index.php\/wp-json\/wp\/v2\/users\/1"}],"replies":[{"embeddable":true,"href":"https:\/\/steamescape.fr\/vichy\/index.php\/wp-json\/wp\/v2\/comments?post=1294"}],"version-history":[{"count":7,"href":"https:\/\/steamescape.fr\/vichy\/index.php\/wp-json\/wp\/v2\/pages\/1294\/revisions"}],"predecessor-version":[{"id":1651,"href":"https:\/\/steamescape.fr\/vichy\/index.php\/wp-json\/wp\/v2\/pages\/1294\/revisions\/1651"}],"wp:attachment":[{"href":"https:\/\/steamescape.fr\/vichy\/index.php\/wp-json\/wp\/v2\/media?parent=1294"}],"curies":[{"name":"wp","href":"https:\/\/api.w.org\/{rel}","templated":true}]}}