{"id":6811,"date":"2019-02-05T23:59:28","date_gmt":"2019-02-05T22:59:28","guid":{"rendered":"https:\/\/steamescape.fr\/vichy-escape-game\/enigma-escape-mobile\/"},"modified":"2022-06-03T16:00:41","modified_gmt":"2022-06-03T14:00:41","slug":"enigma-escape-mobile","status":"publish","type":"page","link":"https:\/\/steamescape.fr\/vichy-escape-game\/enigma-escape-mobile\/","title":{"rendered":"Enigma &#8211; Escape Mobile"},"content":{"rendered":"\n<p class=\"has-text-align-center\"><strong>20 \u00e0 60 participants<\/strong><\/p>\n\n\n\n<p>Enigma est une machine ayant servie pour coder les messages allemands lors de la seconde guerre mondiale.<\/p>\n\n\n<div class=\"wp-block-image\">\n<figure class=\"aligncenter size-large is-resized\"><img loading=\"lazy\" decoding=\"async\" src=\"https:\/\/steamescape.fr\/limoges-escape-game\/wp-content\/uploads\/sites\/16\/2019\/02\/escape_mobile-600x600.jpg\" alt=\"\" class=\"wp-image-5944\" width=\"479\" height=\"479\"\/><\/figure>\n<\/div>\n\n\n<p>Nous en avons fait un \u00ab\u00a0Action Game\u00a0\u00bb.<br>Presque un escape game, mais pas tout \u00e0 fait, l&rsquo;action game demande une grande interaction entre les joueurs mais \u00e9galement entre les \u00e9quipes dans le but de r\u00e9aliser un objectif commun en un temps imparti. <\/p>\n\n\n\n<p>Le jeu se d\u00e9roule dans un m\u00eame local pour toutes les \u00e9quipes et nul besoin de trouver la clef pour sortir.<\/p>\n\n\n\n<p>De nombreux m\u00e9canismes diff\u00e9rents, des messages \u00e0 d\u00e9coder, des \u00e9nigmes surprenantes et de nombreux objets \u00e9tranges \u00e0 utiliser.<\/p>\n\n\n\n<figure class=\"wp-block-image size-full\"><img decoding=\"async\" src=\"https:\/\/steamescape.fr\/limoges-escape-game\/wp-content\/uploads\/sites\/16\/2022\/06\/kit-enigma-Copier.jpg\" alt=\"\" class=\"wp-image-7173\"\/><\/figure>\n\n\n\n<p><\/p>\n\n\n\n<p>Les joueurs seront r\u00e9partis en \u00e9quipes, chacune aura pour objectif de retrouver une partie manquante d&rsquo;une machine Enigma avec les diff\u00e9rentes pi\u00e8ces et s&rsquo;en servir pour d\u00e9crypter un message et envoyer une r\u00e9ponse au quartier g\u00e9n\u00e9ral.<br>Nous proposons 2 modes de jeu au choix : Comp\u00e9titif avec classement entre \u00e9quipes, ou coop\u00e9ratif qui permet aux \u00e9quipes ayant termin\u00e9 rapidement d&rsquo;aller aider les \u00e9quipes en difficult\u00e9.<\/p>\n\n\n\n<p>Le tout premier Action Game de la r\u00e9gion d\u00e9velopp\u00e9 par les cr\u00e9ateurs de l&rsquo;entreprise <a href=\"https:\/\/bluekiwa.com\/\">Bluekiwa<\/a> (Cr\u00e9ateurs de missions et m\u00e9canismes d&rsquo;escape game pour de nombreuses enseignes).<\/p>\n\n\n\n<p>Coop\u00e9ration, logique, observation, entraide, challenge personnel, motivation de groupe : L&rsquo;Action Game vous fera d\u00e9couvrir de nouveaux horizons dans le Team building.<\/p>\n\n\n\n<p>Entreprises, collectivit\u00e9s, associations, C.E, soci\u00e9t\u00e9 d&rsquo;\u00e9v\u00e9nementiel&#8230; <br>Nous contacter pour plus d&rsquo;informations et \u00e9tablir un devis.<\/p>\n","protected":false},"excerpt":{"rendered":"<p>20 \u00e0 60 participants Enigma est une machine ayant servie pour coder les messages allemands lors de la seconde guerre mondiale. Nous en avons fait un \u00ab\u00a0Action Game\u00a0\u00bb.Presque un escape game, mais pas tout \u00e0 fait, l&rsquo;action game demande une grande interaction entre les joueurs mais \u00e9galement entre les \u00e9quipes dans le but de r\u00e9aliser [&hellip;]<\/p>\n","protected":false},"author":1,"featured_media":0,"parent":0,"menu_order":0,"comment_status":"closed","ping_status":"closed","template":"","meta":{"footnotes":""},"class_list":["post-6811","page","type-page","status-publish","hentry"],"_links":{"self":[{"href":"https:\/\/steamescape.fr\/vichy-escape-game\/wp-json\/wp\/v2\/pages\/6811","targetHints":{"allow":["GET"]}}],"collection":[{"href":"https:\/\/steamescape.fr\/vichy-escape-game\/wp-json\/wp\/v2\/pages"}],"about":[{"href":"https:\/\/steamescape.fr\/vichy-escape-game\/wp-json\/wp\/v2\/types\/page"}],"author":[{"embeddable":true,"href":"https:\/\/steamescape.fr\/vichy-escape-game\/wp-json\/wp\/v2\/users\/1"}],"replies":[{"embeddable":true,"href":"https:\/\/steamescape.fr\/vichy-escape-game\/wp-json\/wp\/v2\/comments?post=6811"}],"version-history":[{"count":1,"href":"https:\/\/steamescape.fr\/vichy-escape-game\/wp-json\/wp\/v2\/pages\/6811\/revisions"}],"predecessor-version":[{"id":6823,"href":"https:\/\/steamescape.fr\/vichy-escape-game\/wp-json\/wp\/v2\/pages\/6811\/revisions\/6823"}],"wp:attachment":[{"href":"https:\/\/steamescape.fr\/vichy-escape-game\/wp-json\/wp\/v2\/media?parent=6811"}],"curies":[{"name":"wp","href":"https:\/\/api.w.org\/{rel}","templated":true}]}}