{"id":5594,"date":"2019-01-27T16:25:35","date_gmt":"2019-01-27T15:25:35","guid":{"rendered":"http:\/\/steamescape.fr\/crealudis-2\/?page_id=5594"},"modified":"2021-12-23T09:23:44","modified_gmt":"2021-12-23T08:23:44","slug":"bons-cadeaux-escape","status":"publish","type":"page","link":"https:\/\/steamescape.fr\/vichy-escape-game\/bons-cadeaux-escape\/","title":{"rendered":"Bons Cadeaux"},"content":{"rendered":"<p>[vc_row][vc_column][vc_column_text]<\/p>\n<p style=\"text-align: left;\"><img loading=\"lazy\" decoding=\"async\" class=\"size-full wp-image-5627 alignleft\" src=\"https:\/\/steamescape.fr\/vichy-escape-game\/wp-content\/uploads\/sites\/18\/2019\/01\/cadeau.png\" alt=\"\" width=\"273\" height=\"300\" \/>Pour faire plaisir, pensez \u00e0 un cadeau original qui en surprendra plus d&rsquo;un. Offrez une r\u00e9duction, ou une session compl\u00e8te pour une mission dans notre Escape Game.<\/p>\n<p style=\"text-align: left;\">Choisissez votre cadeau, suivez les instructions.<br \/>Apr\u00e8s le paiement Vous pourrez l&rsquo;imprimer ou l&rsquo;envoyer par mail \u00e0 la personne de votre choix.<br \/>Le ch\u00e8que cadeau est valable 1 an et il est non remboursable.<\/p>\n<p>[\/vc_column_text][\/vc_column][\/vc_row][vc_row][vc_column][vc_raw_html]JTNDZGl2JTIwaWQlM0QlMjJmb3Jlc2NhcGUlMjIlMjBkYXRhLXN1YmRvbWFpbiUzRCUyMnN0ZWFtLXZpY2h5JTIyJTIwZGF0YS10eXBlJTNEJTIyc2hvcCUyMiUzRSUzQyUyRmRpdiUzRQ==[\/vc_raw_html][\/vc_column][\/vc_row]<\/p>\n","protected":false},"excerpt":{"rendered":"<p>[vc_row][vc_column][vc_column_text] Pour faire plaisir, pensez \u00e0 un cadeau original qui en surprendra plus d&rsquo;un. Offrez une r\u00e9duction, ou une session compl\u00e8te pour une mission dans notre Escape Game. Choisissez votre cadeau, suivez les instructions.Apr\u00e8s le paiement Vous pourrez l&rsquo;imprimer ou l&rsquo;envoyer par mail \u00e0 la personne de votre choix.Le ch\u00e8que cadeau est valable 1 an [&hellip;]<\/p>\n","protected":false},"author":1,"featured_media":0,"parent":0,"menu_order":0,"comment_status":"closed","ping_status":"closed","template":"","meta":{"footnotes":""},"class_list":["post-5594","page","type-page","status-publish","hentry"],"_links":{"self":[{"href":"https:\/\/steamescape.fr\/vichy-escape-game\/wp-json\/wp\/v2\/pages\/5594","targetHints":{"allow":["GET"]}}],"collection":[{"href":"https:\/\/steamescape.fr\/vichy-escape-game\/wp-json\/wp\/v2\/pages"}],"about":[{"href":"https:\/\/steamescape.fr\/vichy-escape-game\/wp-json\/wp\/v2\/types\/page"}],"author":[{"embeddable":true,"href":"https:\/\/steamescape.fr\/vichy-escape-game\/wp-json\/wp\/v2\/users\/1"}],"replies":[{"embeddable":true,"href":"https:\/\/steamescape.fr\/vichy-escape-game\/wp-json\/wp\/v2\/comments?post=5594"}],"version-history":[{"count":34,"href":"https:\/\/steamescape.fr\/vichy-escape-game\/wp-json\/wp\/v2\/pages\/5594\/revisions"}],"predecessor-version":[{"id":6698,"href":"https:\/\/steamescape.fr\/vichy-escape-game\/wp-json\/wp\/v2\/pages\/5594\/revisions\/6698"}],"wp:attachment":[{"href":"https:\/\/steamescape.fr\/vichy-escape-game\/wp-json\/wp\/v2\/media?parent=5594"}],"curies":[{"name":"wp","href":"https:\/\/api.w.org\/{rel}","templated":true}]}}