{"id":1893,"date":"2013-10-21T21:58:04","date_gmt":"2013-10-21T21:58:04","guid":{"rendered":"http:\/\/steamescape.fr\/steam-escape-game-2\/?page_id=1893"},"modified":"2019-02-13T17:14:40","modified_gmt":"2019-02-13T16:14:40","slug":"consignes","status":"publish","type":"page","link":"https:\/\/steamescape.fr\/vichy-escape-game\/consignes\/","title":{"rendered":"Consignes &#038; Conseils"},"content":{"rendered":"<p>[vc_section][vc_row][vc_column css=\u00a0\u00bb.vc_custom_1550074457763{border-top-width: 2px !important;border-right-width: 2px !important;border-bottom-width: 2px !important;border-left-width: 2px !important;padding-top: 20px !important;padding-right: 20px !important;padding-bottom: 20px !important;padding-left: 20px !important;background-color: rgba(234, 239, 197, 0.65) !important;*background-color: rgba(234,239, 197, 0.65) !important;border-radius: 30px !important;}\u00a0\u00bb][vc_column_text]<\/p>\n<h3><strong>Quelques consignes \u00e0 respecter pour que votre mission se d\u00e9roule sans incident :<\/strong><\/h3>\n<p>[\/vc_column_text][\/vc_column][\/vc_row][vc_row][vc_column width=\u00a0\u00bb1\/4&Prime; css=\u00a0\u00bb.vc_custom_1549812526920{margin-top: 5px !important;margin-right: 5px !important;margin-bottom: 5px !important;margin-left: 5px !important;border-top-width: 2px !important;border-right-width: 2px !important;border-bottom-width: 2px !important;border-left-width: 2px !important;padding-top: 10px !important;padding-right: 10px !important;padding-bottom: 10px !important;padding-left: 10px !important;background-color: rgba(168, 47, 47, 0.52) !important;*background-color: rgba(168,47, 47, 0.52) !important;border-left-color: #000000 !important;border-left-style: solid !important;border-right-color: #000000 !important;border-right-style: solid !important;border-top-color: #000000 !important;border-top-style: solid !important;border-bottom-color: #000000 !important;border-bottom-style: solid !important;border-radius: 10px !important;}\u00a0\u00bb][vc_column_text]<img loading=\"lazy\" decoding=\"async\" class=\"aligncenter size-full wp-image-5259\" src=\"http:\/\/steamescape.fr\/wp-content\/uploads\/sites\/16\/2019\/01\/consignes_ne-pas-toucher_P.png\" alt=\"\" width=\"200\" height=\"200\" \/><\/p>\n<p>\u00c9l\u00e9ment \u00e0 ne pas toucher !<\/p>\n<p>Ce symbole indique un m\u00e9canisme ou objet qui peut \u00eatre fragile ou comporter des \u00e9l\u00e9ments \u00e9lectriques.<br \/>\nIl ne doit pas \u00eatre manipul\u00e9 ou ne fait pas partie du jeu.[\/vc_column_text][\/vc_column][vc_column width=\u00a0\u00bb1\/4&Prime; css=\u00a0\u00bb.vc_custom_1549544364641{margin-top: 5px !important;margin-right: 5px !important;margin-bottom: 5px !important;margin-left: 5px !important;border-top-width: 2px !important;border-right-width: 2px !important;border-bottom-width: 2px !important;border-left-width: 2px !important;padding-top: 10px !important;padding-right: 10px !important;padding-bottom: 10px !important;padding-left: 10px !important;background-color: rgba(168, 47, 47, 0.52) !important;*background-color: rgba(168,47, 47, 0.52) !important;border-left-color: #000000 !important;border-left-style: solid !important;border-right-color: #000000 !important;border-right-style: solid !important;border-top-color: #000000 !important;border-top-style: solid !important;border-bottom-color: #000000 !important;border-bottom-style: solid !important;border-radius: 10px !important;}\u00a0\u00bb][vc_column_text]<img loading=\"lazy\" decoding=\"async\" class=\"aligncenter size-full wp-image-5261\" src=\"http:\/\/steamescape.fr\/wp-content\/uploads\/sites\/16\/2019\/01\/consignes_obstruer-cameras_P.png\" alt=\"\" width=\"200\" height=\"200\" \/><\/p>\n<p>Ne pas obstruer les cam\u00e9ras !<\/p>\n<p>Les cam\u00e9ras sont l\u00e0 pour pouvoir vous aider en cas de besoin.<br \/>\nIl est strictement interdit de les toucher \/ obstruer \/ d\u00e9brancher &#8230;[\/vc_column_text][\/vc_column][vc_column width=\u00a0\u00bb1\/4&Prime; css=\u00a0\u00bb.vc_custom_1549544376378{margin-top: 5px !important;margin-right: 5px !important;margin-bottom: 5px !important;margin-left: 5px !important;border-top-width: 2px !important;border-right-width: 2px !important;border-bottom-width: 2px !important;border-left-width: 2px !important;padding-top: 10px !important;padding-right: 10px !important;padding-bottom: 10px !important;padding-left: 10px !important;background-color: rgba(168, 47, 47, 0.52) !important;*background-color: rgba(168,47, 47, 0.52) !important;border-left-color: #000000 !important;border-left-style: solid !important;border-right-color: #000000 !important;border-right-style: solid !important;border-top-color: #000000 !important;border-top-style: solid !important;border-bottom-color: #000000 !important;border-bottom-style: solid !important;border-radius: 10px !important;}\u00a0\u00bb][vc_column_text]<img loading=\"lazy\" decoding=\"async\" class=\"size-full wp-image-5263 aligncenter\" src=\"http:\/\/steamescape.fr\/wp-content\/uploads\/sites\/16\/2019\/01\/consignes_pas_la_force_P.png\" alt=\"\" width=\"200\" height=\"200\" \/><\/p>\n<p>Ne pas utiliser la force !<\/p>\n<p>Ce n&rsquo;est pas une salle de sport et aucun m\u00e9canisme ne vous demandera d&rsquo;utiliser votre force pour fonctionner \/ s&rsquo;ouvrir.<br \/>\nSeuls les Jedis peuvent utiliser la Force &#8230;[\/vc_column_text][\/vc_column][vc_column width=\u00a0\u00bb1\/4&Prime; css=\u00a0\u00bb.vc_custom_1549544406707{margin: 5px !important;padding: 10px !important;background-color: rgba(168, 47, 47, 0.52) !important;*background-color: rgba(168,47, 47, 0.52) !important;border: 2px solid #000000 !important;border-radius: 10px !important;}\u00a0\u00bb][vc_column_text]<img loading=\"lazy\" decoding=\"async\" class=\"aligncenter size-full wp-image-5233\" src=\"http:\/\/steamescape.fr\/wp-content\/uploads\/sites\/16\/2019\/01\/consignes_pas-de-photos_p_P.png\" alt=\"\" width=\"200\" height=\"200\" \/><\/p>\n<p>Pas de photos !<\/p>\n<p>Les smartphones ou autres appareils de prises de vue sont interdits lors des missions qui doivent rester secr\u00e8tes. Vous pourrez prendre des photos d&rsquo;\u00e9quipe \u00e0 la fin.[\/vc_column_text][\/vc_column][\/vc_row][vc_row][vc_column width=\u00a0\u00bb1\/4&Prime; css=\u00a0\u00bb.vc_custom_1549544494658{margin: 5px !important;padding: 10px !important;background-color: rgba(168, 47, 47, 0.52) !important;*background-color: rgba(168,47, 47, 0.52) !important;border: 2px solid #000000 !important;border-radius: 10px !important;}\u00a0\u00bb][vc_column_text]<img loading=\"lazy\" decoding=\"async\" class=\"aligncenter size-full wp-image-5253\" src=\"http:\/\/steamescape.fr\/wp-content\/uploads\/sites\/16\/2019\/01\/consignes_escalader_P.png\" alt=\"\" width=\"200\" height=\"200\" \/><\/p>\n<p>Ne pas monter sur le mobilier<\/p>\n<p>Aucune \u00e9nigme ne vous demandera de monter sur le mobilier, restez les pieds au sol pour \u00e9viter un accident.[\/vc_column_text][\/vc_column][vc_column width=\u00a0\u00bb1\/4&Prime; css=\u00a0\u00bb.vc_custom_1549544473093{margin: 5px !important;padding: 10px !important;background-color: rgba(168, 47, 47, 0.52) !important;*background-color: rgba(168,47, 47, 0.52) !important;border: 2px solid #000000 !important;border-radius: 10px !important;}\u00a0\u00bb][vc_column_text]<img loading=\"lazy\" decoding=\"async\" class=\"aligncenter size-full wp-image-5255\" src=\"http:\/\/steamescape.fr\/wp-content\/uploads\/sites\/16\/2019\/01\/consignes_exploser-cadenas_P.png\" alt=\"\" width=\"200\" height=\"200\" \/><\/p>\n<p>Ne pas tricher<\/p>\n<p>Vous \u00eates venus pour vous confronter \u00e0 des \u00e9nigmes \/ m\u00e9canismes r\u00e9solvables de mani\u00e8re logique, pas pour montrer vos talents de serrurier crocheteur.[\/vc_column_text][\/vc_column][vc_column width=\u00a0\u00bb1\/4&Prime; css=\u00a0\u00bb.vc_custom_1549544538553{margin: 5px !important;padding: 10px !important;background-color: rgba(168, 47, 47, 0.52) !important;*background-color: rgba(168,47, 47, 0.52) !important;border: 2px solid #000000 !important;border-radius: 10px !important;}\u00a0\u00bb][vc_column_text]<img loading=\"lazy\" decoding=\"async\" class=\"aligncenter size-full wp-image-5231\" src=\"http:\/\/steamescape.fr\/wp-content\/uploads\/sites\/16\/2019\/01\/consignes_pas-casser-mobilier_P.png\" alt=\"\" width=\"200\" height=\"200\" \/><\/p>\n<p>Il n&rsquo;y a rien \u00e0 casser !<\/p>\n<p>De nombreux \u00e9l\u00e9ments de d\u00e9coration participent \u00e0 l&rsquo;immersion, rien \u00e0 casser, d\u00e9chirer, d\u00e9coller &#8230; Vous pouvez laisser votre pied de biche au vestiaire.[\/vc_column_text][\/vc_column][vc_column width=\u00a0\u00bb1\/4&Prime; css=\u00a0\u00bb.vc_custom_1549544449902{margin: 5px !important;padding: 10px !important;background-color: rgba(168, 47, 47, 0.52) !important;*background-color: rgba(168,47, 47, 0.52) !important;border: 2px solid #000000 !important;border-radius: 10px !important;}\u00a0\u00bb][vc_column_text]<img loading=\"lazy\" decoding=\"async\" class=\"size-full wp-image-5257 aligncenter\" src=\"http:\/\/steamescape.fr\/wp-content\/uploads\/sites\/16\/2019\/01\/consignes_ne-pas-soulever_P.png\" alt=\"\" width=\"200\" height=\"200\" \/><\/p>\n<p>Ne pas soulever le mobilier<\/p>\n<p>Les meubles font partie n&rsquo;ont pas \u00e0 \u00eatre d\u00e9plac\u00e9s \/ soulev\u00e9s au risque de vous blesser. Si quelque chose est cach\u00e9 derri\u00e8re, trouvez un autre moyen.[\/vc_column_text][\/vc_column][\/vc_row][\/vc_section][vc_section][vc_row][vc_column css=\u00a0\u00bb.vc_custom_1550074475035{border-top-width: 2px !important;border-right-width: 2px !important;border-bottom-width: 2px !important;border-left-width: 2px !important;padding-top: 20px !important;padding-right: 20px !important;padding-bottom: 20px !important;padding-left: 20px !important;background-color: rgba(234, 239, 197, 0.65) !important;*background-color: rgba(234,239, 197, 0.65) !important;border-radius: 30px !important;}\u00a0\u00bb][vc_column_text]<\/p>\n<h3><strong>Quelques conseils pour r\u00e9ussir efficacement votre mission :<\/strong><\/h3>\n<p>[\/vc_column_text][\/vc_column][\/vc_row][vc_row][vc_column width=\u00a0\u00bb1\/3&Prime; css=\u00a0\u00bb.vc_custom_1549544855031{margin-top: 5px !important;margin-right: 5px !important;margin-bottom: 5px !important;margin-left: 5px !important;border-top-width: 2px !important;border-right-width: 2px !important;border-bottom-width: 2px !important;border-left-width: 2px !important;padding-top: 10px !important;padding-right: 10px !important;padding-bottom: 10px !important;padding-left: 10px !important;background-color: rgba(47, 91, 168, 0.52) !important;*background-color: rgba(47,91, 168, 0.52) !important;border-left-color: #000000 !important;border-left-style: solid !important;border-right-color: #000000 !important;border-right-style: solid !important;border-top-color: #000000 !important;border-top-style: solid !important;border-bottom-color: #000000 !important;border-bottom-style: solid !important;border-radius: 10px !important;}\u00a0\u00bb][vc_column_text]<img loading=\"lazy\" decoding=\"async\" class=\"aligncenter size-full wp-image-5251\" src=\"http:\/\/steamescape.fr\/wp-content\/uploads\/sites\/16\/2019\/01\/consignes_1-cle-1-cadenas_P.png\" alt=\"\" width=\"200\" height=\"200\" \/><\/p>\n<p>1 clef = 1 serrure<\/p>\n<p>Une clef ou un code ne sera utilisable qu&rsquo;une seule fois, ne perdez pas de temps \u00e0 les essayer partout lorsqu&rsquo;ils ont d\u00e9j\u00e0 servi.[\/vc_column_text][\/vc_column][vc_column width=\u00a0\u00bb1\/3&Prime; css=\u00a0\u00bb.vc_custom_1549544865183{margin-top: 5px !important;margin-right: 5px !important;margin-bottom: 5px !important;margin-left: 5px !important;border-top-width: 2px !important;border-right-width: 2px !important;border-bottom-width: 2px !important;border-left-width: 2px !important;padding-top: 10px !important;padding-right: 10px !important;padding-bottom: 10px !important;padding-left: 10px !important;background-color: rgba(47, 91, 168, 0.52) !important;*background-color: rgba(47,91, 168, 0.52) !important;border-left-color: #000000 !important;border-left-style: solid !important;border-right-color: #000000 !important;border-right-style: solid !important;border-top-color: #000000 !important;border-top-style: solid !important;border-bottom-color: #000000 !important;border-bottom-style: solid !important;border-radius: 10px !important;}\u00a0\u00bb][vc_column_text]<img loading=\"lazy\" decoding=\"async\" class=\"aligncenter size-full wp-image-5249\" src=\"http:\/\/steamescape.fr\/wp-content\/uploads\/sites\/16\/2019\/01\/conseils_pas-tous-au-meme-endrroit_P.png\" alt=\"\" width=\"200\" height=\"200\" \/><\/p>\n<p>R\u00e9partissez-vous les t\u00e2ches.<\/p>\n<p>Le temps passe vite et vous serez tous bien occup\u00e9s, alors \u00e9vitez de faire tous ensemble la m\u00eame chose.<br \/>\nFaites confiance aux autres.[\/vc_column_text][\/vc_column][vc_column width=\u00a0\u00bb1\/3&Prime; css=\u00a0\u00bb.vc_custom_1549544755711{margin: 5px !important;padding: 10px !important;background-color: rgba(47, 91, 168, 0.52) !important;*background-color: rgba(47,91, 168, 0.52) !important;border: 2px solid #000000 !important;border-radius: 10px !important;}\u00a0\u00bb][vc_column_text]<img loading=\"lazy\" decoding=\"async\" class=\"aligncenter size-full wp-image-5245\" src=\"http:\/\/steamescape.fr\/wp-content\/uploads\/sites\/16\/2019\/01\/conseils_fouiller_P.png\" alt=\"\" width=\"200\" height=\"200\" \/><\/p>\n<p>Fouillez partout !<\/p>\n<p>Tout est tr\u00e8s bien cach\u00e9, fouillez dans tous les recoins, et lorsque vous \u00eates s\u00fbrs d&rsquo;avoir fouill\u00e9 partout : Recommencez ![\/vc_column_text][\/vc_column][\/vc_row][vc_row][vc_column width=\u00a0\u00bb1\/3&Prime; css=\u00a0\u00bb.vc_custom_1549544789475{margin: 5px !important;padding: 10px !important;background-color: rgba(47, 91, 168, 0.52) !important;*background-color: rgba(47,91, 168, 0.52) !important;border: 2px solid #000000 !important;border-radius: 10px !important;}\u00a0\u00bb][vc_column_text]<img loading=\"lazy\" decoding=\"async\" class=\"aligncenter size-full wp-image-5241\" src=\"http:\/\/steamescape.fr\/wp-content\/uploads\/sites\/16\/2019\/01\/conseils_cooperer_P.png\" alt=\"\" width=\"200\" height=\"200\" \/><\/p>\n<p>Coop\u00e9rez !<\/p>\n<p>Vous ne pourrez r\u00e9ussir que si vous coop\u00e9rez. Travaillez ensemble vous avez tous un point fort, r\u00e9partissez-vous les t\u00e2ches en fonction.[\/vc_column_text][\/vc_column][vc_column width=\u00a0\u00bb1\/3&Prime; css=\u00a0\u00bb.vc_custom_1549544815222{margin: 5px !important;padding: 10px !important;background-color: rgba(47, 91, 168, 0.52) !important;*background-color: rgba(47,91, 168, 0.52) !important;border: 2px solid #000000 !important;border-radius: 10px !important;}\u00a0\u00bb][vc_column_text]<img loading=\"lazy\" decoding=\"async\" class=\"aligncenter size-full wp-image-5239\" src=\"http:\/\/steamescape.fr\/wp-content\/uploads\/sites\/16\/2019\/01\/conseils_competences_P.png\" alt=\"\" width=\"200\" height=\"200\" \/><\/p>\n<p>Utilisez vos comp\u00e9tences<\/p>\n<p>Laissez fouiller ceux qui ne laisseront rien passer et envoyez r\u00e9fl\u00e9chir ceux qui sont plus \u00e0 l&rsquo;aise avec les \u00e9nigmes &#8230;[\/vc_column_text][\/vc_column][vc_column width=\u00a0\u00bb1\/3&Prime; css=\u00a0\u00bb.vc_custom_1549544839804{margin: 5px !important;padding: 10px !important;background-color: rgba(47, 91, 168, 0.52) !important;*background-color: rgba(47,91, 168, 0.52) !important;border: 2px solid #000000 !important;border-radius: 10px !important;}\u00a0\u00bb][vc_column_text]<img loading=\"lazy\" decoding=\"async\" class=\"aligncenter size-full wp-image-5237\" src=\"http:\/\/steamescape.fr\/wp-content\/uploads\/sites\/16\/2019\/01\/conseils_communiquer_P.png\" alt=\"\" width=\"200\" height=\"200\" \/><\/p>\n<p>Communiquez<\/p>\n<p>\u00c9changez r\u00e9guli\u00e8rement entre vous pour savoir o\u00f9 vous en \u00eates et ce qu&rsquo;il reste \u00e0 faire, sur ce que vous avez trouv\u00e9 &#8230;[\/vc_column_text][\/vc_column][\/vc_row][\/vc_section]<\/p>\n","protected":false},"excerpt":{"rendered":"<p>[vc_section][vc_row][vc_column css=\u00a0\u00bb.vc_custom_1550074457763{border-top-width: 2px !important;border-right-width: 2px !important;border-bottom-width: 2px !important;border-left-width: 2px !important;padding-top: 20px !important;padding-right: 20px !important;padding-bottom: 20px !important;padding-left: 20px !important;background-color: rgba(234, 239, 197, 0.65) !important;*background-color: rgba(234,239, 197, 0.65) !important;border-radius: 30px !important;}\u00a0\u00bb][vc_column_text] Quelques consignes \u00e0 respecter pour que votre mission se d\u00e9roule sans incident : [\/vc_column_text][\/vc_column][\/vc_row][vc_row][vc_column width=\u00a0\u00bb1\/4&Prime; css=\u00a0\u00bb.vc_custom_1549812526920{margin-top: 5px !important;margin-right: 5px !important;margin-bottom: 5px !important;margin-left: 5px !important;border-top-width: 2px !important;border-right-width: [&hellip;]<\/p>\n","protected":false},"author":2,"featured_media":0,"parent":0,"menu_order":0,"comment_status":"closed","ping_status":"open","template":"","meta":{"footnotes":""},"class_list":["post-1893","page","type-page","status-publish","hentry"],"_links":{"self":[{"href":"https:\/\/steamescape.fr\/vichy-escape-game\/wp-json\/wp\/v2\/pages\/1893","targetHints":{"allow":["GET"]}}],"collection":[{"href":"https:\/\/steamescape.fr\/vichy-escape-game\/wp-json\/wp\/v2\/pages"}],"about":[{"href":"https:\/\/steamescape.fr\/vichy-escape-game\/wp-json\/wp\/v2\/types\/page"}],"author":[{"embeddable":true,"href":"https:\/\/steamescape.fr\/vichy-escape-game\/wp-json\/wp\/v2\/users\/2"}],"replies":[{"embeddable":true,"href":"https:\/\/steamescape.fr\/vichy-escape-game\/wp-json\/wp\/v2\/comments?post=1893"}],"version-history":[{"count":40,"href":"https:\/\/steamescape.fr\/vichy-escape-game\/wp-json\/wp\/v2\/pages\/1893\/revisions"}],"predecessor-version":[{"id":5967,"href":"https:\/\/steamescape.fr\/vichy-escape-game\/wp-json\/wp\/v2\/pages\/1893\/revisions\/5967"}],"wp:attachment":[{"href":"https:\/\/steamescape.fr\/vichy-escape-game\/wp-json\/wp\/v2\/media?parent=1893"}],"curies":[{"name":"wp","href":"https:\/\/api.w.org\/{rel}","templated":true}]}}