{"id":2917,"date":"2025-05-21T17:24:05","date_gmt":"2025-05-21T15:24:05","guid":{"rendered":"https:\/\/steamescape.fr\/limoges\/?page_id=2917"},"modified":"2025-12-18T08:30:43","modified_gmt":"2025-12-18T07:30:43","slug":"carte-postale","status":"publish","type":"page","link":"https:\/\/steamescape.fr\/limoges\/index.php\/carte-postale\/","title":{"rendered":"Cartes Postales"},"content":{"rendered":"<p>[vc_row awb_type=&#8221;video&#8221; awb_stretch=&#8221;1&#8243; awb_image_background_position=&#8221;50% 50%&#8221; awb_color=&#8221;rgba(10,10,10,0.3)&#8221; awb_parallax=&#8221;scroll&#8221; awb_parallax_speed=&#8221;0.5&#8243; awb_parallax_mobile=&#8221;1&#8243; awb_mouse_parallax=&#8221;1&#8243; awb_mouse_parallax_size=&#8221;30&#8243; awb_mouse_parallax_speed=&#8221;10000&#8243; css=&#8221;.vc_custom_1749056285966{background-color: rgba(226,226,226,0.69) !important;*background-color: rgb(226,226,226) !important;}&#8221; awb_image=&#8221;2909&#8243; awb_video_mp4=&#8221;2667&#8243;][vc_column][vc_empty_space][vc_empty_space][vc_single_image image=&#8221;1919&#8243; img_size=&#8221;large&#8221; alignment=&#8221;center&#8221; css_animation=&#8221;fadeIn&#8221;][vc_empty_space][vc_custom_heading text=&#8221;Besoin d&#8217;un souvenir vraiment unique ?&#8221; font_container=&#8221;tag:h2|text_align:center|color:%23fdb713&#8243; use_theme_fonts=&#8221;yes&#8221; css_animation=&#8221;fadeIn&#8221; el_class=&#8221;img-contour2&#8243;][vc_empty_space][vc_custom_heading text=&#8221;Repartez avec une carte postale de votre aventure !&#8221; font_container=&#8221;tag:h4|text_align:center|color:%230a0000&#8243; use_theme_fonts=&#8221;yes&#8221; css_animation=&#8221;fadeIn&#8221; el_class=&#8221;img-contour2&#8243;][vc_empty_space][vc_empty_space height=&#8221;20px&#8221;][vc_single_image image=&#8221;1919&#8243; img_size=&#8221;large&#8221; alignment=&#8221;center&#8221; css_animation=&#8221;fadeIn&#8221;][vc_empty_space height=&#8221;10px&#8221;][vc_row_inner][vc_column_inner width=&#8221;1\/6&#8243;][vc_empty_space height=&#8221;300px&#8221; el_class=&#8221;hide-on-mobile&#8221;][vc_single_image image=&#8221;2007&#8243; img_size=&#8221;large&#8221; alignment=&#8221;center&#8221; css_animation=&#8221;fadeIn&#8221; el_class=&#8221;hide-on-mobile img-contour2&#8243;][\/vc_column_inner][vc_column_inner width=&#8221;4\/6&#8243;][vc_single_image image=&#8221;2919&#8243; img_size=&#8221;full&#8221; alignment=&#8221;center&#8221; onclick=&#8221;zoom&#8221; css_animation=&#8221;fadeIn&#8221; el_class=&#8221;cadre-image&#8221;][\/vc_column_inner][vc_column_inner width=&#8221;1\/6&#8243;][vc_empty_space height=&#8221;300px&#8221; el_class=&#8221;hide-on-mobile&#8221;][vc_single_image image=&#8221;2009&#8243; img_size=&#8221;large&#8221; alignment=&#8221;center&#8221; css_animation=&#8221;fadeIn&#8221; el_class=&#8221;hide-on-mobile hide-on-mobile img-contour2&#8243;][\/vc_column_inner][\/vc_row_inner][vc_empty_space][\/vc_column][\/vc_row][vc_row full_width=&#8221;stretch_row_content&#8221; css=&#8221;.vc_custom_1749042157813{background-color: rgba(255,255,255,0.8) !important;*background-color: rgb(255,255,255) !important;}&#8221;][vc_column][vc_empty_space][vc_empty_space][vc_single_image image=&#8221;1919&#8243; img_size=&#8221;large&#8221; alignment=&#8221;center&#8221; css_animation=&#8221;fadeIn&#8221;][vc_empty_space][vc_custom_heading text=&#8221;3 cartes postales diff\u00e9rentes !&#8221; font_container=&#8221;tag:h2|text_align:center|color:%23fdb713&#8243; use_theme_fonts=&#8221;yes&#8221; css_animation=&#8221;fadeIn&#8221; el_class=&#8221;img-contour .steampunk-clank&#8221;][vc_empty_space][vc_custom_heading text=&#8221;La Pyramide Rouge&#8221; font_container=&#8221;tag:h4|text_align:center|color:%230a0000&#8243; use_theme_fonts=&#8221;yes&#8221; css_animation=&#8221;none&#8221; el_class=&#8221;img-contour2&#8243;][vc_custom_heading text=&#8221;Les H\u00e9ritiers de Sherlock, Partie 1 et 2&#8243; font_container=&#8221;tag:h4|text_align:center|color:%230a0000&#8243; use_theme_fonts=&#8221;yes&#8221; css_animation=&#8221;none&#8221; el_class=&#8221;img-contour2&#8243;][vc_custom_heading text=&#8221;Le Masque du Samourai&#8221; font_container=&#8221;tag:h4|text_align:center|color:%230a0000&#8243; use_theme_fonts=&#8221;yes&#8221; css_animation=&#8221;none&#8221; el_class=&#8221;img-contour2&#8243;][vc_empty_space][vc_custom_heading text=&#8221;Commandez vos cartes postales lors de votre r\u00e9servation, et r\u00e9cup\u00e9rez-les le jour de votre venue !&#8221; font_container=&#8221;tag:h4|text_align:center|color:%23fdb713&#8243; use_theme_fonts=&#8221;yes&#8221; css_animation=&#8221;none&#8221; el_class=&#8221;img-contour&#8221;][vc_empty_space][vc_btn title=&#8221;Je r\u00e9serve !&#8221; style=&#8221;3d&#8221; color=&#8221;warning&#8221; size=&#8221;lg&#8221; align=&#8221;center&#8221; i_icon_fontawesome=&#8221;fas fa-cogs&#8221; add_icon=&#8221;true&#8221; link=&#8221;url:https%3A%2F%2Fsteamescape.fr%2Flimoges%2Findex.php%2Fles-reservations%2F|title:R%C3%A9server&#8221; el_class=&#8221;img-contour2&#8243;][vc_empty_space][\/vc_column][\/vc_row]<\/p>\n","protected":false},"excerpt":{"rendered":"<p>[vc_row awb_type=&#8221;video&#8221; awb_stretch=&#8221;1&#8243; awb_image_background_position=&#8221;50% 50%&#8221; awb_color=&#8221;rgba(10,10,10,0.3)&#8221; awb_parallax=&#8221;scroll&#8221; awb_parallax_speed=&#8221;0.5&#8243; awb_parallax_mobile=&#8221;1&#8243; awb_mouse_parallax=&#8221;1&#8243; awb_mouse_parallax_size=&#8221;30&#8243; awb_mouse_parallax_speed=&#8221;10000&#8243; css=&#8221;.vc_custom_1749056285966{background-color: rgba(226,226,226,0.69) !important;*background-color: rgb(226,226,226) !important;}&#8221; awb_image=&#8221;2909&#8243; awb_video_mp4=&#8221;2667&#8243;][vc_column][vc_empty_space][vc_empty_space][vc_single_image image=&#8221;1919&#8243; img_size=&#8221;large&#8221; alignment=&#8221;center&#8221; css_animation=&#8221;fadeIn&#8221;][vc_empty_space][vc_custom_heading text=&#8221;Besoin d&#8217;un souvenir vraiment unique ?&#8221; font_container=&#8221;tag:h2|text_align:center|color:%23fdb713&#8243; use_theme_fonts=&#8221;yes&#8221; css_animation=&#8221;fadeIn&#8221; el_class=&#8221;img-contour2&#8243;][vc_empty_space][vc_custom_heading text=&#8221;Repartez avec une carte postale de votre aventure !&#8221; font_container=&#8221;tag:h4|text_align:center|color:%230a0000&#8243; use_theme_fonts=&#8221;yes&#8221; css_animation=&#8221;fadeIn&#8221; el_class=&#8221;img-contour2&#8243;][vc_empty_space][vc_empty_space height=&#8221;20px&#8221;][vc_single_image image=&#8221;1919&#8243; img_size=&#8221;large&#8221; alignment=&#8221;center&#8221; css_animation=&#8221;fadeIn&#8221;][vc_empty_space height=&#8221;10px&#8221;][vc_row_inner][vc_column_inner width=&#8221;1\/6&#8243;][vc_empty_space height=&#8221;300px&#8221; el_class=&#8221;hide-on-mobile&#8221;][vc_single_image [&hellip;]<\/p>\n","protected":false},"author":1,"featured_media":0,"parent":0,"menu_order":0,"comment_status":"closed","ping_status":"closed","template":"","meta":{"footnotes":""},"class_list":["post-2917","page","type-page","status-publish","hentry"],"_links":{"self":[{"href":"https:\/\/steamescape.fr\/limoges\/index.php\/wp-json\/wp\/v2\/pages\/2917","targetHints":{"allow":["GET"]}}],"collection":[{"href":"https:\/\/steamescape.fr\/limoges\/index.php\/wp-json\/wp\/v2\/pages"}],"about":[{"href":"https:\/\/steamescape.fr\/limoges\/index.php\/wp-json\/wp\/v2\/types\/page"}],"author":[{"embeddable":true,"href":"https:\/\/steamescape.fr\/limoges\/index.php\/wp-json\/wp\/v2\/users\/1"}],"replies":[{"embeddable":true,"href":"https:\/\/steamescape.fr\/limoges\/index.php\/wp-json\/wp\/v2\/comments?post=2917"}],"version-history":[{"count":18,"href":"https:\/\/steamescape.fr\/limoges\/index.php\/wp-json\/wp\/v2\/pages\/2917\/revisions"}],"predecessor-version":[{"id":3292,"href":"https:\/\/steamescape.fr\/limoges\/index.php\/wp-json\/wp\/v2\/pages\/2917\/revisions\/3292"}],"wp:attachment":[{"href":"https:\/\/steamescape.fr\/limoges\/index.php\/wp-json\/wp\/v2\/media?parent=2917"}],"curies":[{"name":"wp","href":"https:\/\/api.w.org\/{rel}","templated":true}]}}