{"id":2231,"date":"2024-12-01T11:20:32","date_gmt":"2024-12-01T10:20:32","guid":{"rendered":"https:\/\/steamescape.fr\/limoges\/?page_id=2231"},"modified":"2025-07-21T14:36:20","modified_gmt":"2025-07-21T12:36:20","slug":"sherlock-p2","status":"publish","type":"page","link":"https:\/\/steamescape.fr\/limoges\/index.php\/sherlock-p2\/","title":{"rendered":"Les H\u00e9ritiers de Sherlock &#8211; Partie 2 : l&#8217;Enqu\u00eate"},"content":{"rendered":"<p>[vc_row full_width=&#8221;stretch_row&#8221; css=&#8221;.vc_custom_1713019177121{background-color: rgba(247,247,247,0.8) !important;*background-color: rgb(247,247,247) !important;}&#8221;][vc_column width=&#8221;1\/3&#8243;][vc_empty_space height=&#8221;64&#8243;][vc_custom_heading text=&#8221;GALERIE&#8221; font_container=&#8221;tag:h3|text_align:center|color:%23fdb713&#8243; use_theme_fonts=&#8221;yes&#8221;]<div class=\"infobox text-center \">\n\t\t\t\t<div class=\"icon\">\n\t\t\t\t\t<i style=\"color:#fdb713;\" class=\"pe-7s-users pe-4x\"><\/i>\n\t\t\t\t<\/div>\n\t\t\t\t<h4 style=\"color:#6b6b6b;\">JOUEURS<\/h4>\n\t\t\t\t<p style=\"color:#282828;\">3 A 7<\/p>\n\t\t\t  <\/div>[\/vc_column][vc_column width=&#8221;1\/3&#8243;][vc_empty_space height=&#8221;64&#8243;][vc_custom_heading text=&#8221;DESCRIPTION&#8221; font_container=&#8221;tag:h3|text_align:center|color:%23fdb713&#8243; use_theme_fonts=&#8221;yes&#8221;][vc_column_text]<\/p>\n<p style=\"text-align: center;\"><strong>Cette aventure est la suite directe de la partie 1.\u00a0<\/strong><\/p>\n<p style=\"text-align: center;\"><strong>CETTE SECONDE PARTIE EST UNE ENQU\u00caTE PARSEM\u00c9E DE M\u00c9CANISMES !<\/strong><\/p>\n<p style=\"text-align: center;\"><em>Nous d\u00e9conseillons cette aventure \u00e0 nos aventuriers de moins de 14 ans du fait de sa difficult\u00e9 et des th\u00e8mes abord\u00e9s.\u00a0<\/em><\/p>\n<p>[\/vc_column_text][vc_empty_space height=&#8221;32&#8243;][vc_column_text]<style>#sp-ea-2234 .spcollapsing { height: 0; overflow: hidden; transition-property: height;transition-duration: 300ms;}#sp-ea-2234.sp-easy-accordion>.sp-ea-single {margin-bottom: 10px; border: 1px solid #e2e2e2; }#sp-ea-2234.sp-easy-accordion>.sp-ea-single>.ea-header a {color: #444;}#sp-ea-2234.sp-easy-accordion>.sp-ea-single>.sp-collapse>.ea-body {background: #fff; color: #444;}#sp-ea-2234.sp-easy-accordion>.sp-ea-single {background: #eee;}#sp-ea-2234.sp-easy-accordion>.sp-ea-single>.ea-header a .ea-expand-icon { float: left; color: #444;font-size: 16px;}<\/style><div id=\"sp_easy_accordion-1710631438\"><div id=\"sp-ea-2234\" class=\"sp-ea-one sp-easy-accordion\" data-ea-active=\"ea-click\" data-ea-mode=\"vertical\" data-preloader=\"\" data-scroll-active-item=\"\" data-offset-to-scroll=\"0\"><div class=\"ea-card sp-ea-single\"><h3 class=\"ea-header\"><a class=\"collapsed\" id=\"ea-header-22340\" role=\"button\" data-sptoggle=\"spcollapse\" data-sptarget=\"#collapse22340\" aria-controls=\"collapse22340\" href=\"#\" aria-expanded=\"false\" tabindex=\"0\"><i aria-hidden=\"true\" role=\"presentation\" class=\"ea-expand-icon eap-icon-ea-expand-plus\"><\/i> J'ai d\u00e9j\u00e0 fait la partie 1 ! <\/a><\/h3><div class=\"sp-collapse spcollapse spcollapse\" id=\"collapse22340\" role=\"region\" aria-labelledby=\"ea-header-22340\"> <div class=\"ea-body\"><p data-pm-slice=\"0 0 []\">Suite aux pr\u00e9cieuses informations que vous avez r\u00e9colt\u00e9es lors de votre premi\u00e8re aventure, nous avons envoy\u00e9 le Docteur Watson \u00e0 la recherche de Sherlock. Mais, en franchissant le seuil sa paisible retraite, Watson n\u2019a trouv\u00e9 qu\u2019une myst\u00e9rieuse sc\u00e8ne: une lettre soigneusement r\u00e9dig\u00e9e et la fameuse pipe du d\u00e9tective.<\/p><p>&nbsp;<\/p><p>Il s'av\u00e8re que Sherlock Holmes avait d\u00e9but\u00e9 son enqu\u00eate sur ce sinistre enl\u00e8vement. Les fruits de ses investigations, minutieusement compil\u00e9es, demeurent cach\u00e9es quelque part dans les m\u00e9andres de son appartement.<\/p><p>&nbsp;<\/p><p>Il semblerait que le destin de cette affaire repose d\u00e9sormais entre vos mains. Nous n'avonsd'autre choix que de vous renvoyer chez Sherlock Holmes, dans la nuit du 1 mai 1908, afin de poursuivre son enqu\u00eate et de contrecarrer les plans machiav\u00e9lique de l'esprit criminel pr\u00e9parant ce sinistre enl\u00e8vement. Vous \u00eates notre dernier espoir pour d\u00e9m\u00ealer ce complot qui s'\u00e9paissit \u00e0 chaque instant qui passe. Pr\u00e9parez-vous, car la t\u00e2che s'annonce ardue : l'un des plus impitoyables ennemis de Sherlock, tapi dans l'ombre, est pr\u00eat \u00e0 tout pour faire \u00e9chouer votre mission.<\/p><\/div><\/div><\/div><\/div><\/div>[\/vc_column_text][\/vc_column][vc_column width=&#8221;1\/3&#8243;][vc_empty_space height=&#8221;64&#8243;][vc_custom_heading text=&#8221;EN CHIFFRES &#8230;&#8221; font_container=&#8221;tag:h3|text_align:center|color:%23fdb713&#8243; use_theme_fonts=&#8221;yes&#8221;]<div class=\"infobox text-center \">\n\t\t\t\t<div class=\"icon\">\n\t\t\t\t\t<i style=\"color:#fdb713;\" class=\"pe-7s-gym pe-4x\"><\/i>\n\t\t\t\t<\/div>\n\t\t\t\t<h4 style=\"color:#6b6b6b;\">Difficult\u00e9<\/h4>\n\t\t\t\t<p style=\"color:#282828;\">90 %<\/p>\n\t\t\t  <\/div><div class=\"infobox text-center \">\n\t\t\t\t<div class=\"icon\">\n\t\t\t\t\t<i style=\"color:#fdb713;\" class=\"pe-7s-glasses pe-4x\"><\/i>\n\t\t\t\t<\/div>\n\t\t\t\t<h4 style=\"color:#6b6b6b;\">Fouille\/Observation<\/h4>\n\t\t\t\t<p style=\"color:#282828;\">60%<\/p>\n\t\t\t  <\/div><div class=\"infobox text-center \">\n\t\t\t\t<div class=\"icon\">\n\t\t\t\t\t<i style=\"color:#fdb713;\" class=\"pe-7s-science pe-4x\"><\/i>\n\t\t\t\t<\/div>\n\t\t\t\t<h4 style=\"color:#6b6b6b;\">Enigme\/D\u00e9duction<\/h4>\n\t\t\t\t<p style=\"color:#282828;\">90%<\/p>\n\t\t\t  <\/div>[vc_empty_space][\/vc_column][\/vc_row][vc_row awb_type=&#8221;image&#8221; awb_stretch=&#8221;1&#8243; awb_image_background_position=&#8221;20% 20%&#8221; awb_parallax=&#8221;scroll&#8221; awb_parallax_speed=&#8221;2&#8243; awb_parallax_mobile=&#8221;1&#8243; awb_mouse_parallax=&#8221;1&#8243; awb_mouse_parallax_size=&#8221;30&#8243; awb_mouse_parallax_speed=&#8221;10000&#8243; css=&#8221;.vc_custom_1745137717315{background-position: center !important;background-repeat: no-repeat !important;background-size: cover !important;}&#8221; awb_image=&#8221;1812&#8243;][vc_column width=&#8221;2\/5&#8243; el_class=&#8221;.vc_column_container&#8221;][vc_empty_space height=&#8221;45px&#8221;][vc_custom_heading text=&#8221;Cette mission est pour moi si &#8230;&#8221; font_container=&#8221;tag:h2|text_align:center|color:%23fdb713&#8243; use_theme_fonts=&#8221;yes&#8221;][vc_single_image image=&#8221;1915&#8243; img_size=&#8221;medium&#8221; alignment=&#8221;center&#8221; css_animation=&#8221;fadeIn&#8221;][vc_empty_space height=&#8221;15px&#8221;][vc_custom_heading text=&#8221;&#8230; Je veux une enqu\u00eate passionnante parsem\u00e9e de m\u00e9canismes&#8221; font_container=&#8221;tag:h4|text_align:center|color:%230a0000&#8243; use_theme_fonts=&#8221;yes&#8221; css_animation=&#8221;fadeInDown&#8221;][vc_empty_space height=&#8221;15px&#8221;][vc_custom_heading text=&#8221;&#8230; Je veux profiter de superbes d\u00e9cors immersifs&#8221; font_container=&#8221;tag:h4|text_align:center|color:%230a0000&#8243; use_theme_fonts=&#8221;yes&#8221; css_animation=&#8221;fadeInDown&#8221;][vc_empty_space height=&#8221;15px&#8221;][vc_custom_heading text=&#8221;&#8230; Je veux une histoire haletante et exigeante, digne d&#8217;enqu\u00eateurs tels que vous !&#8221; font_container=&#8221;tag:h4|text_align:center|color:%230a0000&#8243; use_theme_fonts=&#8221;yes&#8221; css_animation=&#8221;fadeInDown&#8221;][vc_empty_space height=&#8221;25px&#8221;][\/vc_column][vc_column width=&#8221;1\/5&#8243;][vc_empty_space height=&#8221;55px&#8221;][vc_single_image image=&#8221;1967&#8243; img_size=&#8221;medium&#8221; alignment=&#8221;center&#8221; css_animation=&#8221;fadeIn&#8221; el_class=&#8221;hide-on-mobile&#8221;][\/vc_column][vc_column width=&#8221;2\/5&#8243;][vc_empty_space height=&#8221;45px&#8221;][vc_custom_heading text=&#8221;Cette mission c&#8217;est &#8230;&#8221; font_container=&#8221;tag:h2|text_align:center|color:%23fdb713&#8243; use_theme_fonts=&#8221;yes&#8221;][vc_single_image image=&#8221;1915&#8243; img_size=&#8221;medium&#8221; alignment=&#8221;center&#8221; css_animation=&#8221;fadeIn&#8221;][vc_empty_space height=&#8221;15px&#8221;][vc_empty_space height=&#8221;15px&#8221;][vc_custom_heading text=&#8221;&#8230; Notre premi\u00e8re enqu\u00eate !&#8221; font_container=&#8221;tag:h4|text_align:center|color:%230a0000&#8243; use_theme_fonts=&#8221;yes&#8221; css_animation=&#8221;fadeInDown&#8221;][vc_empty_space height=&#8221;15px&#8221;][vc_custom_heading text=&#8221;&#8230; Une aventure pour laquelle des technologies uniques au monde ont \u00e9t\u00e9 developp\u00e9es&#8221; font_container=&#8221;tag:h4|text_align:center|color:%230a0000&#8243; use_theme_fonts=&#8221;yes&#8221; css_animation=&#8221;fadeInDown&#8221;][vc_empty_space height=&#8221;15px&#8221;][vc_custom_heading text=&#8221;&#8230; une v\u00e9ritable exp\u00e9rience d&#8217;enqu\u00eateur, pleine de r\u00e9flexion et de rebondissements&#8221; font_container=&#8221;tag:h4|text_align:center|color:%230a0000&#8243; use_theme_fonts=&#8221;yes&#8221; css_animation=&#8221;fadeInDown&#8221;][vc_empty_space height=&#8221;35px&#8221;][\/vc_column][\/vc_row][vc_row awb_type=&#8221;image&#8221; awb_stretch=&#8221;1&#8243; awb_image_background_position=&#8221;20% 20%&#8221; awb_parallax=&#8221;scroll&#8221; awb_parallax_speed=&#8221;2&#8243; awb_parallax_mobile=&#8221;1&#8243; awb_mouse_parallax=&#8221;1&#8243; awb_mouse_parallax_size=&#8221;30&#8243; awb_mouse_parallax_speed=&#8221;10000&#8243; css=&#8221;.vc_custom_1745137778176{background-position: center !important;background-repeat: no-repeat !important;background-size: cover !important;}&#8221; awb_image=&#8221;2800&#8243;][vc_column width=&#8221;1\/6&#8243;][\/vc_column][vc_column width=&#8221;2\/3&#8243;][vc_empty_space height=&#8221;55px&#8221;][vc_empty_space height=&#8221;55px&#8221;][vc_single_image image=&#8221;1915&#8243; img_size=&#8221;full&#8221; alignment=&#8221;center&#8221; css_animation=&#8221;fadeIn&#8221;][vc_empty_space height=&#8221;55px&#8221;][vc_custom_heading text=&#8221;R\u00e9server mon aventure &#8221; font_container=&#8221;tag:h1|text_align:center|color:%23fdb713&#8243; use_theme_fonts=&#8221;yes&#8221;][vc_column_text]<\/p>\n<div class=\"forescape\" data-subdomain=\"steam-limoges\" data-type=\"bookings\" data-rooms=\"678685634941d9d6e0c69426\"><\/div>\n<p><script>!function(e,t){var r=e.createElement(t),a=e.getElementsByTagName(t)[0],n=new Date,s=\"\"+n.getFullYear()+(\"0\"+(n.getMonth()+1)).slice(-2)+(\"0\"+n.getDate()).slice(-2);r.defer=1,r.src=\"https:\/\/steam-limoges.4escape.io\/public\/js\/iframe.min.js?v=\"+s,a.parentNode.insertBefore(r,a)}(document,\"script\");<\/script>[\/vc_column_text][\/vc_column][vc_column width=&#8221;1\/6&#8243;][\/vc_column][vc_column][\/vc_column][\/vc_row][vc_row][vc_column][vc_empty_space height=&#8221;30&#8243;][\/vc_column][\/vc_row]<\/p>\n","protected":false},"excerpt":{"rendered":"<p>[vc_row full_width=&#8221;stretch_row&#8221; css=&#8221;.vc_custom_1713019177121{background-color: rgba(247,247,247,0.8) !important;*background-color: rgb(247,247,247) !important;}&#8221;][vc_column width=&#8221;1\/3&#8243;][vc_empty_space height=&#8221;64&#8243;][vc_custom_heading text=&#8221;GALERIE&#8221; font_container=&#8221;tag:h3|text_align:center|color:%23fdb713&#8243; use_theme_fonts=&#8221;yes&#8221;][\/vc_column][vc_column width=&#8221;1\/3&#8243;][vc_empty_space height=&#8221;64&#8243;][vc_custom_heading text=&#8221;DESCRIPTION&#8221; font_container=&#8221;tag:h3|text_align:center|color:%23fdb713&#8243; use_theme_fonts=&#8221;yes&#8221;][vc_column_text] Cette aventure est la suite directe de la partie 1.\u00a0 CETTE SECONDE PARTIE EST UNE ENQU\u00caTE PARSEM\u00c9E DE M\u00c9CANISMES ! Nous d\u00e9conseillons cette aventure \u00e0 nos aventuriers de moins de 14 ans du fait de sa difficult\u00e9 et [&hellip;]<\/p>\n","protected":false},"author":1,"featured_media":0,"parent":0,"menu_order":0,"comment_status":"closed","ping_status":"closed","template":"page-nosidebar.php","meta":{"footnotes":""},"class_list":["post-2231","page","type-page","status-publish","hentry"],"_links":{"self":[{"href":"https:\/\/steamescape.fr\/limoges\/index.php\/wp-json\/wp\/v2\/pages\/2231","targetHints":{"allow":["GET"]}}],"collection":[{"href":"https:\/\/steamescape.fr\/limoges\/index.php\/wp-json\/wp\/v2\/pages"}],"about":[{"href":"https:\/\/steamescape.fr\/limoges\/index.php\/wp-json\/wp\/v2\/types\/page"}],"author":[{"embeddable":true,"href":"https:\/\/steamescape.fr\/limoges\/index.php\/wp-json\/wp\/v2\/users\/1"}],"replies":[{"embeddable":true,"href":"https:\/\/steamescape.fr\/limoges\/index.php\/wp-json\/wp\/v2\/comments?post=2231"}],"version-history":[{"count":35,"href":"https:\/\/steamescape.fr\/limoges\/index.php\/wp-json\/wp\/v2\/pages\/2231\/revisions"}],"predecessor-version":[{"id":3147,"href":"https:\/\/steamescape.fr\/limoges\/index.php\/wp-json\/wp\/v2\/pages\/2231\/revisions\/3147"}],"wp:attachment":[{"href":"https:\/\/steamescape.fr\/limoges\/index.php\/wp-json\/wp\/v2\/media?parent=2231"}],"curies":[{"name":"wp","href":"https:\/\/api.w.org\/{rel}","templated":true}]}}