{"id":2224,"date":"2024-12-01T08:54:20","date_gmt":"2024-12-01T07:54:20","guid":{"rendered":"https:\/\/steamescape.fr\/limoges\/?page_id=2224"},"modified":"2025-07-21T14:35:04","modified_gmt":"2025-07-21T12:35:04","slug":"sherlock-p1","status":"publish","type":"page","link":"https:\/\/steamescape.fr\/limoges\/index.php\/sherlock-p1\/","title":{"rendered":"Les H\u00e9ritiers de Sherlock &#8211; Partie 1 : l&#8217;Escape"},"content":{"rendered":"<p>[vc_row awb_type=&#8221;video&#8221; awb_stretch=&#8221;1&#8243; awb_image_background_position=&#8221;50% 50%&#8221; awb_parallax=&#8221;scroll-opacity&#8221; awb_parallax_speed=&#8221;0.5&#8243; awb_mouse_parallax=&#8221;1&#8243; awb_mouse_parallax_size=&#8221;30&#8243; awb_mouse_parallax_speed=&#8221;10000&#8243; el_class=&#8221;hide-on-mobile&#8221; awb_video_mp4=&#8221;3113&#8243; awb_image=&#8221;2526&#8243;][vc_column][vc_empty_space height=&#8221;300px&#8221;][vc_custom_heading text=&#8221;Les H\u00e9ritiers de Sherlock &#8211; Partie 1&#8243; font_container=&#8221;tag:h1|text_align:center|color:%23fcf9f2&#8243; use_theme_fonts=&#8221;yes&#8221;][vc_empty_space height=&#8221;300px&#8221;][\/vc_column][\/vc_row][vc_row full_width=&#8221;stretch_row_content_no_spaces&#8221; el_class=&#8221;hide-on-desktop&#8221; css=&#8221;.vc_custom_1750679315806{background-color: rgba(255,255,255,0.79) !important;*background-color: rgb(255,255,255) !important;}&#8221;][vc_column][vc_empty_space height=&#8221;85px&#8221;][vc_column_text]<div id=\"wpfp_25a1c7da71eea082f764ea8f796d85ad\" data-item=\"{&quot;sources&quot;:[{&quot;src&quot;:&quot;https:\\\/\\\/steamescape.fr\\\/limoges\\\/wp-content\\\/uploads\\\/2025\\\/06\\\/Trailer-Sherlock-Holmes.mp4&quot;,&quot;type&quot;:&quot;video\\\/mp4&quot;}],&quot;id&quot;:&quot;11&quot;,&quot;splash&quot;:&quot;https:\\\/\\\/steamescape.fr\\\/limoges\\\/wp-content\\\/uploads\\\/2025\\\/06\\\/Sherlock-Holmes-mp4-image.png&quot;}\" class=\"flowplayer no-brand is-splash is-paused skin-slim no-svg fp-slim fp-edgy\" data-fvautoplay=\"muted\" style=\"position:relative; max-width: 1920px; max-height: 1080px; \" data-ratio=\"0.5625\" data-advance=\"false\" data-player-id=\"11\">\n\t<div class=\"fp-ratio\" style=\"padding-top: 56.25%\"><\/div>\n\t<img decoding=\"async\" class=\"fp-splash\" alt=\"video\" src=\"https:\/\/steamescape.fr\/limoges\/wp-content\/uploads\/2025\/06\/Sherlock-Holmes-mp4-image.png\" style=\"position:absolute;top:0;width:100%\" \/>\n\t<div class=\"fp-ui\"><noscript>Please enable JavaScript<\/noscript><div class=\"fp-play fp-visible\"><svg class=\"fp-play-sharp-fill\" xmlns=\"http:\/\/www.w3.org\/2000\/svg\" viewBox=\"0 0 100 100\"><defs><style>.fp-color-play{opacity:0.65;}.controlbutton{fill:#fff;}<\/style><\/defs><title>play-sharp-fill<\/title><path class=\"fp-color-play\" d=\"M49.9217-.078a50,50,0,1,0,50,50A50.0564,50.0564,0,0,0,49.9217-.078Z\"\/><polygon class=\"controlbutton\" points=\"73.601 50 37.968 70.573 37.968 29.427 73.601 50\" filter=\"url(#f1)\"\/><\/svg><\/div><div class=\"fp-preload\"><b><\/b><b><\/b><b><\/b><b><\/b><\/div><\/div>\n\n<\/div>\n[\/vc_column_text][vc_empty_space height=&#8221;30px&#8221;][\/vc_column][\/vc_row][vc_row full_width=&#8221;stretch_row&#8221; css=&#8221;.vc_custom_1713019177121{background-color: rgba(247,247,247,0.8) !important;*background-color: rgb(247,247,247) !important;}&#8221;][vc_column width=&#8221;1\/3&#8243;][vc_empty_space height=&#8221;64&#8243;][vc_custom_heading text=&#8221;GALERIE&#8221; font_container=&#8221;tag:h3|text_align:center|color:%23fdb713&#8243; use_theme_fonts=&#8221;yes&#8221;]<div class=\"infobox text-center \">\n\t\t\t\t<div class=\"icon\">\n\t\t\t\t\t<i style=\"color:#fdb713;\" class=\"pe-7s-users pe-4x\"><\/i>\n\t\t\t\t<\/div>\n\t\t\t\t<h4 style=\"color:#6b6b6b;\">JOUEURS<\/h4>\n\t\t\t\t<p style=\"color:#282828;\">3 A 7<\/p>\n\t\t\t  <\/div>[\/vc_column][vc_column width=&#8221;1\/3&#8243;][vc_empty_space height=&#8221;64&#8243;][vc_custom_heading text=&#8221;DESCRIPTION&#8221; font_container=&#8221;tag:h3|text_align:center|color:%23fdb713&#8243; use_theme_fonts=&#8221;yes&#8221;][vc_column_text]<\/p>\n<p style=\"text-align: center;\"><strong>Un sinistre enl\u00e8vement menace Londres en cette ann\u00e9e 1908 !<\/strong><\/p>\n<p style=\"text-align: center;\">H\u00e9las, Sherlock Holmes, le plus grand d\u00e9tective de tous les temps, a depuis longtemps remis\u00e9 sa loupe et disparu des rues brumeuses de la capitale. En cette heure critique, seul son g\u00e9nie peut d\u00e9jouer cette machination diabolique.<\/p>\n<p style=\"text-align: center;\">Nous pensons que Holmes a dissimul\u00e9 des indices cruciaux \u00e0 son domicile afin de le retrouver en cas de crise majeure. Ainsi, vous serez transport\u00e9 au 221B Baker Street, le 21 mai 1908. Gr\u00e2ce \u00e0 la coop\u00e9ration de Mrs. Hudson, sa logeuse, vous aurez exactement 60 minutes pour fouiller les lieux et retrouver la trace du d\u00e9tective.<\/p>\n<p style=\"text-align: center;\">Votre qu\u00eate est de la plus haute importance : localisez Sherlock Holmes pour le pr\u00e9venir de l&#8217;imminent danger et ainsi sauver le monde d&#8217;une terrible catastrophe. \u00cates-vous pr\u00eats \u00e0 marcher dans les traces du plus illustre des d\u00e9tectives et \u00e0 d\u00e9jouer un complot qui pourrait alt\u00e9rer le cours de l&#8217;histoire ?<\/p>\n<p>[\/vc_column_text][vc_empty_space height=&#8221;32&#8243;][\/vc_column][vc_column width=&#8221;1\/3&#8243;][vc_empty_space height=&#8221;64&#8243;][vc_custom_heading text=&#8221;EN CHIFFRES &#8230;&#8221; font_container=&#8221;tag:h3|text_align:center|color:%23fdb713&#8243; use_theme_fonts=&#8221;yes&#8221;]<div class=\"infobox text-center \">\n\t\t\t\t<div class=\"icon\">\n\t\t\t\t\t<i style=\"color:#fdb713;\" class=\"pe-7s-gym pe-4x\"><\/i>\n\t\t\t\t<\/div>\n\t\t\t\t<h4 style=\"color:#6b6b6b;\">Difficult\u00e9<\/h4>\n\t\t\t\t<p style=\"color:#282828;\">55%<\/p>\n\t\t\t  <\/div><div class=\"infobox text-center \">\n\t\t\t\t<div class=\"icon\">\n\t\t\t\t\t<i style=\"color:#fdb713;\" class=\"pe-7s-glasses pe-4x\"><\/i>\n\t\t\t\t<\/div>\n\t\t\t\t<h4 style=\"color:#6b6b6b;\">Fouille\/Observation<\/h4>\n\t\t\t\t<p style=\"color:#282828;\">50%<\/p>\n\t\t\t  <\/div><div class=\"infobox text-center \">\n\t\t\t\t<div class=\"icon\">\n\t\t\t\t\t<i style=\"color:#fdb713;\" class=\"pe-7s-science pe-4x\"><\/i>\n\t\t\t\t<\/div>\n\t\t\t\t<h4 style=\"color:#6b6b6b;\">Enigme\/D\u00e9duction<\/h4>\n\t\t\t\t<p style=\"color:#282828;\">70%<\/p>\n\t\t\t  <\/div>[vc_empty_space][\/vc_column][vc_column][vc_column_text]<style>#sp-ea-2275 .spcollapsing { height: 0; overflow: hidden; transition-property: height;transition-duration: 300ms;}#sp-ea-2275.sp-easy-accordion>.sp-ea-single {margin-bottom: 10px; border: 1px solid #e2e2e2; }#sp-ea-2275.sp-easy-accordion>.sp-ea-single>.ea-header a {color: #444;}#sp-ea-2275.sp-easy-accordion>.sp-ea-single>.sp-collapse>.ea-body {background: #fff; color: #444;}#sp-ea-2275.sp-easy-accordion>.sp-ea-single {background: #eee;}#sp-ea-2275.sp-easy-accordion>.sp-ea-single>.ea-header a .ea-expand-icon { float: left; color: #444;font-size: 16px;}<\/style><div id=\"sp_easy_accordion-1710631438\"><div id=\"sp-ea-2275\" class=\"sp-ea-one sp-easy-accordion\" data-ea-active=\"ea-click\" data-ea-mode=\"vertical\" data-preloader=\"\" data-scroll-active-item=\"\" data-offset-to-scroll=\"0\"><div class=\"ea-card sp-ea-single\"><h3 class=\"ea-header\"><a class=\"collapsed\" id=\"ea-header-22750\" role=\"button\" data-sptoggle=\"spcollapse\" data-sptarget=\"#collapse22750\" aria-controls=\"collapse22750\" href=\"#\" aria-expanded=\"false\" tabindex=\"0\"><i aria-hidden=\"true\" role=\"presentation\" class=\"ea-expand-icon eap-icon-ea-expand-plus\"><\/i> Pourquoi 2 parties ? <\/a><\/h3><div class=\"sp-collapse spcollapse spcollapse\" id=\"collapse22750\" role=\"region\" aria-labelledby=\"ea-header-22750\"> <div class=\"ea-body\"><p data-pm-slice=\"0 0 []\">\"Les H\u00e9ritiers de Sherlock\" est notre mission la plus complexe. Le nombre d'\u00e9nigmes et de m\u00e9canismes permet de proposer aux aventuriers audacieux deux missions dans la m\u00eame salle ! L\u00e0 o\u00f9 la premi\u00e8re partie propose un escape game \"classique\", la seconde partie vous m\u00e8nera sur une enqu\u00eate passionnantes m\u00e2tin\u00e9e de m\u00e9canismes surprenants.<\/p><\/div><\/div><\/div><div class=\"ea-card sp-ea-single\"><h3 class=\"ea-header\"><a class=\"collapsed\" id=\"ea-header-22751\" role=\"button\" data-sptoggle=\"spcollapse\" data-sptarget=\"#collapse22751\" aria-controls=\"collapse22751\" href=\"#\" aria-expanded=\"false\" tabindex=\"0\"><i aria-hidden=\"true\" role=\"presentation\" class=\"ea-expand-icon eap-icon-ea-expand-plus\"><\/i> Puis-je encha\u00eener les deux aventures ?<\/a><\/h3><div class=\"sp-collapse spcollapse spcollapse\" id=\"collapse22751\" role=\"region\" aria-labelledby=\"ea-header-22751\"> <div class=\"ea-body\"><p>Bien entendu! Vous pouvez r\u00e9server pour deux d\u00e9parts en mission qui se suivent afin de vivre une exp\u00e9rience unique et passionnante ! Nous diminuerons au maximum le temps d'attente entre les deux aventures : une fois la premi\u00e8re termin\u00e9e, une petite pause de quelques minutes s'imposera avant de vous renvoyer pour la suite de votre mission.<\/p><\/div><\/div><\/div><div class=\"ea-card sp-ea-single\"><h3 class=\"ea-header\"><a class=\"collapsed\" id=\"ea-header-22752\" role=\"button\" data-sptoggle=\"spcollapse\" data-sptarget=\"#collapse22752\" aria-controls=\"collapse22752\" href=\"#\" aria-expanded=\"false\" tabindex=\"0\"><i aria-hidden=\"true\" role=\"presentation\" class=\"ea-expand-icon eap-icon-ea-expand-plus\"><\/i> Je peux faire juste la Partie 1 ?<\/a><\/h3><div class=\"sp-collapse spcollapse spcollapse\" id=\"collapse22752\" role=\"region\" aria-labelledby=\"ea-header-22752\"> <div class=\"ea-body\"><p>Bien s\u00fbr ! La Partie 1 est un escape avec un d\u00e9but et une fin. Vous serez pleinement satisfait en terminant votre aventure ! Mais vous risquez d'avoir envie d'\u00e9lucider certains myst\u00e8res en Partie 2....<\/p><\/div><\/div><\/div><div class=\"ea-card sp-ea-single\"><h3 class=\"ea-header\"><a class=\"collapsed\" id=\"ea-header-22753\" role=\"button\" data-sptoggle=\"spcollapse\" data-sptarget=\"#collapse22753\" aria-controls=\"collapse22753\" href=\"#\" aria-expanded=\"false\" tabindex=\"0\"><i aria-hidden=\"true\" role=\"presentation\" class=\"ea-expand-icon eap-icon-ea-expand-plus\"><\/i> Puis-je faire la partie 2 avant la partie 1 ?<\/a><\/h3><div class=\"sp-collapse spcollapse spcollapse\" id=\"collapse22753\" role=\"region\" aria-labelledby=\"ea-header-22753\"> <div class=\"ea-body\"><p>Nous vous recommandons tr\u00e8s fortement d'avoir d\u00e9j\u00e0 fait la partie 1. Les deux aventures se suivent, et vous risquez d'\u00eatre perdu en ne faisant qu'une seule des deux aventures !<\/p><\/div><\/div><\/div><\/div><\/div>[\/vc_column_text][vc_empty_space height=&#8221;32&#8243;][\/vc_column][\/vc_row][vc_row full_width=&#8221;stretch_row_content_no_spaces&#8221; el_class=&#8221;hide-on-mobile&#8221; css=&#8221;.vc_custom_1750757873713{background-color: rgba(255,255,255,0.79) !important;*background-color: rgb(255,255,255) !important;}&#8221;][vc_column][vc_empty_space height=&#8221;85px&#8221;][vc_column_text]<div id=\"wpfp_de0a68aaa34f1e3b5d7176dc62f6f7e6\" data-item=\"{&quot;sources&quot;:[{&quot;src&quot;:&quot;https:\\\/\\\/steamescape.fr\\\/limoges\\\/wp-content\\\/uploads\\\/2025\\\/06\\\/Trailer-Sherlock-Holmes.mp4&quot;,&quot;type&quot;:&quot;video\\\/mp4&quot;}],&quot;id&quot;:&quot;11&quot;,&quot;splash&quot;:&quot;https:\\\/\\\/steamescape.fr\\\/limoges\\\/wp-content\\\/uploads\\\/2025\\\/06\\\/Sherlock-Holmes-mp4-image.png&quot;}\" class=\"flowplayer no-brand is-splash is-paused skin-slim no-svg fp-slim fp-edgy\" data-fvautoplay=\"muted\" style=\"position:relative; max-width: 1920px; max-height: 1080px; \" data-ratio=\"0.5625\" data-advance=\"false\" data-player-id=\"11\">\n\t<div class=\"fp-ratio\" style=\"padding-top: 56.25%\"><\/div>\n\t<img decoding=\"async\" class=\"fp-splash\" alt=\"video\" src=\"https:\/\/steamescape.fr\/limoges\/wp-content\/uploads\/2025\/06\/Sherlock-Holmes-mp4-image.png\" style=\"position:absolute;top:0;width:100%\" \/>\n\t<div class=\"fp-ui\"><noscript>Please enable JavaScript<\/noscript><div class=\"fp-play fp-visible\"><svg class=\"fp-play-sharp-fill\" xmlns=\"http:\/\/www.w3.org\/2000\/svg\" viewBox=\"0 0 100 100\"><defs><style>.fp-color-play{opacity:0.65;}.controlbutton{fill:#fff;}<\/style><\/defs><title>play-sharp-fill<\/title><path class=\"fp-color-play\" d=\"M49.9217-.078a50,50,0,1,0,50,50A50.0564,50.0564,0,0,0,49.9217-.078Z\"\/><polygon class=\"controlbutton\" points=\"73.601 50 37.968 70.573 37.968 29.427 73.601 50\" filter=\"url(#f1)\"\/><\/svg><\/div><div class=\"fp-preload\"><b><\/b><b><\/b><b><\/b><b><\/b><\/div><\/div>\n\n<\/div>\n[\/vc_column_text][vc_empty_space height=&#8221;30px&#8221;][\/vc_column][\/vc_row][vc_row awb_type=&#8221;image&#8221; awb_stretch=&#8221;1&#8243; awb_image_background_position=&#8221;20% 20%&#8221; awb_parallax=&#8221;scroll&#8221; awb_parallax_speed=&#8221;2&#8243; awb_parallax_mobile=&#8221;1&#8243; awb_mouse_parallax=&#8221;1&#8243; awb_mouse_parallax_size=&#8221;30&#8243; awb_mouse_parallax_speed=&#8221;10000&#8243; css=&#8221;.vc_custom_1745137866061{background-position: center !important;background-repeat: no-repeat !important;background-size: cover !important;}&#8221; awb_image=&#8221;1812&#8243;][vc_column width=&#8221;2\/5&#8243; el_class=&#8221;.vc_column_container&#8221;][vc_empty_space height=&#8221;45px&#8221;][vc_empty_space height=&#8221;45px&#8221;][vc_custom_heading text=&#8221;Cette mission est pour moi si &#8230;&#8221; font_container=&#8221;tag:h2|text_align:center|color:%23fdb713&#8243; use_theme_fonts=&#8221;yes&#8221;][vc_single_image image=&#8221;1915&#8243; img_size=&#8221;medium&#8221; alignment=&#8221;center&#8221; css_animation=&#8221;fadeIn&#8221;][vc_empty_space height=&#8221;15px&#8221;][vc_custom_heading text=&#8221;&#8230; Je veux un grand nombre de m\u00e9canismes originaux&#8221; font_container=&#8221;tag:h4|text_align:center|color:%230a0000&#8243; use_theme_fonts=&#8221;yes&#8221; css_animation=&#8221;fadeInDown&#8221;][vc_empty_space height=&#8221;15px&#8221;][vc_custom_heading text=&#8221;&#8230; Je veux profiter de superbes d\u00e9cors immersifs&#8221; font_container=&#8221;tag:h4|text_align:center|color:%230a0000&#8243; use_theme_fonts=&#8221;yes&#8221; css_animation=&#8221;fadeInDown&#8221;][vc_empty_space height=&#8221;15px&#8221;][vc_custom_heading text=&#8221;&#8230; Je veux des passages secrets surprenants&#8221; font_container=&#8221;tag:h4|text_align:center|color:%230a0000&#8243; use_theme_fonts=&#8221;yes&#8221; css_animation=&#8221;fadeInDown&#8221;][vc_empty_space height=&#8221;25px&#8221;][vc_custom_heading text=&#8221;&#8230; Je veux jouer au frais cet \u00e9t\u00e9 !&#8221; font_container=&#8221;tag:h4|text_align:center|color:%230a0000&#8243; use_theme_fonts=&#8221;yes&#8221; css_animation=&#8221;fadeInDown&#8221;][vc_empty_space height=&#8221;25px&#8221;][\/vc_column][vc_column width=&#8221;1\/5&#8243;][vc_empty_space height=&#8221;55px&#8221;][vc_empty_space height=&#8221;55px&#8221;][vc_empty_space height=&#8221;45px&#8221; el_class=&#8221;hide-on-mobile&#8221;][vc_single_image image=&#8221;1967&#8243; img_size=&#8221;medium&#8221; alignment=&#8221;center&#8221; css_animation=&#8221;fadeIn&#8221; el_class=&#8221;hide-on-mobile&#8221;][\/vc_column][vc_column width=&#8221;2\/5&#8243;][vc_empty_space height=&#8221;45px&#8221;][vc_empty_space height=&#8221;45px&#8221;][vc_custom_heading text=&#8221;Cette mission c&#8217;est &#8230;&#8221; font_container=&#8221;tag:h2|text_align:center|color:%23fdb713&#8243; use_theme_fonts=&#8221;yes&#8221;][vc_single_image image=&#8221;1915&#8243; img_size=&#8221;medium&#8221; alignment=&#8221;center&#8221; css_animation=&#8221;fadeIn&#8221;][vc_empty_space height=&#8221;15px&#8221;][vc_empty_space height=&#8221;15px&#8221;][vc_custom_heading text=&#8221;&#8230; La premi\u00e8re \u00e0 proposer une histoire se d\u00e9roulant en deux parties !&#8221; font_container=&#8221;tag:h4|text_align:center|color:%230a0000&#8243; use_theme_fonts=&#8221;yes&#8221; css_animation=&#8221;fadeInDown&#8221;][vc_empty_space height=&#8221;15px&#8221;][vc_custom_heading text=&#8221;&#8230; Une aventure pour laquelle des technologies uniques au monde ont \u00e9t\u00e9 developp\u00e9es&#8221; font_container=&#8221;tag:h4|text_align:center|color:%230a0000&#8243; use_theme_fonts=&#8221;yes&#8221; css_animation=&#8221;fadeInDown&#8221;][vc_empty_space height=&#8221;15px&#8221;][vc_custom_heading text=&#8221;&#8230; Notre aventure la plus ambitieuse techniquement, avec un nombre de m\u00e9canismes in\u00e9gal\u00e9&#8221; font_container=&#8221;tag:h4|text_align:center|color:%230a0000&#8243; use_theme_fonts=&#8221;yes&#8221; css_animation=&#8221;fadeInDown&#8221;][vc_empty_space height=&#8221;35px&#8221;][\/vc_column][\/vc_row][vc_row awb_type=&#8221;image&#8221; awb_stretch=&#8221;1&#8243; awb_image_background_position=&#8221;20% 20%&#8221; awb_color=&#8221;rgba(255,255,255,0.49)&#8221; awb_parallax=&#8221;scroll&#8221; awb_parallax_speed=&#8221;2&#8243; awb_parallax_mobile=&#8221;1&#8243; awb_mouse_parallax=&#8221;1&#8243; awb_mouse_parallax_size=&#8221;30&#8243; awb_mouse_parallax_speed=&#8221;10000&#8243; css=&#8221;.vc_custom_1751058412506{background-position: center !important;background-repeat: no-repeat !important;background-size: cover !important;}&#8221; awb_image=&#8221;2800&#8243;][vc_column width=&#8221;1\/6&#8243;][\/vc_column][vc_column width=&#8221;2\/3&#8243;][vc_empty_space height=&#8221;55px&#8221;][vc_empty_space height=&#8221;55px&#8221;][vc_single_image image=&#8221;1915&#8243; img_size=&#8221;full&#8221; alignment=&#8221;center&#8221; css_animation=&#8221;fadeIn&#8221;][vc_empty_space height=&#8221;55px&#8221;][vc_custom_heading text=&#8221;R\u00e9server mon aventure&#8221; font_container=&#8221;tag:h1|text_align:center|color:%23fcf9f2&#8243; use_theme_fonts=&#8221;yes&#8221;][vc_column_text]<\/p>\n<div class=\"forescape\" data-subdomain=\"steam-limoges\" data-type=\"bookings\" data-rooms=\"674c6930b8bae4abffd95dad\"><\/div>\n<p><script>!function(e,t){var r=e.createElement(t),a=e.getElementsByTagName(t)[0],n=new Date,s=\"\"+n.getFullYear()+(\"0\"+(n.getMonth()+1)).slice(-2)+(\"0\"+n.getDate()).slice(-2);r.defer=1,r.src=\"https:\/\/steam-limoges.4escape.io\/public\/js\/iframe.min.js?v=\"+s,a.parentNode.insertBefore(r,a)}(document,\"script\");<\/script>[\/vc_column_text][\/vc_column][vc_column width=&#8221;1\/6&#8243;][\/vc_column][vc_column][\/vc_column][\/vc_row][vc_row][vc_column][vc_empty_space height=&#8221;30&#8243;][\/vc_column][\/vc_row]<\/p>\n","protected":false},"excerpt":{"rendered":"<p>[vc_row awb_type=&#8221;video&#8221; awb_stretch=&#8221;1&#8243; awb_image_background_position=&#8221;50% 50%&#8221; awb_parallax=&#8221;scroll-opacity&#8221; awb_parallax_speed=&#8221;0.5&#8243; awb_mouse_parallax=&#8221;1&#8243; awb_mouse_parallax_size=&#8221;30&#8243; awb_mouse_parallax_speed=&#8221;10000&#8243; el_class=&#8221;hide-on-mobile&#8221; awb_video_mp4=&#8221;3113&#8243; awb_image=&#8221;2526&#8243;][vc_column][vc_empty_space height=&#8221;300px&#8221;][vc_custom_heading text=&#8221;Les H\u00e9ritiers de Sherlock &#8211; Partie 1&#8243; font_container=&#8221;tag:h1|text_align:center|color:%23fcf9f2&#8243; use_theme_fonts=&#8221;yes&#8221;][vc_empty_space height=&#8221;300px&#8221;][\/vc_column][\/vc_row][vc_row full_width=&#8221;stretch_row_content_no_spaces&#8221; el_class=&#8221;hide-on-desktop&#8221; css=&#8221;.vc_custom_1750679315806{background-color: rgba(255,255,255,0.79) !important;*background-color: rgb(255,255,255) !important;}&#8221;][vc_column][vc_empty_space height=&#8221;85px&#8221;][vc_column_text][\/vc_column_text][vc_empty_space height=&#8221;30px&#8221;][\/vc_column][\/vc_row][vc_row full_width=&#8221;stretch_row&#8221; css=&#8221;.vc_custom_1713019177121{background-color: rgba(247,247,247,0.8) !important;*background-color: rgb(247,247,247) !important;}&#8221;][vc_column width=&#8221;1\/3&#8243;][vc_empty_space height=&#8221;64&#8243;][vc_custom_heading text=&#8221;GALERIE&#8221; font_container=&#8221;tag:h3|text_align:center|color:%23fdb713&#8243; use_theme_fonts=&#8221;yes&#8221;][\/vc_column][vc_column width=&#8221;1\/3&#8243;][vc_empty_space height=&#8221;64&#8243;][vc_custom_heading text=&#8221;DESCRIPTION&#8221; font_container=&#8221;tag:h3|text_align:center|color:%23fdb713&#8243; use_theme_fonts=&#8221;yes&#8221;][vc_column_text] Un sinistre enl\u00e8vement menace Londres en [&hellip;]<\/p>\n","protected":false},"author":1,"featured_media":3114,"parent":0,"menu_order":0,"comment_status":"closed","ping_status":"closed","template":"page-nosidebar.php","meta":{"footnotes":""},"class_list":["post-2224","page","type-page","status-publish","has-post-thumbnail","hentry"],"_links":{"self":[{"href":"https:\/\/steamescape.fr\/limoges\/index.php\/wp-json\/wp\/v2\/pages\/2224","targetHints":{"allow":["GET"]}}],"collection":[{"href":"https:\/\/steamescape.fr\/limoges\/index.php\/wp-json\/wp\/v2\/pages"}],"about":[{"href":"https:\/\/steamescape.fr\/limoges\/index.php\/wp-json\/wp\/v2\/types\/page"}],"author":[{"embeddable":true,"href":"https:\/\/steamescape.fr\/limoges\/index.php\/wp-json\/wp\/v2\/users\/1"}],"replies":[{"embeddable":true,"href":"https:\/\/steamescape.fr\/limoges\/index.php\/wp-json\/wp\/v2\/comments?post=2224"}],"version-history":[{"count":29,"href":"https:\/\/steamescape.fr\/limoges\/index.php\/wp-json\/wp\/v2\/pages\/2224\/revisions"}],"predecessor-version":[{"id":2801,"href":"https:\/\/steamescape.fr\/limoges\/index.php\/wp-json\/wp\/v2\/pages\/2224\/revisions\/2801"}],"wp:featuredmedia":[{"embeddable":true,"href":"https:\/\/steamescape.fr\/limoges\/index.php\/wp-json\/wp\/v2\/media\/3114"}],"wp:attachment":[{"href":"https:\/\/steamescape.fr\/limoges\/index.php\/wp-json\/wp\/v2\/media?parent=2224"}],"curies":[{"name":"wp","href":"https:\/\/api.w.org\/{rel}","templated":true}]}}