{"id":1662,"date":"2024-04-14T22:13:44","date_gmt":"2024-04-14T20:13:44","guid":{"rendered":"https:\/\/steamescape.fr\/limoges\/?page_id=1662"},"modified":"2025-12-17T15:03:38","modified_gmt":"2025-12-17T14:03:38","slug":"pierre-phi","status":"publish","type":"page","link":"https:\/\/steamescape.fr\/limoges\/index.php\/pierre-phi\/","title":{"rendered":"La Pierre Philosophale"},"content":{"rendered":"<p>[vc_row awb_type=&#8221;video&#8221; awb_stretch=&#8221;1&#8243; awb_image_background_position=&#8221;50% 50%&#8221; awb_parallax=&#8221;scroll-opacity&#8221; awb_parallax_speed=&#8221;0.5&#8243; awb_mouse_parallax=&#8221;1&#8243; awb_mouse_parallax_size=&#8221;30&#8243; awb_mouse_parallax_speed=&#8221;10000&#8243; el_class=&#8221;hide-on-mobile&#8221; awb_video_mp4=&#8221;3101&#8243; awb_image=&#8221;1127&#8243;][vc_column][vc_empty_space height=&#8221;300px&#8221;][vc_custom_heading text=&#8221;La Pierre Philosophale&#8221; font_container=&#8221;tag:h1|text_align:center|color:%23fcf9f2&#8243; use_theme_fonts=&#8221;yes&#8221;][vc_empty_space height=&#8221;300px&#8221;][\/vc_column][\/vc_row][vc_row full_width=&#8221;stretch_row_content_no_spaces&#8221; el_class=&#8221;hide-on-desktop&#8221; css=&#8221;.vc_custom_1750679315806{background-color: rgba(255,255,255,0.79) !important;*background-color: rgb(255,255,255) !important;}&#8221;][vc_column][vc_empty_space height=&#8221;85px&#8221;][vc_column_text]<div id=\"wpfp_4227aa6abdb1efaaa8b78358ffb7772f\" data-item=\"{&quot;sources&quot;:[{&quot;src&quot;:&quot;https:\\\/\\\/steamescape.fr\\\/limoges\\\/wp-content\\\/uploads\\\/2025\\\/06\\\/Pierre-Philosophale.mp4&quot;,&quot;type&quot;:&quot;video\\\/mp4&quot;}],&quot;id&quot;:&quot;5&quot;,&quot;splash&quot;:&quot;https:\\\/\\\/steamescape.fr\\\/limoges\\\/wp-content\\\/uploads\\\/2025\\\/06\\\/Pierre-Philosophale-mp4-image.png&quot;}\" class=\"flowplayer no-brand is-splash is-paused skin-slim no-svg fp-slim fp-edgy\" data-fvautoplay=\"muted\" style=\"position:relative; max-width: 1920px; max-height: 1080px; \" data-ratio=\"0.5625\" data-advance=\"false\" data-player-id=\"5\">\n\t<div class=\"fp-ratio\" style=\"padding-top: 56.25%\"><\/div>\n\t<img decoding=\"async\" class=\"fp-splash\" alt=\"video\" src=\"https:\/\/steamescape.fr\/limoges\/wp-content\/uploads\/2025\/06\/Pierre-Philosophale-mp4-image.png\" style=\"position:absolute;top:0;width:100%\" \/>\n\t<div class=\"fp-ui\"><noscript>Please enable JavaScript<\/noscript><div class=\"fp-play fp-visible\"><svg class=\"fp-play-sharp-fill\" xmlns=\"http:\/\/www.w3.org\/2000\/svg\" viewBox=\"0 0 100 100\"><defs><style>.fp-color-play{opacity:0.65;}.controlbutton{fill:#fff;}<\/style><\/defs><title>play-sharp-fill<\/title><path class=\"fp-color-play\" d=\"M49.9217-.078a50,50,0,1,0,50,50A50.0564,50.0564,0,0,0,49.9217-.078Z\"\/><polygon class=\"controlbutton\" points=\"73.601 50 37.968 70.573 37.968 29.427 73.601 50\" filter=\"url(#f1)\"\/><\/svg><\/div><div class=\"fp-preload\"><b><\/b><b><\/b><b><\/b><b><\/b><\/div><\/div>\n\n<\/div>\n[\/vc_column_text][vc_empty_space height=&#8221;30px&#8221;][\/vc_column][\/vc_row][vc_row full_width=&#8221;stretch_row&#8221; css=&#8221;.vc_custom_1713019177121{background-color: rgba(247,247,247,0.8) !important;*background-color: rgb(247,247,247) !important;}&#8221;][vc_column width=&#8221;1\/3&#8243;][vc_empty_space height=&#8221;64px&#8221;][vc_custom_heading text=&#8221;GALERIE&#8221; font_container=&#8221;tag:h3|text_align:center|color:%23fdb713&#8243; use_theme_fonts=&#8221;yes&#8221;]<div class=\"infobox text-center \">\n\t\t\t\t<div class=\"icon\">\n\t\t\t\t\t<i style=\"color:#fdb713;\" class=\"pe-7s-users pe-4x\"><\/i>\n\t\t\t\t<\/div>\n\t\t\t\t<h4 style=\"color:#6b6b6b;\">JOUEURS<\/h4>\n\t\t\t\t<p style=\"color:#282828;\">2 \u00e0 3<\/p>\n\t\t\t  <\/div>[\/vc_column][vc_column width=&#8221;1\/3&#8243;][vc_empty_space height=&#8221;64px&#8221;][vc_custom_heading text=&#8221;DESCRIPTION&#8221; font_container=&#8221;tag:h3|text_align:center|color:%23fdb713&#8243; use_theme_fonts=&#8221;yes&#8221;][vc_column_text]<\/p>\n<p style=\"text-align: center;\"><strong>Embarquez pour une aventure unique \u00e0 travers le temps !<\/strong><\/p>\n<p style=\"text-align: center;\">Nos rivaux, la soci\u00e9t\u00e9 Had\u00e8s Corp., ont r\u00e9ussi \u00e0 s&#8217;emparer d&#8217;un artefact inestimable : le coffre mill\u00e9naire renfermant la l\u00e9gendaire Pierre Philosophale. Mais la s\u00e9curit\u00e9 de ce coffre est telle qu&#8217;il ne peut \u00eatre ouvert que par trois cl\u00e9s myst\u00e9rieusement dispers\u00e9es \u00e0 travers le temps.<\/p>\n<p style=\"text-align: center;\">Plus le choix pour \u00e9viter la fin du monde : nous devons vous envoyons voyager \u00e0 travers les \u00e9poques pour retrouver chaque cl\u00e9 et d\u00e9verrouiller le coffre avant qu&#8217;il ne soit trop tard !<\/p>\n<p style=\"text-align: center;\">\u00cates-vous pr\u00eats \u00e0 relever le d\u00e9fi et \u00e0 voyager dans le temps ? Mettez \u00e0 l&#8217;\u00e9preuve votre intellect et emp\u00eacher Had\u00e8s Corp. de r\u00e9aliser leurs sombres desseins !<\/p>\n<p>[\/vc_column_text][vc_empty_space][vc_column_text]<\/p>\n<p style=\"text-align: center;\"><strong>Attention ! Cette salle est la seule qui n&#8217;est pas climatis\u00e9e. Nous d\u00e9conseillons cette aventure par temps caniculaire.\u00a0<\/strong><\/p>\n<p>[\/vc_column_text][vc_empty_space][\/vc_column][vc_column width=&#8221;1\/3&#8243;][vc_empty_space height=&#8221;64px&#8221;][vc_custom_heading text=&#8221;EN CHIFFRES &#8230;&#8221; font_container=&#8221;tag:h3|text_align:center|color:%23fdb713&#8243; use_theme_fonts=&#8221;yes&#8221;]<div class=\"infobox text-center \">\n\t\t\t\t<div class=\"icon\">\n\t\t\t\t\t<i style=\"color:#fdb713;\" class=\"pe-7s-gym pe-4x\"><\/i>\n\t\t\t\t<\/div>\n\t\t\t\t<h4 style=\"color:#6b6b6b;\">Difficult\u00e9<\/h4>\n\t\t\t\t<p style=\"color:#282828;\">45%<\/p>\n\t\t\t  <\/div><div class=\"infobox text-center \">\n\t\t\t\t<div class=\"icon\">\n\t\t\t\t\t<i style=\"color:#fdb713;\" class=\"pe-7s-glasses pe-4x\"><\/i>\n\t\t\t\t<\/div>\n\t\t\t\t<h4 style=\"color:#6b6b6b;\">Fouille\/Observation<\/h4>\n\t\t\t\t<p style=\"color:#282828;\">40%<\/p>\n\t\t\t  <\/div><div class=\"infobox text-center \">\n\t\t\t\t<div class=\"icon\">\n\t\t\t\t\t<i style=\"color:#fdb713;\" class=\"pe-7s-science pe-4x\"><\/i>\n\t\t\t\t<\/div>\n\t\t\t\t<h4 style=\"color:#6b6b6b;\">Enigme\/D\u00e9duction<\/h4>\n\t\t\t\t<p style=\"color:#282828;\">70%<\/p>\n\t\t\t  <\/div>[vc_empty_space][\/vc_column][\/vc_row][vc_row full_width=&#8221;stretch_row_content_no_spaces&#8221; el_class=&#8221;hide-on-mobile&#8221; css=&#8221;.vc_custom_1750757063846{background-color: rgba(255,255,255,0.79) !important;*background-color: rgb(255,255,255) !important;}&#8221;][vc_column][vc_empty_space height=&#8221;85px&#8221;][vc_column_text]<div id=\"wpfp_50e42ff081a9e82f9b50ad37c946056d\" data-item=\"{&quot;sources&quot;:[{&quot;src&quot;:&quot;https:\\\/\\\/steamescape.fr\\\/limoges\\\/wp-content\\\/uploads\\\/2025\\\/06\\\/Pierre-Philosophale.mp4&quot;,&quot;type&quot;:&quot;video\\\/mp4&quot;}],&quot;id&quot;:&quot;5&quot;,&quot;splash&quot;:&quot;https:\\\/\\\/steamescape.fr\\\/limoges\\\/wp-content\\\/uploads\\\/2025\\\/06\\\/Pierre-Philosophale-mp4-image.png&quot;}\" class=\"flowplayer no-brand is-splash is-paused skin-slim no-svg fp-slim fp-edgy\" data-fvautoplay=\"muted\" style=\"position:relative; max-width: 1920px; max-height: 1080px; \" data-ratio=\"0.5625\" data-advance=\"false\" data-player-id=\"5\">\n\t<div class=\"fp-ratio\" style=\"padding-top: 56.25%\"><\/div>\n\t<img decoding=\"async\" class=\"fp-splash\" alt=\"video\" src=\"https:\/\/steamescape.fr\/limoges\/wp-content\/uploads\/2025\/06\/Pierre-Philosophale-mp4-image.png\" style=\"position:absolute;top:0;width:100%\" \/>\n\t<div class=\"fp-ui\"><noscript>Please enable JavaScript<\/noscript><div class=\"fp-play fp-visible\"><svg class=\"fp-play-sharp-fill\" xmlns=\"http:\/\/www.w3.org\/2000\/svg\" viewBox=\"0 0 100 100\"><defs><style>.fp-color-play{opacity:0.65;}.controlbutton{fill:#fff;}<\/style><\/defs><title>play-sharp-fill<\/title><path class=\"fp-color-play\" d=\"M49.9217-.078a50,50,0,1,0,50,50A50.0564,50.0564,0,0,0,49.9217-.078Z\"\/><polygon class=\"controlbutton\" points=\"73.601 50 37.968 70.573 37.968 29.427 73.601 50\" filter=\"url(#f1)\"\/><\/svg><\/div><div class=\"fp-preload\"><b><\/b><b><\/b><b><\/b><b><\/b><\/div><\/div>\n\n<\/div>\n[\/vc_column_text][vc_empty_space height=&#8221;30px&#8221;][\/vc_column][\/vc_row][vc_row full_width=&#8221;stretch_row&#8221; css=&#8221;.vc_custom_1725386121961{background-image: url(http:\/\/steamescape.fr\/limoges\/wp-content\/uploads\/2024\/04\/434445596_642114824734620_5484624321572680005_n.png?id=1812) !important;background-position: center !important;background-repeat: no-repeat !important;background-size: cover !important;}&#8221;][vc_column width=&#8221;5\/12&#8243;][vc_empty_space height=&#8221;45&#8243;][vc_empty_space height=&#8221;45&#8243;][vc_custom_heading text=&#8221;Cette mission est pour moi si &#8230;&#8221; font_container=&#8221;tag:h2|text_align:center|color:%23fdb713&#8243; use_theme_fonts=&#8221;yes&#8221;][vc_single_image image=&#8221;1915&#8243; img_size=&#8221;medium&#8221; alignment=&#8221;center&#8221; css_animation=&#8221;fadeIn&#8221;][vc_empty_space height=&#8221;15&#8243;][vc_custom_heading text=&#8221;&#8230; Je veux une mission parfaite pour 2 joueurs !&#8221; font_container=&#8221;tag:h4|text_align:center|color:%230a0000&#8243; use_theme_fonts=&#8221;yes&#8221; css_animation=&#8221;fadeInDown&#8221;][vc_empty_space height=&#8221;15&#8243;][vc_custom_heading text=&#8221;&#8230; Je veux une grande vari\u00e9t\u00e9 de m\u00e9canismes et d&#8217;\u00e9nigmes&#8221; font_container=&#8221;tag:h4|text_align:center|color:%230a0000&#8243; use_theme_fonts=&#8221;yes&#8221; css_animation=&#8221;fadeInDown&#8221;][vc_empty_space height=&#8221;15&#8243;][vc_custom_heading text=&#8221;&#8230; L&#8217;histoire est importante pour moi&#8221; font_container=&#8221;tag:h4|text_align:center|color:%230a0000&#8243; use_theme_fonts=&#8221;yes&#8221; css_animation=&#8221;fadeInDown&#8221;][vc_empty_space height=&#8221;15&#8243;][\/vc_column][vc_column width=&#8221;2\/12&#8243;][vc_empty_space height=&#8221;55&#8243; el_class=&#8221;hide-on-mobile&#8221;][vc_empty_space height=&#8221;55&#8243; el_class=&#8221;hide-on-mobile&#8221;][vc_single_image image=&#8221;1967&#8243; img_size=&#8221;medium&#8221; alignment=&#8221;center&#8221; css_animation=&#8221;fadeIn&#8221; el_class=&#8221;hide-on-mobile&#8221;][\/vc_column][vc_column width=&#8221;5\/12&#8243;][vc_empty_space height=&#8221;45&#8243;][vc_empty_space height=&#8221;45&#8243;][vc_custom_heading text=&#8221;Quoi de neuf ?&#8221; font_container=&#8221;tag:h2|text_align:center|color:%23fdb713&#8243; use_theme_fonts=&#8221;yes&#8221;][vc_single_image image=&#8221;1915&#8243; img_size=&#8221;medium&#8221; alignment=&#8221;center&#8221; css_animation=&#8221;fadeIn&#8221;][vc_empty_space height=&#8221;15&#8243;][vc_custom_heading text=&#8221;Vous avez d\u00e9j\u00e0 accompli cette mission ? Depuis 2022, cette aventure c&#8217;est &#8230;&#8221; font_container=&#8221;tag:h5|text_align:center|color:rgba(63%2C5%2C5%2C0.81)&#8221; use_theme_fonts=&#8221;yes&#8221; css_animation=&#8221;fadeInDown&#8221;][vc_empty_space height=&#8221;15&#8243;][vc_custom_heading text=&#8221;+ 2 nouvelles \u00e9nigmes \/ m\u00e9canismes&#8221; font_container=&#8221;tag:h4|text_align:center|color:%230a0000&#8243; use_theme_fonts=&#8221;yes&#8221; css_animation=&#8221;fadeInDown&#8221;][vc_empty_space height=&#8221;15&#8243;][vc_custom_heading text=&#8221;Une premi\u00e8re partie de mission enti\u00e8rement repens\u00e9e&#8221; font_container=&#8221;tag:h4|text_align:center|color:%230a0000&#8243; use_theme_fonts=&#8221;yes&#8221; css_animation=&#8221;fadeInDown&#8221;][vc_empty_space height=&#8221;15&#8243;][vc_custom_heading text=&#8221;Un d\u00e9cor enti\u00e8rement nouveau !&#8221; font_container=&#8221;tag:h4|text_align:center|color:%230a0000&#8243; use_theme_fonts=&#8221;yes&#8221; css_animation=&#8221;fadeInDown&#8221;][vc_empty_space height=&#8221;15&#8243;][\/vc_column][\/vc_row][vc_row awb_type=&#8221;image&#8221; awb_stretch=&#8221;1&#8243; awb_image_background_position=&#8221;50% 50%&#8221; awb_color=&#8221;rgba(255,255,255,0.63)&#8221; css=&#8221;.vc_custom_1750757265256{background-position: center !important;background-repeat: no-repeat !important;background-size: cover !important;}&#8221; awb_image=&#8221;2770&#8243;][vc_column width=&#8221;1\/6&#8243;][\/vc_column][vc_column width=&#8221;2\/3&#8243;][vc_empty_space height=&#8221;55px&#8221;][vc_empty_space height=&#8221;80&#8243;][vc_custom_heading text=&#8221;R\u00e9server mon aventure&#8221; font_container=&#8221;tag:h1|text_align:center|color:%23fdb713&#8243; use_theme_fonts=&#8221;yes&#8221;][vc_column_text]<\/p>\n<div class=\"forescape\" data-subdomain=\"steam-limoges\" data-type=\"bookings\" data-rooms=\"616aa6d947ff6052676e31ce\"><\/div>\n<p><script>!function(e,t){var r=e.createElement(t),a=e.getElementsByTagName(t)[0],n=new Date,s=\"\"+n.getFullYear()+(\"0\"+(n.getMonth()+1)).slice(-2)+(\"0\"+n.getDate()).slice(-2);r.defer=1,r.src=\"https:\/\/steam-limoges.4escape.io\/public\/js\/iframe.min.js?v=\"+s,a.parentNode.insertBefore(r,a)}(document,\"script\");<\/script>[\/vc_column_text][\/vc_column][vc_column width=&#8221;1\/6&#8243;][\/vc_column][vc_column][\/vc_column][\/vc_row][vc_row][vc_column][vc_empty_space height=&#8221;30&#8243;][\/vc_column][\/vc_row]<\/p>\n","protected":false},"excerpt":{"rendered":"<p>[vc_row awb_type=&#8221;video&#8221; awb_stretch=&#8221;1&#8243; awb_image_background_position=&#8221;50% 50%&#8221; awb_parallax=&#8221;scroll-opacity&#8221; awb_parallax_speed=&#8221;0.5&#8243; awb_mouse_parallax=&#8221;1&#8243; awb_mouse_parallax_size=&#8221;30&#8243; awb_mouse_parallax_speed=&#8221;10000&#8243; el_class=&#8221;hide-on-mobile&#8221; awb_video_mp4=&#8221;3101&#8243; awb_image=&#8221;1127&#8243;][vc_column][vc_empty_space height=&#8221;300px&#8221;][vc_custom_heading text=&#8221;La Pierre Philosophale&#8221; font_container=&#8221;tag:h1|text_align:center|color:%23fcf9f2&#8243; use_theme_fonts=&#8221;yes&#8221;][vc_empty_space height=&#8221;300px&#8221;][\/vc_column][\/vc_row][vc_row full_width=&#8221;stretch_row_content_no_spaces&#8221; el_class=&#8221;hide-on-desktop&#8221; css=&#8221;.vc_custom_1750679315806{background-color: rgba(255,255,255,0.79) !important;*background-color: rgb(255,255,255) !important;}&#8221;][vc_column][vc_empty_space height=&#8221;85px&#8221;][vc_column_text][\/vc_column_text][vc_empty_space height=&#8221;30px&#8221;][\/vc_column][\/vc_row][vc_row full_width=&#8221;stretch_row&#8221; css=&#8221;.vc_custom_1713019177121{background-color: rgba(247,247,247,0.8) !important;*background-color: rgb(247,247,247) !important;}&#8221;][vc_column width=&#8221;1\/3&#8243;][vc_empty_space height=&#8221;64px&#8221;][vc_custom_heading text=&#8221;GALERIE&#8221; font_container=&#8221;tag:h3|text_align:center|color:%23fdb713&#8243; use_theme_fonts=&#8221;yes&#8221;][\/vc_column][vc_column width=&#8221;1\/3&#8243;][vc_empty_space height=&#8221;64px&#8221;][vc_custom_heading text=&#8221;DESCRIPTION&#8221; font_container=&#8221;tag:h3|text_align:center|color:%23fdb713&#8243; use_theme_fonts=&#8221;yes&#8221;][vc_column_text] Embarquez pour une aventure unique \u00e0 travers le temps ! [&hellip;]<\/p>\n","protected":false},"author":1,"featured_media":3102,"parent":0,"menu_order":0,"comment_status":"closed","ping_status":"closed","template":"page-nosidebar.php","meta":{"footnotes":""},"class_list":["post-1662","page","type-page","status-publish","has-post-thumbnail","hentry"],"_links":{"self":[{"href":"https:\/\/steamescape.fr\/limoges\/index.php\/wp-json\/wp\/v2\/pages\/1662","targetHints":{"allow":["GET"]}}],"collection":[{"href":"https:\/\/steamescape.fr\/limoges\/index.php\/wp-json\/wp\/v2\/pages"}],"about":[{"href":"https:\/\/steamescape.fr\/limoges\/index.php\/wp-json\/wp\/v2\/types\/page"}],"author":[{"embeddable":true,"href":"https:\/\/steamescape.fr\/limoges\/index.php\/wp-json\/wp\/v2\/users\/1"}],"replies":[{"embeddable":true,"href":"https:\/\/steamescape.fr\/limoges\/index.php\/wp-json\/wp\/v2\/comments?post=1662"}],"version-history":[{"count":25,"href":"https:\/\/steamescape.fr\/limoges\/index.php\/wp-json\/wp\/v2\/pages\/1662\/revisions"}],"predecessor-version":[{"id":3270,"href":"https:\/\/steamescape.fr\/limoges\/index.php\/wp-json\/wp\/v2\/pages\/1662\/revisions\/3270"}],"wp:featuredmedia":[{"embeddable":true,"href":"https:\/\/steamescape.fr\/limoges\/index.php\/wp-json\/wp\/v2\/media\/3102"}],"wp:attachment":[{"href":"https:\/\/steamescape.fr\/limoges\/index.php\/wp-json\/wp\/v2\/media?parent=1662"}],"curies":[{"name":"wp","href":"https:\/\/api.w.org\/{rel}","templated":true}]}}