{"id":1659,"date":"2024-04-14T22:08:39","date_gmt":"2024-04-14T20:08:39","guid":{"rendered":"https:\/\/steamescape.fr\/limoges\/?page_id=1659"},"modified":"2025-12-27T14:18:55","modified_gmt":"2025-12-27T13:18:55","slug":"fdlo","status":"publish","type":"page","link":"https:\/\/steamescape.fr\/limoges\/index.php\/fdlo\/","title":{"rendered":"Le Fant\u00f4me de l&#8217;Op\u00e9ra"},"content":{"rendered":"<p>[vc_row awb_type=&#8221;video&#8221; awb_stretch=&#8221;1&#8243; awb_image_background_position=&#8221;50% 50%&#8221; awb_parallax=&#8221;scroll-opacity&#8221; awb_parallax_speed=&#8221;0.5&#8243; awb_mouse_parallax=&#8221;1&#8243; awb_mouse_parallax_size=&#8221;30&#8243; awb_mouse_parallax_speed=&#8221;10000&#8243; el_class=&#8221;hide-on-mobile&#8221; awb_video_mp4=&#8221;https:\/\/steamescape.fr\/limoges\/wp-content\/uploads\/2025\/06\/Fantome-Opera.mp4&#8243; awb_image=&#8221;1123&#8243;][vc_column][vc_empty_space height=&#8221;300px&#8221;][vc_custom_heading text=&#8221;Le Fant\u00f4me de l&#8217;Op\u00e9ra&#8221; font_container=&#8221;tag:h1|text_align:center|color:%23fcf9f2&#8243; use_theme_fonts=&#8221;yes&#8221;][vc_empty_space height=&#8221;300px&#8221;][\/vc_column][\/vc_row][vc_row full_width=&#8221;stretch_row_content_no_spaces&#8221; el_class=&#8221;hide-on-desktop&#8221; css=&#8221;.vc_custom_1750679315806{background-color: rgba(255,255,255,0.79) !important;*background-color: rgb(255,255,255) !important;}&#8221;][vc_column][vc_empty_space height=&#8221;85px&#8221;][vc_column_text]<div id=\"wpfp_c33c14cf781e9b17b3b8b6b07c8d4b1a\" data-item=\"{&quot;sources&quot;:[{&quot;src&quot;:&quot;https:\\\/\\\/steamescape.fr\\\/limoges\\\/wp-content\\\/uploads\\\/2025\\\/06\\\/Fantome-Opera-2.mp4&quot;,&quot;type&quot;:&quot;video\\\/mp4&quot;}],&quot;id&quot;:&quot;10&quot;,&quot;splash&quot;:&quot;admin&quot;}\" class=\"flowplayer no-brand is-splash is-paused skin-slim no-svg fp-slim fp-edgy\" data-fvautoplay=\"muted\" style=\"position:relative; max-width: 1920px; max-height: 1080px; \" data-ratio=\"0.5625\" data-advance=\"false\" data-player-id=\"10\">\n\t<div class=\"fp-ratio\" style=\"padding-top: 56.25%\"><\/div>\n\t<img decoding=\"async\" class=\"fp-splash\" alt=\"video\" src=\"admin\" style=\"position:absolute;top:0;width:100%\" \/>\n\t<div class=\"fp-ui\"><noscript>Please enable JavaScript<\/noscript><div class=\"fp-play fp-visible\"><svg class=\"fp-play-sharp-fill\" xmlns=\"http:\/\/www.w3.org\/2000\/svg\" viewBox=\"0 0 100 100\"><defs><style>.fp-color-play{opacity:0.65;}.controlbutton{fill:#fff;}<\/style><\/defs><title>play-sharp-fill<\/title><path class=\"fp-color-play\" d=\"M49.9217-.078a50,50,0,1,0,50,50A50.0564,50.0564,0,0,0,49.9217-.078Z\"\/><polygon class=\"controlbutton\" points=\"73.601 50 37.968 70.573 37.968 29.427 73.601 50\" filter=\"url(#f1)\"\/><\/svg><\/div><div class=\"fp-preload\"><b><\/b><b><\/b><b><\/b><b><\/b><\/div><\/div>\n\n<\/div>\n[\/vc_column_text][vc_empty_space height=&#8221;30px&#8221;][\/vc_column][\/vc_row][vc_row full_width=&#8221;stretch_row&#8221; awb_type=&#8221;image&#8221; awb_stretch=&#8221;1&#8243; css=&#8221;.vc_custom_1750758302179{background-color: rgba(247,247,247,0.8) !important;*background-color: rgb(247,247,247) !important;}&#8221;][vc_column width=&#8221;1\/3&#8243;][vc_empty_space height=&#8221;64px&#8221;][vc_custom_heading text=&#8221;GALERIE&#8221; font_container=&#8221;tag:h3|text_align:center|color:%23fdb713&#8243; use_theme_fonts=&#8221;yes&#8221;]<div class=\"infobox text-center \">\n\t\t\t\t<div class=\"icon\">\n\t\t\t\t\t<i style=\"color:#fdb713;\" class=\"pe-7s-users pe-4x\"><\/i>\n\t\t\t\t<\/div>\n\t\t\t\t<h4 style=\"color:#6b6b6b;\">JOUEURS<\/h4>\n\t\t\t\t<p style=\"color:#282828;\">3 A 7<\/p>\n\t\t\t  <\/div>[\/vc_column][vc_column width=&#8221;1\/3&#8243;][vc_empty_space height=&#8221;64px&#8221;][vc_custom_heading text=&#8221;DESCRIPTION&#8221; font_container=&#8221;tag:h3|text_align:center|color:%23fdb713&#8243; use_theme_fonts=&#8221;yes&#8221;][vc_column_text]<\/p>\n<p style=\"text-align: center;\"><strong>Vivez une soir\u00e9e de gala \u00e0 l&#8217;Op\u00e9ra Garnier de Paris !<\/strong><\/p>\n<p style=\"text-align: center;\">En 1899, en plein pr\u00e9paratifs de la plus grande repr\u00e9sentation de son histoire, un coup de th\u00e9\u00e2tre secoue les coulisses : les bijoux de la cantatrice ont \u00e9t\u00e9 d\u00e9rob\u00e9s par un myst\u00e9rieux &#8220;Fant\u00f4me de l&#8217;Op\u00e9ra&#8221; !<\/p>\n<p style=\"text-align: center;\">Notre agence vous propose un voyage singulier : arpentez les myst\u00e9rieux sous-sols de l&#8217;Op\u00e9ra Garnier pour r\u00e9cup\u00e9rer les bijoux vol\u00e9s. Attention cependant, car vous n&#8217;aurez qu&#8217;une heure avant que le rideau ne se l\u00e8ve et qu&#8217;il ne soit trop tard !<\/p>\n<p style=\"text-align: center;\">R\u00e9unissez votre \u00e9quipe, aff\u00fbtez vos sens et relevez notre d\u00e9fi le plus ardu : d\u00e9jouer les ruses du Fant\u00f4me et sauver la soir\u00e9e avant le lever de rideau ! Pr\u00eats \u00e0 devenir les h\u00e9ros de la soir\u00e9e ?<\/p>\n<p>[\/vc_column_text][vc_empty_space][\/vc_column][vc_column width=&#8221;1\/3&#8243;][vc_empty_space height=&#8221;64px&#8221;][vc_custom_heading text=&#8221;EN CHIFFRES &#8230;&#8221; font_container=&#8221;tag:h3|text_align:center|color:%23fdb713&#8243; use_theme_fonts=&#8221;yes&#8221;]<div class=\"infobox text-center \">\n\t\t\t\t<div class=\"icon\">\n\t\t\t\t\t<i style=\"color:#fdb713;\" class=\"pe-7s-gym pe-4x\"><\/i>\n\t\t\t\t<\/div>\n\t\t\t\t<h4 style=\"color:#6b6b6b;\">Difficult\u00e9<\/h4>\n\t\t\t\t<p style=\"color:#282828;\">79%<\/p>\n\t\t\t  <\/div><div class=\"infobox text-center \">\n\t\t\t\t<div class=\"icon\">\n\t\t\t\t\t<i style=\"color:#fdb713;\" class=\"pe-7s-glasses pe-4x\"><\/i>\n\t\t\t\t<\/div>\n\t\t\t\t<h4 style=\"color:#6b6b6b;\">Fouille\/Observation<\/h4>\n\t\t\t\t<p style=\"color:#282828;\">70%<\/p>\n\t\t\t  <\/div><div class=\"infobox text-center \">\n\t\t\t\t<div class=\"icon\">\n\t\t\t\t\t<i style=\"color:#fdb713;\" class=\"pe-7s-science pe-4x\"><\/i>\n\t\t\t\t<\/div>\n\t\t\t\t<h4 style=\"color:#6b6b6b;\">Enigme\/D\u00e9duction<\/h4>\n\t\t\t\t<p style=\"color:#282828;\">85%<\/p>\n\t\t\t  <\/div>[vc_empty_space][\/vc_column][vc_column awb_type=&#8221;image&#8221; awb_parallax=&#8221;scroll&#8221; awb_parallax_speed=&#8221;0.5&#8243; awb_parallax_mobile=&#8221;1&#8243; awb_mouse_parallax=&#8221;1&#8243; awb_mouse_parallax_size=&#8221;30&#8243; awb_mouse_parallax_speed=&#8221;10000&#8243;][vc_empty_space][vc_custom_heading text=&#8221;Cette mission est conseill\u00e9e \u00e0 des agents exp\u00e9riment\u00e9s et ne comporte pas d&#8217;\u00e9l\u00e9ments horrifiques&#8221; font_container=&#8221;tag:h2|font_size:20|text_align:center|color:%23262626&#8243; use_theme_fonts=&#8221;yes&#8221;][vc_empty_space][\/vc_column][\/vc_row][vc_row full_width=&#8221;stretch_row_content&#8221; el_class=&#8221;hide-on-mobile&#8221; css=&#8221;.vc_custom_1750758278072{background-color: rgba(255,255,255,0.79) !important;*background-color: rgb(255,255,255) !important;}&#8221;][vc_column][vc_empty_space height=&#8221;85px&#8221;][vc_column_text]<div id=\"wpfp_5a5ca10f52bcc2e89c9c7bfd4f3c2c38\" data-item=\"{&quot;sources&quot;:[{&quot;src&quot;:&quot;https:\\\/\\\/steamescape.fr\\\/limoges\\\/wp-content\\\/uploads\\\/2025\\\/06\\\/Fantome-Opera-2.mp4&quot;,&quot;type&quot;:&quot;video\\\/mp4&quot;}],&quot;id&quot;:&quot;10&quot;,&quot;splash&quot;:&quot;admin&quot;}\" class=\"flowplayer no-brand is-splash is-paused skin-slim no-svg fp-slim fp-edgy\" data-fvautoplay=\"muted\" style=\"position:relative; max-width: 1920px; max-height: 1080px; \" data-ratio=\"0.5625\" data-advance=\"false\" data-player-id=\"10\">\n\t<div class=\"fp-ratio\" style=\"padding-top: 56.25%\"><\/div>\n\t<img decoding=\"async\" class=\"fp-splash\" alt=\"video\" src=\"admin\" style=\"position:absolute;top:0;width:100%\" \/>\n\t<div class=\"fp-ui\"><noscript>Please enable JavaScript<\/noscript><div class=\"fp-play fp-visible\"><svg class=\"fp-play-sharp-fill\" xmlns=\"http:\/\/www.w3.org\/2000\/svg\" viewBox=\"0 0 100 100\"><defs><style>.fp-color-play{opacity:0.65;}.controlbutton{fill:#fff;}<\/style><\/defs><title>play-sharp-fill<\/title><path class=\"fp-color-play\" d=\"M49.9217-.078a50,50,0,1,0,50,50A50.0564,50.0564,0,0,0,49.9217-.078Z\"\/><polygon class=\"controlbutton\" points=\"73.601 50 37.968 70.573 37.968 29.427 73.601 50\" filter=\"url(#f1)\"\/><\/svg><\/div><div class=\"fp-preload\"><b><\/b><b><\/b><b><\/b><b><\/b><\/div><\/div>\n\n<\/div>\n[\/vc_column_text][vc_empty_space height=&#8221;30px&#8221;][\/vc_column][\/vc_row][vc_row full_width=&#8221;stretch_row&#8221; css=&#8221;.vc_custom_1725386114190{background-image: url(http:\/\/steamescape.fr\/limoges\/wp-content\/uploads\/2024\/04\/434445596_642114824734620_5484624321572680005_n.png?id=1812) !important;background-position: center !important;background-repeat: no-repeat !important;background-size: cover !important;}&#8221;][vc_column width=&#8221;5\/12&#8243;][vc_empty_space height=&#8221;45&#8243;][vc_empty_space height=&#8221;45&#8243;][vc_custom_heading text=&#8221;Cette mission est pour moi si &#8230;&#8221; font_container=&#8221;tag:h2|text_align:center|color:%23fdb713&#8243; use_theme_fonts=&#8221;yes&#8221;][vc_single_image image=&#8221;1915&#8243; img_size=&#8221;medium&#8221; alignment=&#8221;center&#8221; css_animation=&#8221;fadeIn&#8221; el_class=&#8221;hide-on-mobile&#8221;][vc_empty_space height=&#8221;15&#8243;][vc_custom_heading text=&#8221;&#8230; Je veux me frotter au d\u00e9fi le plus ardu de S.T.E.A.M Limoges !&#8221; font_container=&#8221;tag:h4|text_align:center|color:%230a0000&#8243; use_theme_fonts=&#8221;yes&#8221; css_animation=&#8221;fadeInDown&#8221;][vc_empty_space height=&#8221;15&#8243;][vc_custom_heading text=&#8221;&#8230; Je veux \u00eatre immerg\u00e9 dans de vrais sous-sols&#8221; font_container=&#8221;tag:h4|text_align:center|color:%230a0000&#8243; use_theme_fonts=&#8221;yes&#8221; css_animation=&#8221;fadeInDown&#8221;][vc_empty_space height=&#8221;15&#8243;][vc_custom_heading text=&#8221;&#8230; Je veux une salle gigantesque !&#8221; font_container=&#8221;tag:h4|text_align:center|color:%230a0000&#8243; use_theme_fonts=&#8221;yes&#8221; css_animation=&#8221;fadeInDown&#8221;][vc_empty_space height=&#8221;15&#8243;][vc_custom_heading text=&#8221;&#8230; Je veux jouer au frais cet \u00e9t\u00e9 !&#8221; font_container=&#8221;tag:h4|text_align:center|color:%230a0000&#8243; use_theme_fonts=&#8221;yes&#8221; css_animation=&#8221;fadeInDown&#8221;][vc_empty_space height=&#8221;15&#8243;][\/vc_column][vc_column width=&#8221;2\/12&#8243;][vc_empty_space height=&#8221;55&#8243; el_class=&#8221;hide-on-mobile&#8221;][vc_empty_space height=&#8221;55&#8243; el_class=&#8221;hide-on-mobile&#8221;][vc_single_image image=&#8221;1967&#8243; img_size=&#8221;medium&#8221; alignment=&#8221;center&#8221; css_animation=&#8221;fadeIn&#8221; el_class=&#8221;hide-on-mobile&#8221;][\/vc_column][vc_column width=&#8221;5\/12&#8243;][vc_empty_space height=&#8221;45&#8243;][vc_empty_space height=&#8221;45&#8243;][vc_custom_heading text=&#8221;Quoi de neuf ?&#8221; font_container=&#8221;tag:h2|text_align:center|color:%23fdb713&#8243; use_theme_fonts=&#8221;yes&#8221;][vc_single_image image=&#8221;1915&#8243; img_size=&#8221;medium&#8221; alignment=&#8221;center&#8221; css_animation=&#8221;fadeIn&#8221; el_class=&#8221;hide-on-mobile&#8221;][vc_empty_space height=&#8221;15&#8243;][vc_custom_heading text=&#8221;Vous avez d\u00e9j\u00e0 accompli cette mission ? Depuis 2022, cette aventure c&#8217;est &#8230;&#8221; font_container=&#8221;tag:h5|text_align:center|color:rgba(63%2C5%2C5%2C0.81)&#8221; use_theme_fonts=&#8221;yes&#8221; css_animation=&#8221;fadeInDown&#8221;][vc_empty_space height=&#8221;15&#8243;][vc_custom_heading text=&#8221;+ 8 nouveaux objets cach\u00e9s&#8221; font_container=&#8221;tag:h4|text_align:center|color:%230a0000&#8243; use_theme_fonts=&#8221;yes&#8221; css_animation=&#8221;fadeInDown&#8221;][vc_empty_space height=&#8221;15&#8243;][vc_custom_heading text=&#8221;+ 8 nouvelles \u00e9nigmes\/m\u00e9canismes&#8221; font_container=&#8221;tag:h4|text_align:center|color:%230a0000&#8243; use_theme_fonts=&#8221;yes&#8221; css_animation=&#8221;fadeInDown&#8221;][vc_empty_space height=&#8221;15&#8243;][vc_custom_heading text=&#8221;+ de d\u00e9fi !&#8221; font_container=&#8221;tag:h4|text_align:center|color:%230a0000&#8243; use_theme_fonts=&#8221;yes&#8221; css_animation=&#8221;fadeInDown&#8221;][vc_empty_space height=&#8221;15&#8243;][\/vc_column][\/vc_row][vc_row awb_type=&#8221;image&#8221; awb_stretch=&#8221;1&#8243; awb_image_background_position=&#8221;50% 50%&#8221; awb_color=&#8221;rgba(255,255,255,0.7)&#8221; awb_parallax=&#8221;scroll-opacity&#8221; awb_parallax_speed=&#8221;0.5&#8243; awb_parallax_mobile=&#8221;1&#8243; awb_mouse_parallax=&#8221;1&#8243; awb_mouse_parallax_size=&#8221;30&#8243; awb_mouse_parallax_speed=&#8221;10000&#8243; css=&#8221;.vc_custom_1750679529377{background-position: center !important;background-repeat: no-repeat !important;background-size: cover !important;}&#8221; awb_image=&#8221;2769&#8243;][vc_column width=&#8221;1\/6&#8243;][\/vc_column][vc_column width=&#8221;2\/3&#8243;][vc_empty_space height=&#8221;55px&#8221;][vc_empty_space height=&#8221;60&#8243;][vc_custom_heading text=&#8221;R\u00e9server mon aventure&#8221; font_container=&#8221;tag:h1|text_align:center|color:%23fdb713&#8243; use_theme_fonts=&#8221;yes&#8221;][vc_column_text]<\/p>\n<div class=\"forescape\" data-subdomain=\"steam-limoges\" data-type=\"bookings\" data-rooms=\"5b5782dad1c06a428926c643\"><\/div>\n<p><script>!function(e,t){var r=e.createElement(t),a=e.getElementsByTagName(t)[0],n=new Date,s=\"\"+n.getFullYear()+(\"0\"+(n.getMonth()+1)).slice(-2)+(\"0\"+n.getDate()).slice(-2);r.defer=1,r.src=\"https:\/\/steam-limoges.4escape.io\/public\/js\/iframe.min.js?v=\"+s,a.parentNode.insertBefore(r,a)}(document,\"script\");<\/script>[\/vc_column_text][\/vc_column][vc_column width=&#8221;1\/6&#8243;][\/vc_column][vc_column][\/vc_column][\/vc_row][vc_row][vc_column][vc_empty_space height=&#8221;30&#8243;][\/vc_column][\/vc_row]<\/p>\n","protected":false},"excerpt":{"rendered":"<p>[vc_row awb_type=&#8221;video&#8221; awb_stretch=&#8221;1&#8243; awb_image_background_position=&#8221;50% 50%&#8221; awb_parallax=&#8221;scroll-opacity&#8221; awb_parallax_speed=&#8221;0.5&#8243; awb_mouse_parallax=&#8221;1&#8243; awb_mouse_parallax_size=&#8221;30&#8243; awb_mouse_parallax_speed=&#8221;10000&#8243; el_class=&#8221;hide-on-mobile&#8221; awb_video_mp4=&#8221;https:\/\/steamescape.fr\/limoges\/wp-content\/uploads\/2025\/06\/Fantome-Opera.mp4&#8243; awb_image=&#8221;1123&#8243;][vc_column][vc_empty_space height=&#8221;300px&#8221;][vc_custom_heading text=&#8221;Le Fant\u00f4me de l&#8217;Op\u00e9ra&#8221; font_container=&#8221;tag:h1|text_align:center|color:%23fcf9f2&#8243; use_theme_fonts=&#8221;yes&#8221;][vc_empty_space height=&#8221;300px&#8221;][\/vc_column][\/vc_row][vc_row full_width=&#8221;stretch_row_content_no_spaces&#8221; el_class=&#8221;hide-on-desktop&#8221; css=&#8221;.vc_custom_1750679315806{background-color: rgba(255,255,255,0.79) !important;*background-color: rgb(255,255,255) !important;}&#8221;][vc_column][vc_empty_space height=&#8221;85px&#8221;][vc_column_text][\/vc_column_text][vc_empty_space height=&#8221;30px&#8221;][\/vc_column][\/vc_row][vc_row full_width=&#8221;stretch_row&#8221; awb_type=&#8221;image&#8221; awb_stretch=&#8221;1&#8243; css=&#8221;.vc_custom_1750758302179{background-color: rgba(247,247,247,0.8) !important;*background-color: rgb(247,247,247) !important;}&#8221;][vc_column width=&#8221;1\/3&#8243;][vc_empty_space height=&#8221;64px&#8221;][vc_custom_heading text=&#8221;GALERIE&#8221; font_container=&#8221;tag:h3|text_align:center|color:%23fdb713&#8243; use_theme_fonts=&#8221;yes&#8221;][\/vc_column][vc_column width=&#8221;1\/3&#8243;][vc_empty_space height=&#8221;64px&#8221;][vc_custom_heading text=&#8221;DESCRIPTION&#8221; font_container=&#8221;tag:h3|text_align:center|color:%23fdb713&#8243; use_theme_fonts=&#8221;yes&#8221;][vc_column_text] Vivez une soir\u00e9e de gala \u00e0 l&#8217;Op\u00e9ra [&hellip;]<\/p>\n","protected":false},"author":1,"featured_media":0,"parent":0,"menu_order":0,"comment_status":"closed","ping_status":"closed","template":"page-nosidebar.php","meta":{"footnotes":""},"class_list":["post-1659","page","type-page","status-publish","hentry"],"_links":{"self":[{"href":"https:\/\/steamescape.fr\/limoges\/index.php\/wp-json\/wp\/v2\/pages\/1659","targetHints":{"allow":["GET"]}}],"collection":[{"href":"https:\/\/steamescape.fr\/limoges\/index.php\/wp-json\/wp\/v2\/pages"}],"about":[{"href":"https:\/\/steamescape.fr\/limoges\/index.php\/wp-json\/wp\/v2\/types\/page"}],"author":[{"embeddable":true,"href":"https:\/\/steamescape.fr\/limoges\/index.php\/wp-json\/wp\/v2\/users\/1"}],"replies":[{"embeddable":true,"href":"https:\/\/steamescape.fr\/limoges\/index.php\/wp-json\/wp\/v2\/comments?post=1659"}],"version-history":[{"count":47,"href":"https:\/\/steamescape.fr\/limoges\/index.php\/wp-json\/wp\/v2\/pages\/1659\/revisions"}],"predecessor-version":[{"id":3317,"href":"https:\/\/steamescape.fr\/limoges\/index.php\/wp-json\/wp\/v2\/pages\/1659\/revisions\/3317"}],"wp:attachment":[{"href":"https:\/\/steamescape.fr\/limoges\/index.php\/wp-json\/wp\/v2\/media?parent=1659"}],"curies":[{"name":"wp","href":"https:\/\/api.w.org\/{rel}","templated":true}]}}