{"id":1468,"date":"2024-04-13T15:54:39","date_gmt":"2024-04-13T13:54:39","guid":{"rendered":"https:\/\/steamescape.fr\/limoges\/?page_id=1468"},"modified":"2025-06-25T15:03:21","modified_gmt":"2025-06-25T13:03:21","slug":"samourai","status":"publish","type":"page","link":"https:\/\/steamescape.fr\/limoges\/index.php\/samourai\/","title":{"rendered":"Le Masque du Samourai"},"content":{"rendered":"<p>[vc_row awb_type=&#8221;video&#8221; awb_stretch=&#8221;1&#8243; awb_image_background_position=&#8221;50% 50%&#8221; awb_parallax=&#8221;scroll-opacity&#8221; awb_parallax_speed=&#8221;0.5&#8243; awb_mouse_parallax=&#8221;1&#8243; awb_mouse_parallax_size=&#8221;30&#8243; awb_mouse_parallax_speed=&#8221;10000&#8243; el_class=&#8221;hide-on-mobile&#8221; awb_video_mp4=&#8221;3086&#8243; awb_image=&#8221;1532&#8243;][vc_column][vc_empty_space height=&#8221;300px&#8221;][vc_custom_heading text=&#8221;Le Masque du Samoura\u00ef&#8221; font_container=&#8221;tag:h1|text_align:center|color:%23fcf9f2&#8243; use_theme_fonts=&#8221;yes&#8221;][vc_empty_space height=&#8221;300px&#8221;][\/vc_column][\/vc_row][vc_row full_width=&#8221;stretch_row_content_no_spaces&#8221; fullwidth=&#8221;yes&#8221; el_class=&#8221;hide-on-desktop&#8221; css=&#8221;.vc_custom_1750758474451{background-color: rgba(255,255,255,0.79) !important;*background-color: rgb(255,255,255) !important;}&#8221;][vc_column][vc_empty_space height=&#8221;85px&#8221;][vc_column_text]<div id=\"wpfp_1f1f93841d044eff7d9104fb73fbef5a\" data-item=\"{&quot;sources&quot;:[{&quot;src&quot;:&quot;https:\\\/\\\/steamescape.fr\\\/limoges\\\/wp-content\\\/uploads\\\/2025\\\/06\\\/Samourai.mp4&quot;,&quot;type&quot;:&quot;video\\\/mp4&quot;}],&quot;id&quot;:&quot;4&quot;,&quot;splash&quot;:&quot;https:\\\/\\\/steamescape.fr\\\/limoges\\\/wp-content\\\/uploads\\\/2025\\\/06\\\/Samourai-mp4-image.png&quot;}\" class=\"flowplayer no-brand is-splash is-paused skin-slim no-svg fp-slim fp-edgy\" data-fvautoplay=\"muted\" style=\"position:relative; max-width: 1920px; max-height: 1080px; \" data-ratio=\"0.5625\" data-advance=\"false\" data-player-id=\"4\">\n\t<div class=\"fp-ratio\" style=\"padding-top: 56.25%\"><\/div>\n\t<img decoding=\"async\" class=\"fp-splash\" alt=\"video\" src=\"https:\/\/steamescape.fr\/limoges\/wp-content\/uploads\/2025\/06\/Samourai-mp4-image.png\" style=\"position:absolute;top:0;width:100%\" \/>\n\t<div class=\"fp-ui\"><noscript>Please enable JavaScript<\/noscript><div class=\"fp-play fp-visible\"><svg class=\"fp-play-sharp-fill\" xmlns=\"http:\/\/www.w3.org\/2000\/svg\" viewBox=\"0 0 100 100\"><defs><style>.fp-color-play{opacity:0.65;}.controlbutton{fill:#fff;}<\/style><\/defs><title>play-sharp-fill<\/title><path class=\"fp-color-play\" d=\"M49.9217-.078a50,50,0,1,0,50,50A50.0564,50.0564,0,0,0,49.9217-.078Z\"\/><polygon class=\"controlbutton\" points=\"73.601 50 37.968 70.573 37.968 29.427 73.601 50\" filter=\"url(#f1)\"\/><\/svg><\/div><div class=\"fp-preload\"><b><\/b><b><\/b><b><\/b><b><\/b><\/div><\/div>\n\n<\/div>\n[\/vc_column_text][vc_empty_space height=&#8221;30px&#8221;][\/vc_column][\/vc_row][vc_row full_width=&#8221;stretch_row&#8221; css=&#8221;.vc_custom_1713019177121{background-color: rgba(247,247,247,0.8) !important;*background-color: rgb(247,247,247) !important;}&#8221;][vc_column width=&#8221;1\/3&#8243;][vc_empty_space height=&#8221;64&#8243;][vc_custom_heading text=&#8221;GALERIE&#8221; font_container=&#8221;tag:h3|text_align:center|color:%23fdb713&#8243; use_theme_fonts=&#8221;yes&#8221;]<div class=\"infobox text-center \">\n\t\t\t\t<div class=\"icon\">\n\t\t\t\t\t<i style=\"color:#fdb713;\" class=\"pe-7s-users pe-4x\"><\/i>\n\t\t\t\t<\/div>\n\t\t\t\t<h4 style=\"color:#6b6b6b;\">JOUEURS<\/h4>\n\t\t\t\t<p style=\"color:#282828;\">3 A 7<\/p>\n\t\t\t  <\/div>[\/vc_column][vc_column width=&#8221;1\/3&#8243;][vc_empty_space height=&#8221;64&#8243;][vc_custom_heading text=&#8221;DESCRIPTION&#8221; font_container=&#8221;tag:h3|text_align:center|color:%23fdb713&#8243; use_theme_fonts=&#8221;yes&#8221;][vc_column_text]<\/p>\n<p style=\"text-align: center;\"><strong>Embarquez pour une aventure \u00e9pique au c\u0153ur du Japon m\u00e9di\u00e9val !<\/strong><\/p>\n<p style=\"text-align: center;\">Votre mission ? Emp\u00eacher que le masque du l\u00e9gendaire samoura\u00ef Miyamoto Musashi ne tombe entre les mains de nos redoutables concurrents. On raconte que ce masque conf\u00e8re \u00e0 celui qui le porte des pouvoirs d\u00e9moniaques !<\/p>\n<p style=\"text-align: center;\">Le d\u00e9cor ? Le majestueux Ch\u00e2teau d\u2019Osaka, en 1612. Vous disposerez de seulement 60 minutes pour d\u00e9couvrir les myst\u00e8res du ch\u00e2teau, retrouver le Masque et d\u00e9couvrir un passage secret pour vous \u00e9chapper avant le retour du Samoura\u00ef.<\/p>\n<p style=\"text-align: center;\">Pr\u00eats pour une escapade au Japon m\u00e9di\u00e9val ?<\/p>\n<p>[\/vc_column_text][\/vc_column][vc_column width=&#8221;1\/3&#8243;][vc_empty_space height=&#8221;64&#8243;][vc_custom_heading text=&#8221;EN CHIFFRES &#8230;&#8221; font_container=&#8221;tag:h3|text_align:center|color:%23fdb713&#8243; use_theme_fonts=&#8221;yes&#8221;]<div class=\"infobox text-center \">\n\t\t\t\t<div class=\"icon\">\n\t\t\t\t\t<i style=\"color:#fdb713;\" class=\"pe-7s-gym pe-4x\"><\/i>\n\t\t\t\t<\/div>\n\t\t\t\t<h4 style=\"color:#6b6b6b;\">Difficult\u00e9<\/h4>\n\t\t\t\t<p style=\"color:#282828;\">65%<\/p>\n\t\t\t  <\/div><div class=\"infobox text-center \">\n\t\t\t\t<div class=\"icon\">\n\t\t\t\t\t<i style=\"color:#fdb713;\" class=\"pe-7s-glasses pe-4x\"><\/i>\n\t\t\t\t<\/div>\n\t\t\t\t<h4 style=\"color:#6b6b6b;\">Fouille\/Observation<\/h4>\n\t\t\t\t<p style=\"color:#282828;\">65%<\/p>\n\t\t\t  <\/div><div class=\"infobox text-center \">\n\t\t\t\t<div class=\"icon\">\n\t\t\t\t\t<i style=\"color:#fdb713;\" class=\"pe-7s-science pe-4x\"><\/i>\n\t\t\t\t<\/div>\n\t\t\t\t<h4 style=\"color:#6b6b6b;\">Enigme\/D\u00e9duction<\/h4>\n\t\t\t\t<p style=\"color:#282828;\">75%<\/p>\n\t\t\t  <\/div>[vc_empty_space][\/vc_column][\/vc_row][vc_row full_width=&#8221;stretch_row_content&#8221; el_class=&#8221;hide-on-mobile&#8221; css=&#8221;.vc_custom_1750755836370{background-color: rgba(255,255,255,0.79) !important;*background-color: rgb(255,255,255) !important;}&#8221;][vc_column][vc_empty_space height=&#8221;30px&#8221;][vc_column_text]<div id=\"wpfp_e6232e2fbf8df88a4b41d91ae5c929e4\" data-item=\"{&quot;sources&quot;:[{&quot;src&quot;:&quot;https:\\\/\\\/steamescape.fr\\\/limoges\\\/wp-content\\\/uploads\\\/2025\\\/06\\\/Samourai.mp4&quot;,&quot;type&quot;:&quot;video\\\/mp4&quot;}],&quot;id&quot;:&quot;4&quot;,&quot;splash&quot;:&quot;https:\\\/\\\/steamescape.fr\\\/limoges\\\/wp-content\\\/uploads\\\/2025\\\/06\\\/Samourai-mp4-image.png&quot;}\" class=\"flowplayer no-brand is-splash is-paused skin-slim no-svg fp-slim fp-edgy\" data-fvautoplay=\"muted\" style=\"position:relative; max-width: 1920px; max-height: 1080px; \" data-ratio=\"0.5625\" data-advance=\"false\" data-player-id=\"4\">\n\t<div class=\"fp-ratio\" style=\"padding-top: 56.25%\"><\/div>\n\t<img decoding=\"async\" class=\"fp-splash\" alt=\"video\" src=\"https:\/\/steamescape.fr\/limoges\/wp-content\/uploads\/2025\/06\/Samourai-mp4-image.png\" style=\"position:absolute;top:0;width:100%\" \/>\n\t<div class=\"fp-ui\"><noscript>Please enable JavaScript<\/noscript><div class=\"fp-play fp-visible\"><svg class=\"fp-play-sharp-fill\" xmlns=\"http:\/\/www.w3.org\/2000\/svg\" viewBox=\"0 0 100 100\"><defs><style>.fp-color-play{opacity:0.65;}.controlbutton{fill:#fff;}<\/style><\/defs><title>play-sharp-fill<\/title><path class=\"fp-color-play\" d=\"M49.9217-.078a50,50,0,1,0,50,50A50.0564,50.0564,0,0,0,49.9217-.078Z\"\/><polygon class=\"controlbutton\" points=\"73.601 50 37.968 70.573 37.968 29.427 73.601 50\" filter=\"url(#f1)\"\/><\/svg><\/div><div class=\"fp-preload\"><b><\/b><b><\/b><b><\/b><b><\/b><\/div><\/div>\n\n<\/div>\n[\/vc_column_text][vc_empty_space height=&#8221;30px&#8221;][\/vc_column][\/vc_row][vc_row full_width=&#8221;stretch_row&#8221; css=&#8221;.vc_custom_1725386151164{background-image: url(http:\/\/steamescape.fr\/limoges\/wp-content\/uploads\/2024\/04\/434445596_642114824734620_5484624321572680005_n.png?id=1812) !important;background-position: center !important;background-repeat: no-repeat !important;background-size: cover !important;}&#8221;][vc_column width=&#8221;2\/5&#8243; el_class=&#8221;.vc_column_container&#8221;][vc_empty_space height=&#8221;45px&#8221;][vc_empty_space height=&#8221;45px&#8221;][vc_custom_heading text=&#8221;Cette mission est pour moi si &#8230;&#8221; font_container=&#8221;tag:h2|text_align:center|color:%23fdb713&#8243; use_theme_fonts=&#8221;yes&#8221;][vc_single_image image=&#8221;1915&#8243; img_size=&#8221;medium&#8221; alignment=&#8221;center&#8221; css_animation=&#8221;fadeIn&#8221;][vc_empty_space height=&#8221;15px&#8221;][vc_custom_heading text=&#8221;&#8230; Je veux pouvoir choisir la difficult\u00e9&#8221; font_container=&#8221;tag:h4|text_align:center|color:%230a0000&#8243; use_theme_fonts=&#8221;yes&#8221; css_animation=&#8221;fadeInDown&#8221;][vc_empty_space height=&#8221;15px&#8221;][vc_custom_heading text=&#8221;&#8230; J&#8217;aime les \u00e9nigmes et les m\u00e9canismes originaux&#8221; font_container=&#8221;tag:h4|text_align:center|color:%230a0000&#8243; use_theme_fonts=&#8221;yes&#8221; css_animation=&#8221;fadeInDown&#8221;][vc_empty_space height=&#8221;15px&#8221;][vc_custom_heading text=&#8221;&#8230; Je veux des passages secrets surprenants&#8221; font_container=&#8221;tag:h4|text_align:center|color:%230a0000&#8243; use_theme_fonts=&#8221;yes&#8221; css_animation=&#8221;fadeInDown&#8221;][vc_empty_space height=&#8221;25px&#8221;][vc_custom_heading text=&#8221;&#8230; Je veux jouer au frais cet \u00e9t\u00e9 !&#8221; font_container=&#8221;tag:h4|text_align:center|color:%230a0000&#8243; use_theme_fonts=&#8221;yes&#8221; css_animation=&#8221;fadeInDown&#8221;][vc_empty_space height=&#8221;25px&#8221;][\/vc_column][vc_column width=&#8221;1\/5&#8243;][vc_empty_space height=&#8221;55px&#8221;][vc_empty_space height=&#8221;55px&#8221;][vc_single_image image=&#8221;1967&#8243; img_size=&#8221;medium&#8221; alignment=&#8221;center&#8221; css_animation=&#8221;fadeIn&#8221; el_class=&#8221;hide-on-mobile&#8221;][\/vc_column][vc_column width=&#8221;2\/5&#8243;][vc_empty_space height=&#8221;45px&#8221;][vc_empty_space height=&#8221;45px&#8221;][vc_custom_heading text=&#8221;Cette mission c&#8217;est &#8230;&#8221; font_container=&#8221;tag:h2|text_align:center|color:%23fdb713&#8243; use_theme_fonts=&#8221;yes&#8221;][vc_single_image image=&#8221;1915&#8243; img_size=&#8221;medium&#8221; alignment=&#8221;center&#8221; css_animation=&#8221;fadeIn&#8221;][vc_empty_space height=&#8221;15px&#8221;][vc_empty_space height=&#8221;15px&#8221;][vc_custom_heading text=&#8221;&#8230; La premi\u00e8re \u00e0 proposer 2 niveaux de difficult\u00e9 !&#8221; font_container=&#8221;tag:h4|text_align:center|color:%230a0000&#8243; use_theme_fonts=&#8221;yes&#8221; css_animation=&#8221;fadeInDown&#8221;][vc_empty_space height=&#8221;15px&#8221;][vc_custom_heading text=&#8221;&#8230; Une exp\u00e9rience immersive et captivante&#8221; font_container=&#8221;tag:h4|text_align:center|color:%230a0000&#8243; use_theme_fonts=&#8221;yes&#8221; css_animation=&#8221;fadeInDown&#8221;][vc_empty_space height=&#8221;15px&#8221;][vc_custom_heading text=&#8221;&#8230; Notre aventure la plus ambitieuse techniquement&#8221; font_container=&#8221;tag:h4|text_align:center|color:%230a0000&#8243; use_theme_fonts=&#8221;yes&#8221; css_animation=&#8221;fadeInDown&#8221;][vc_empty_space height=&#8221;35px&#8221;][\/vc_column][\/vc_row][vc_row awb_type=&#8221;image&#8221; awb_stretch=&#8221;1&#8243; awb_image_background_position=&#8221;50% 50%&#8221; awb_color=&#8221;rgba(255,255,255,0.61)&#8221; awb_parallax=&#8221;scroll-opacity&#8221; awb_parallax_speed=&#8221;0.5&#8243; awb_mouse_parallax=&#8221;1&#8243; awb_mouse_parallax_size=&#8221;30&#8243; awb_mouse_parallax_speed=&#8221;10000&#8243; css=&#8221;.vc_custom_1750756185733{background-position: center !important;background-repeat: no-repeat !important;background-size: cover !important;}&#8221; awb_image=&#8221;2769&#8243;][vc_column width=&#8221;1\/6&#8243;][\/vc_column][vc_column width=&#8221;2\/3&#8243;][vc_empty_space height=&#8221;55px&#8221;][vc_empty_space height=&#8221;55px&#8221;][vc_single_image image=&#8221;1915&#8243; img_size=&#8221;full&#8221; alignment=&#8221;center&#8221; css_animation=&#8221;fadeIn&#8221;][vc_empty_space height=&#8221;55px&#8221;][vc_custom_heading text=&#8221;R\u00e9server mon aventure &#8221; font_container=&#8221;tag:h1|text_align:center|color:%23fdb713&#8243; use_theme_fonts=&#8221;yes&#8221;][vc_column_text]<\/p>\n<div class=\"forescape\" style=\"text-align: center;\" data-subdomain=\"steam-limoges\" data-type=\"bookings\" data-rooms=\"642d7fdc2190733d856f48a8\"><\/div>\n<p><script>!function(e,t){var r=e.createElement(t),a=e.getElementsByTagName(t)[0],n=new Date,s=\"\"+n.getFullYear()+(\"0\"+(n.getMonth()+1)).slice(-2)+(\"0\"+n.getDate()).slice(-2);r.defer=1,r.src=\"https:\/\/steam-limoges.4escape.io\/public\/js\/iframe.min.js?v=\"+s,a.parentNode.insertBefore(r,a)}(document,\"script\");<\/script>[\/vc_column_text][\/vc_column][vc_column width=&#8221;1\/6&#8243;][\/vc_column][vc_column][\/vc_column][\/vc_row][vc_row][vc_column][vc_empty_space height=&#8221;30&#8243;][\/vc_column][\/vc_row]<\/p>\n","protected":false},"excerpt":{"rendered":"<p>[vc_row awb_type=&#8221;video&#8221; awb_stretch=&#8221;1&#8243; awb_image_background_position=&#8221;50% 50%&#8221; awb_parallax=&#8221;scroll-opacity&#8221; awb_parallax_speed=&#8221;0.5&#8243; awb_mouse_parallax=&#8221;1&#8243; awb_mouse_parallax_size=&#8221;30&#8243; awb_mouse_parallax_speed=&#8221;10000&#8243; el_class=&#8221;hide-on-mobile&#8221; awb_video_mp4=&#8221;3086&#8243; awb_image=&#8221;1532&#8243;][vc_column][vc_empty_space height=&#8221;300px&#8221;][vc_custom_heading text=&#8221;Le Masque du Samoura\u00ef&#8221; font_container=&#8221;tag:h1|text_align:center|color:%23fcf9f2&#8243; use_theme_fonts=&#8221;yes&#8221;][vc_empty_space height=&#8221;300px&#8221;][\/vc_column][\/vc_row][vc_row full_width=&#8221;stretch_row_content_no_spaces&#8221; fullwidth=&#8221;yes&#8221; el_class=&#8221;hide-on-desktop&#8221; css=&#8221;.vc_custom_1750758474451{background-color: rgba(255,255,255,0.79) !important;*background-color: rgb(255,255,255) !important;}&#8221;][vc_column][vc_empty_space height=&#8221;85px&#8221;][vc_column_text][\/vc_column_text][vc_empty_space height=&#8221;30px&#8221;][\/vc_column][\/vc_row][vc_row full_width=&#8221;stretch_row&#8221; css=&#8221;.vc_custom_1713019177121{background-color: rgba(247,247,247,0.8) !important;*background-color: rgb(247,247,247) !important;}&#8221;][vc_column width=&#8221;1\/3&#8243;][vc_empty_space height=&#8221;64&#8243;][vc_custom_heading text=&#8221;GALERIE&#8221; font_container=&#8221;tag:h3|text_align:center|color:%23fdb713&#8243; use_theme_fonts=&#8221;yes&#8221;][\/vc_column][vc_column width=&#8221;1\/3&#8243;][vc_empty_space height=&#8221;64&#8243;][vc_custom_heading text=&#8221;DESCRIPTION&#8221; font_container=&#8221;tag:h3|text_align:center|color:%23fdb713&#8243; use_theme_fonts=&#8221;yes&#8221;][vc_column_text] Embarquez pour une aventure \u00e9pique au c\u0153ur du [&hellip;]<\/p>\n","protected":false},"author":1,"featured_media":0,"parent":0,"menu_order":0,"comment_status":"closed","ping_status":"closed","template":"page-nosidebar.php","meta":{"footnotes":""},"class_list":["post-1468","page","type-page","status-publish","hentry"],"_links":{"self":[{"href":"https:\/\/steamescape.fr\/limoges\/index.php\/wp-json\/wp\/v2\/pages\/1468","targetHints":{"allow":["GET"]}}],"collection":[{"href":"https:\/\/steamescape.fr\/limoges\/index.php\/wp-json\/wp\/v2\/pages"}],"about":[{"href":"https:\/\/steamescape.fr\/limoges\/index.php\/wp-json\/wp\/v2\/types\/page"}],"author":[{"embeddable":true,"href":"https:\/\/steamescape.fr\/limoges\/index.php\/wp-json\/wp\/v2\/users\/1"}],"replies":[{"embeddable":true,"href":"https:\/\/steamescape.fr\/limoges\/index.php\/wp-json\/wp\/v2\/comments?post=1468"}],"version-history":[{"count":92,"href":"https:\/\/steamescape.fr\/limoges\/index.php\/wp-json\/wp\/v2\/pages\/1468\/revisions"}],"predecessor-version":[{"id":3124,"href":"https:\/\/steamescape.fr\/limoges\/index.php\/wp-json\/wp\/v2\/pages\/1468\/revisions\/3124"}],"wp:attachment":[{"href":"https:\/\/steamescape.fr\/limoges\/index.php\/wp-json\/wp\/v2\/media?parent=1468"}],"curies":[{"name":"wp","href":"https:\/\/api.w.org\/{rel}","templated":true}]}}