{"id":1195,"date":"2024-03-17T00:12:12","date_gmt":"2024-03-16T23:12:12","guid":{"rendered":"http:\/\/steamescape.fr\/limoges\/?page_id=1195"},"modified":"2026-03-31T14:30:28","modified_gmt":"2026-03-31T12:30:28","slug":"jules-vernes","status":"publish","type":"page","link":"https:\/\/steamescape.fr\/limoges\/index.php\/jules-vernes\/","title":{"rendered":"Les Voyages Extraordinaires de Jules Verne"},"content":{"rendered":"<p>[vc_row awb_type=&#8221;image&#8221; awb_stretch=&#8221;1&#8243; awb_image_background_position=&#8221;50% 50%&#8221; awb_color=&#8221;rgba(252,252,252,0.3)&#8221; awb_parallax=&#8221;scroll&#8221; awb_parallax_speed=&#8221;0.5&#8243; awb_parallax_mobile=&#8221;1&#8243; awb_mouse_parallax=&#8221;1&#8243; awb_mouse_parallax_size=&#8221;30&#8243; awb_mouse_parallax_speed=&#8221;10000&#8243; css=&#8221;.vc_custom_1774960069778{background-color: rgba(226,226,226,0.69) !important;*background-color: rgb(226,226,226) !important;}&#8221; awb_image=&#8221;2680&#8243;][vc_column][vc_empty_space][vc_empty_space][vc_single_image image=&#8221;1919&#8243; img_size=&#8221;large&#8221; alignment=&#8221;center&#8221; css_animation=&#8221;fadeIn&#8221;][vc_empty_space][vc_custom_heading text=&#8221;Pr\u00eat pour une chasse au tr\u00e9sor extraordinaire ?&#8221; font_container=&#8221;tag:h2|text_align:center|color:%23fdb713&#8243; use_theme_fonts=&#8221;yes&#8221; css_animation=&#8221;fadeIn&#8221; el_class=&#8221;img-contour&#8221;][vc_empty_space][vc_custom_heading text=&#8221;Notre plus Grande Aventure !<br \/>\nUn d\u00e9fi s&#8217;adaptant \u00e0 tous les lieux, jusqu&#8217;\u00e0 200 joueurs, d&#8217;une dur\u00e9e modulable !&#8221; font_container=&#8221;tag:h4|text_align:center|color:%230a0000&#8243; use_theme_fonts=&#8221;yes&#8221; css_animation=&#8221;fadeIn&#8221; el_class=&#8221;img-contour2&#8243;][vc_empty_space][vc_custom_heading text=&#8221;Envie d&#8217;un aper\u00e7u ? Regardez \u00e7a! &#8221; font_container=&#8221;tag:h2|text_align:center|color:%23fdb713&#8243; use_theme_fonts=&#8221;yes&#8221; css_animation=&#8221;fadeIn&#8221; el_class=&#8221;img-contour&#8221;][vc_row_inner][vc_column_inner][vc_video link=&#8221;https:\/\/www.youtube.com\/watch?v=eEQspNtdnbY&amp;t=72s&#8221; align=&#8221;center&#8221; css_animation=&#8221;fadeIn&#8221; el_class=&#8221;img-contour2&#8243;][\/vc_column_inner][\/vc_row_inner][vc_empty_space height=&#8221;20px&#8221;][vc_empty_space height=&#8221;20px&#8221;][vc_single_image image=&#8221;1919&#8243; img_size=&#8221;large&#8221; alignment=&#8221;center&#8221; css_animation=&#8221;fadeIn&#8221;][vc_empty_space height=&#8221;20px&#8221;][vc_empty_space height=&#8221;20px&#8221;][vc_empty_space height=&#8221;10px&#8221;][vc_custom_heading text=&#8221;Toutes les infos sur cette activit\u00e9 : &#8221; font_container=&#8221;tag:h4|text_align:center|color:%230a0000&#8243; use_theme_fonts=&#8221;yes&#8221; css_animation=&#8221;fadeIn&#8221; el_class=&#8221;img-contour2&#8243;][vc_row_inner][vc_column_inner width=&#8221;1\/6&#8243;][vc_empty_space height=&#8221;300px&#8221; el_class=&#8221;hide-on-mobile&#8221;][vc_single_image image=&#8221;2007&#8243; img_size=&#8221;large&#8221; alignment=&#8221;center&#8221; css_animation=&#8221;fadeIn&#8221; el_class=&#8221;hide-on-mobile&#8221;][\/vc_column_inner][vc_column_inner width=&#8221;4\/6&#8243;][vc_single_image image=&#8221;2001&#8243; img_size=&#8221;full&#8221; alignment=&#8221;center&#8221; onclick=&#8221;zoom&#8221; css_animation=&#8221;fadeIn&#8221; el_class=&#8221;cadre-image&#8221;][\/vc_column_inner][vc_column_inner width=&#8221;1\/6&#8243;][vc_empty_space height=&#8221;300px&#8221; el_class=&#8221;hide-on-mobile&#8221;][vc_single_image image=&#8221;2009&#8243; img_size=&#8221;large&#8221; alignment=&#8221;center&#8221; css_animation=&#8221;fadeIn&#8221; el_class=&#8221;hide-on-mobile&#8221;][\/vc_column_inner][\/vc_row_inner][vc_empty_space][vc_empty_space][vc_single_image image=&#8221;1919&#8243; img_size=&#8221;large&#8221; alignment=&#8221;center&#8221; css_animation=&#8221;fadeIn&#8221;][vc_empty_space][vc_empty_space][vc_custom_heading text=&#8221;Les lieux ayant d\u00e9j\u00e0 accueilli cette activit\u00e9&#8221; font_container=&#8221;tag:h2|text_align:center|color:%23fdb713&#8243; use_theme_fonts=&#8221;yes&#8221; css_animation=&#8221;fadeIn&#8221; el_class=&#8221;img-contour&#8221;][vc_empty_space][vc_custom_heading text=&#8221;Vous vous demandez o\u00f9 organiser cette aventure ? Des tr\u00e9sors ont d\u00e9j\u00e0 \u00e9t\u00e9 d\u00e9couverts &#8230;&#8221; font_container=&#8221;tag:h4|text_align:center|color:%23ffffff&#8221; use_theme_fonts=&#8221;yes&#8221; css_animation=&#8221;fadeIn&#8221; el_class=&#8221;img-contour&#8221;][vc_empty_space][vc_custom_heading text=&#8221;Au Peuplier&#8221; font_container=&#8221;tag:h4|text_align:center|color:%230a0000&#8243; use_theme_fonts=&#8221;yes&#8221; css_animation=&#8221;fadeIn&#8221; el_class=&#8221;img-contour2&#8243;][vc_custom_heading text=&#8221;Au Ch\u00e2teau de La Borie&#8221; font_container=&#8221;tag:h4|text_align:center|color:%230a0000&#8243; use_theme_fonts=&#8221;yes&#8221; css_animation=&#8221;fadeIn&#8221; el_class=&#8221;img-contour2&#8243;][vc_custom_heading text=&#8221;A l&#8217;Aquapolis&#8221; font_container=&#8221;tag:h4|text_align:center|color:%230a0000&#8243; use_theme_fonts=&#8221;yes&#8221; css_animation=&#8221;fadeIn&#8221; el_class=&#8221;img-contour2&#8243;][vc_custom_heading text=&#8221;Au Poudrier&#8221; font_container=&#8221;tag:h4|text_align:center|color:%230a0000&#8243; use_theme_fonts=&#8221;yes&#8221; css_animation=&#8221;fadeIn&#8221; el_class=&#8221;img-contour2&#8243;][vc_custom_heading text=&#8221;&#8230; Et bien d&#8217;autres !&#8221; font_container=&#8221;tag:h4|text_align:center|color:%230a0000&#8243; use_theme_fonts=&#8221;yes&#8221; css_animation=&#8221;fadeIn&#8221; el_class=&#8221;img-contour2&#8243;][vc_empty_space][vc_custom_heading text=&#8221;Meurtre au Manoir est une activit\u00e9 pouvant s&#8217;adapter \u00e0 tous types de lieux : elle peut aussi bien s&#8217;installer dans un h\u00f4tel, un restaurant ou un tiers lieu ! &#8221; font_container=&#8221;tag:h4|text_align:center|color:%230a0000&#8243; use_theme_fonts=&#8221;yes&#8221; css_animation=&#8221;fadeIn&#8221; el_class=&#8221;img-contour2&#8243;][vc_empty_space][vc_empty_space][\/vc_column][\/vc_row][vc_row full_width=&#8221;stretch_row&#8221; css=&#8221;.vc_custom_1712951625293{background-color: rgba(43,46,52,0.8) !important;*background-color: rgb(43,46,52) !important;}&#8221;][vc_column width=&#8221;1\/3&#8243;][vc_empty_space height=&#8221;150px&#8221; el_class=&#8221;hide-on-mobile&#8221;][vc_single_image image=&#8221;2010&#8243; img_size=&#8221;full&#8221; alignment=&#8221;center&#8221; css_animation=&#8221;fadeIn&#8221; el_class=&#8221;hide-on-mobile&#8221;][\/vc_column][vc_column width=&#8221;1\/3&#8243;][vc_empty_space][vc_empty_space][vc_custom_heading text=&#8221;Besoin d&#8217;un devis ?<br \/>\nContactez-nous !&#8221; font_container=&#8221;tag:h2|text_align:center|color:%23ffffff&#8221; use_theme_fonts=&#8221;yes&#8221; el_class=&#8221;img-contour2&#8243;]\n<div class=\"wpcf7 no-js\" id=\"wpcf7-f5-o1\" lang=\"fr-FR\" dir=\"ltr\" data-wpcf7-id=\"5\">\n<div class=\"screen-reader-response\"><p role=\"status\" aria-live=\"polite\" aria-atomic=\"true\"><\/p> <ul><\/ul><\/div>\n<form action=\"\/limoges\/index.php\/wp-json\/wp\/v2\/pages\/1195#wpcf7-f5-o1\" method=\"post\" class=\"wpcf7-form init\" aria-label=\"Formulaire de contact\" novalidate=\"novalidate\" data-status=\"init\">\n<fieldset class=\"hidden-fields-container\"><input type=\"hidden\" name=\"_wpcf7\" value=\"5\" \/><input type=\"hidden\" name=\"_wpcf7_version\" value=\"6.1.5\" \/><input type=\"hidden\" name=\"_wpcf7_locale\" value=\"fr_FR\" \/><input type=\"hidden\" name=\"_wpcf7_unit_tag\" value=\"wpcf7-f5-o1\" \/><input type=\"hidden\" name=\"_wpcf7_container_post\" value=\"0\" \/><input type=\"hidden\" name=\"_wpcf7_posted_data_hash\" value=\"\" \/><input type=\"hidden\" name=\"_wpcf7_recaptcha_response\" value=\"\" \/>\n<\/fieldset>\n<p><label> <\/label>\n<\/p>\n<p style=\"text-align: left;\"><span style=\"color: #fdb713;\"><b>Votre nom :<\/b><\/span>\n<\/p>\n<p><span class=\"wpcf7-form-control-wrap\" data-name=\"your-name\"><input size=\"40\" maxlength=\"400\" class=\"wpcf7-form-control wpcf7-text wpcf7-validates-as-required\" aria-required=\"true\" aria-invalid=\"false\" value=\"\" type=\"text\" name=\"your-name\" \/><\/span>\n<\/p>\n<p><label> <\/label>\n<\/p>\n<p style=\"text-align: left;\"><span style=\"color: #fdb713;\"><b>Votre e-mail :<\/b><\/span>\n<\/p>\n<p><span class=\"wpcf7-form-control-wrap\" data-name=\"your-email\"><input size=\"40\" maxlength=\"400\" class=\"wpcf7-form-control wpcf7-email wpcf7-validates-as-required wpcf7-text wpcf7-validates-as-email\" aria-required=\"true\" aria-invalid=\"false\" value=\"\" type=\"email\" name=\"your-email\" \/><\/span>\n<\/p>\n<p><label> <\/label>\n<\/p>\n<p style=\"text-align: left;\"><span style=\"color: #fdb713;\"><b>Votre t\u00e9l\u00e9phone :<\/b><\/span>\n<\/p>\n<p><span class=\"wpcf7-form-control-wrap\" data-name=\"your-phone\"><input size=\"40\" maxlength=\"400\" class=\"wpcf7-form-control wpcf7-tel wpcf7-validates-as-required wpcf7-text wpcf7-validates-as-tel\" aria-required=\"true\" aria-invalid=\"false\" value=\"\" type=\"tel\" name=\"your-phone\" \/><\/span>\n<\/p>\n<p><label> <\/label>\n<\/p>\n<p style=\"text-align: left;\"><span style=\"color: #fdb713;\"><b>Sujet de votre missive :<\/b><\/span>\n<\/p>\n<p><span class=\"wpcf7-form-control-wrap\" data-name=\"your-subject\"><input size=\"40\" maxlength=\"400\" class=\"wpcf7-form-control wpcf7-text wpcf7-validates-as-required\" aria-required=\"true\" aria-invalid=\"false\" value=\"\" type=\"text\" name=\"your-subject\" \/><\/span>\n<\/p>\n<p><label> <\/label>\n<\/p>\n<p style=\"text-align: left;\"><span style=\"color: #fdb713;\"><b>Votre missive:<\/b><\/span>\n<\/p>\n<p><span class=\"wpcf7-form-control-wrap\" data-name=\"your-message\"><textarea cols=\"40\" rows=\"10\" maxlength=\"2000\" class=\"wpcf7-form-control wpcf7-textarea\" aria-invalid=\"false\" name=\"your-message\"><\/textarea><\/span>\n<\/p>\n<p><input class=\"wpcf7-form-control wpcf7-submit has-spinner\" type=\"submit\" value=\"Envoyer le pigeon voyageur\" \/>\n<\/p><input type=\"hidden\" id=\"ct_checkjs_cf7_5e9f92a01c986bafcabbafd145520b13\" name=\"ct_checkjs_cf7\" value=\"0\" \/><script >setTimeout(function(){var ct_input_name = \"ct_checkjs_cf7_5e9f92a01c986bafcabbafd145520b13\";if (document.getElementById(ct_input_name) !== null) {var ct_input_value = document.getElementById(ct_input_name).value;document.getElementById(ct_input_name).value = document.getElementById(ct_input_name).value.replace(ct_input_value, '51e7b4886449871b71f4fce51f7443431e4110bab7c6ce2a6f606fe4c16d7867');}}, 1000);<\/script><input\n                    class=\"apbct_special_field apbct_email_id__wp_contact_form_7\"\n                    name=\"apbct__email_id__wp_contact_form_7\"\n                    aria-label=\"apbct__label_id__wp_contact_form_7\"\n                    type=\"text\" size=\"30\" maxlength=\"200\" autocomplete=\"off\"\n                    value=\"\"\n                \/><div class=\"wpcf7-response-output\" aria-hidden=\"true\"><\/div>\n<\/form>\n<\/div>\n[vc_empty_space height=&#8221;30px&#8221; el_class=&#8221;hide-on-mobile&#8221;][\/vc_column][vc_column width=&#8221;1\/3&#8243;][vc_empty_space height=&#8221;150px&#8221; el_class=&#8221;hide-on-mobile&#8221;][vc_single_image image=&#8221;2008&#8243; img_size=&#8221;full&#8221; alignment=&#8221;center&#8221; css_animation=&#8221;fadeIn&#8221; el_class=&#8221;hide-on-mobile&#8221;][\/vc_column][\/vc_row][vc_row][vc_column][vc_empty_space height=&#8221;70px&#8221;][vc_column_text]<\/p>\n<div class=\"vc_row wpb_row vc_row-fluid\">\n<div class=\"container\">\n<div class=\"row\">\n<div class=\"wpb_column vc_column_container vc_col-sm-12\">\n<div class=\"vc_column-inner\">\n<div class=\"wpb_wrapper\">\n<div class=\"wpb_text_column wpb_content_element \">\n<div class=\"wpb_wrapper\">\n<p style=\"text-align: center;\">COPYRIGHT \u00a9 2015 S.T.E.A.M. THE ESCAPE GAME. ALL RIGHTS RESERVED.<\/p>\n<\/div>\n<\/div>\n<\/div>\n<\/div>\n<\/div>\n<\/div>\n<\/div>\n<\/div>\n<div class=\"vc_row wpb_row vc_row-fluid\">\n<div class=\"container\">\n<div class=\"row\" style=\"text-align: center;\"><\/div>\n<\/div>\n<\/div>\n<p>[\/vc_column_text][\/vc_column][\/vc_row]<\/p>\n","protected":false},"excerpt":{"rendered":"<p>[vc_row awb_type=&#8221;image&#8221; awb_stretch=&#8221;1&#8243; awb_image_background_position=&#8221;50% 50%&#8221; awb_color=&#8221;rgba(252,252,252,0.3)&#8221; awb_parallax=&#8221;scroll&#8221; awb_parallax_speed=&#8221;0.5&#8243; awb_parallax_mobile=&#8221;1&#8243; awb_mouse_parallax=&#8221;1&#8243; awb_mouse_parallax_size=&#8221;30&#8243; awb_mouse_parallax_speed=&#8221;10000&#8243; css=&#8221;.vc_custom_1774960069778{background-color: rgba(226,226,226,0.69) !important;*background-color: rgb(226,226,226) !important;}&#8221; awb_image=&#8221;2680&#8243;][vc_column][vc_empty_space][vc_empty_space][vc_single_image image=&#8221;1919&#8243; img_size=&#8221;large&#8221; alignment=&#8221;center&#8221; css_animation=&#8221;fadeIn&#8221;][vc_empty_space][vc_custom_heading text=&#8221;Pr\u00eat pour une chasse au tr\u00e9sor extraordinaire ?&#8221; font_container=&#8221;tag:h2|text_align:center|color:%23fdb713&#8243; use_theme_fonts=&#8221;yes&#8221; css_animation=&#8221;fadeIn&#8221; el_class=&#8221;img-contour&#8221;][vc_empty_space][vc_custom_heading text=&#8221;Notre plus Grande Aventure ! Un d\u00e9fi s&#8217;adaptant \u00e0 tous les lieux, jusqu&#8217;\u00e0 200 joueurs, d&#8217;une dur\u00e9e modulable !&#8221; font_container=&#8221;tag:h4|text_align:center|color:%230a0000&#8243; use_theme_fonts=&#8221;yes&#8221; [&hellip;]<\/p>\n","protected":false},"author":1,"featured_media":0,"parent":0,"menu_order":0,"comment_status":"closed","ping_status":"closed","template":"","meta":{"footnotes":""},"class_list":["post-1195","page","type-page","status-publish","hentry"],"_links":{"self":[{"href":"https:\/\/steamescape.fr\/limoges\/index.php\/wp-json\/wp\/v2\/pages\/1195","targetHints":{"allow":["GET"]}}],"collection":[{"href":"https:\/\/steamescape.fr\/limoges\/index.php\/wp-json\/wp\/v2\/pages"}],"about":[{"href":"https:\/\/steamescape.fr\/limoges\/index.php\/wp-json\/wp\/v2\/types\/page"}],"author":[{"embeddable":true,"href":"https:\/\/steamescape.fr\/limoges\/index.php\/wp-json\/wp\/v2\/users\/1"}],"replies":[{"embeddable":true,"href":"https:\/\/steamescape.fr\/limoges\/index.php\/wp-json\/wp\/v2\/comments?post=1195"}],"version-history":[{"count":53,"href":"https:\/\/steamescape.fr\/limoges\/index.php\/wp-json\/wp\/v2\/pages\/1195\/revisions"}],"predecessor-version":[{"id":3355,"href":"https:\/\/steamescape.fr\/limoges\/index.php\/wp-json\/wp\/v2\/pages\/1195\/revisions\/3355"}],"wp:attachment":[{"href":"https:\/\/steamescape.fr\/limoges\/index.php\/wp-json\/wp\/v2\/media?parent=1195"}],"curies":[{"name":"wp","href":"https:\/\/api.w.org\/{rel}","templated":true}]}}