{"id":1164,"date":"2024-03-16T12:35:42","date_gmt":"2024-03-16T11:35:42","guid":{"rendered":"http:\/\/steamescape.fr\/limoges\/?page_id=1164"},"modified":"2025-05-15T17:28:06","modified_gmt":"2025-05-15T15:28:06","slug":"cgv","status":"publish","type":"page","link":"https:\/\/steamescape.fr\/limoges\/index.php\/cgv\/","title":{"rendered":"CGV"},"content":{"rendered":"<p>[vc_row full_width=&#8221;stretch_row&#8221; css=&#8221;.vc_custom_1734098697936{background-position: center !important;background-repeat: no-repeat !important;background-size: cover !important;}&#8221;][vc_column][vc_column_text css=&#8221;.vc_custom_1734098635167{background-color: rgba(255,255,255,0.53) !important;*background-color: rgb(255,255,255) !important;}&#8221;]<\/p>\r\n<h1 class=\"wp-block-heading\">Conditions G\u00e9n\u00e9rales de Vente<\/h1>\r\n\r\n<p>Conditions g\u00e9n\u00e9rales de vente de la soci\u00e9t\u00e9 SARL LAPIN TEMPOREL, soci\u00e9t\u00e9 franchis\u00e9e &#8220;STEAM THE ESCAPE GAME&#8221;.<\/p>\r\n\r\n<p><strong>ARTICLE 1 : APPLICATION<\/strong><\/p>\r\n\r\n<p>Les pr\u00e9sentes conditions g\u00e9n\u00e9rales de vente (ci-apr\u00e8s d\u00e9nomm\u00e9es \u00a0\u00bb Conditions \u00ab ) r\u00e9gissent l\u2019activit\u00e9 de la soci\u00e9t\u00e9 ALAPIN TEMPOREL, soci\u00e9t\u00e9 franchis\u00e9e &#8220;STEAM THE ESCAPE GAME&#8221;, SAS au capital de 5 000\u20ac immatricul\u00e9e au RCS de Limoges sous le num\u00e9ro SIRET 90903947100018, dont le si\u00e8ge social est situ\u00e9 au 365 Rue de Toulouse 87000 LIMOGES et exer\u00e7ant son activit\u00e9 dans son \u00e9tablissement sis au 365 Rue de Toulouse 87000 LIMOGES (ci-apr\u00e8s \u00ab SARL LAPIN TEMPOREL, soci\u00e9t\u00e9 franchis\u00e9e &#8220;STEAM THE ESCAPE GAME&#8221; \u00bb).<\/p>\r\n\r\n<p>Elles sont port\u00e9es \u00e0 la connaissance de toute personne physique ou morale souhaitant proc\u00e9der \u00e0 un achat via le site Internet\u00a0<a href=\"https:\/\/steamescape.fr\/limoges-escape-game\" target=\"_blank\" rel=\"noreferrer noopener\">https:\/\/steamescape.fr\/limoges<\/a>\u00a0(ci-apr\u00e8s \u00ab le client \u00bb) et fixent les dispositions contractuelles et les conditions applicables \u00e0 toute r\u00e9servation effectu\u00e9e sur ce site.<\/p>\r\n<p>SARL LAPIN TEMPOREL, soci\u00e9t\u00e9 franchis\u00e9e &#8220;STEAM THE ESCAPE GAME&#8221; se r\u00e9serve le droit de modifier ou d\u2019annuler les termes et conditions et le contenu du site \u00e0 tout moment \u00e0 sa seule volont\u00e9 et sans pr\u00e9avis. Les termes et conditions de ce contrat s\u2019appliquent \u00e0 tous les visiteurs du site <a href=\"https:\/\/steamescape.fr\/limoges-escape-game\" target=\"_blank\" rel=\"noreferrer noopener\">https:\/\/steamescape.fr\/limoges<\/a> et doivent \u00eatre lus attentivement avant toute utilisation.<\/p>\r\n<!-- \/wp:post-content -->\r\n<p><!-- wp:paragraph --><strong>ARTICLE 2 : ACTIVIT\u00c9<\/strong><\/p>\r\n<p><!-- \/wp:paragraph -->SARL LAPIN TEMPOREL, soci\u00e9t\u00e9 franchis\u00e9e &#8220;STEAM THE ESCAPE GAME&#8221; a pour objet l\u2019organisation et la commercialisation de jeux d\u2019\u00e9vasion grandeur nature en groupe de 3 \u00e0 10 personnes ou plus en format comp\u00e9tition, organis\u00e9s en son \u00e9tablissement situ\u00e9 au 365 Rue de Toulouse 87000 LIMOGES.<\/p>\r\n<!-- \/wp:paragraph -->\r\n<p><!-- wp:paragraph --><strong>ARTICLE 3 : COMMANDES \u2013 R\u00c9SERVATION<\/strong><\/p>\r\n<!-- \/wp:paragraph -->\r\n<p><!-- wp:paragraph -->L\u2019acc\u00e8s aux installations et services de SARL LAPIN TEMPOREL, soci\u00e9t\u00e9 franchis\u00e9e &#8220;STEAM THE ESCAPE GAME&#8221;\u00a0 s\u2019effectue exclusivement apr\u00e8s r\u00e9servation sur le site internet <a href=\"https:\/\/steamescape.fr\/limoges-escape-game\" target=\"_blank\" rel=\"noreferrer noopener\">https:\/\/steamescape.fr\/limoges<\/a><\/p>\r\n<!-- \/wp:paragraph -->\r\n\r\n<!-- wp:list -->\r\n<ul>\r\n<li style=\"list-style-type: none;\">\r\n<ul><!-- wp:list-item -->\r\n<li>La r\u00e9servation est effectu\u00e9e pour un jour et un horaire pr\u00e9cis, et n\u2019est valable que pour ce cr\u00e9neau horaire.<\/li>\r\n<!-- \/wp:list-item -->\r\n\r\n<!-- wp:list-item -->\r\n<li>La r\u00e9servation s\u2019effectue dans la limite des places disponibles, qui sont actualis\u00e9es en temps r\u00e9el sur le site internet.<\/li>\r\n<!-- \/wp:list-item -->\r\n\r\n<!-- wp:list-item -->\r\n<li>La r\u00e9servation ne sera ferme et d\u00e9finitive qu\u2019apr\u00e8s r\u00e9ception par le client d\u2019un e-mail de confirmation de SARL LAPIN TEMPOREL, soci\u00e9t\u00e9 franchis\u00e9e &#8220;STEAM THE ESCAPE GAME&#8221;.<\/li>\r\n<\/ul>\r\n<\/li>\r\n<\/ul>\r\n<!-- \/wp:list-item --><!-- \/wp:list -->\r\n<p><!-- wp:paragraph --><strong>ARTICLE 4 : PRIX \u2013 PAIEMENT<\/strong><\/p>\r\n<!-- \/wp:paragraph -->\r\n<p><!-- wp:paragraph --><strong>4.1 \u2013 Acception des conditions g\u00e9n\u00e9rales de vente<\/strong><\/p>\r\n<!-- \/wp:paragraph -->\r\n<p><!-- wp:paragraph -->Les pr\u00e9sentes Conditions peuvent \u00eatre lues directement sur le site\u00a0<a href=\"https:\/\/steamescape.fr\/limoges-escape-game\" target=\"_blank\" rel=\"noreferrer noopener\">https:\/\/steamescape.fr\/limoges<\/a>. Le fait pour le Client de cocher la case \u00a0\u00bb J\u2019accepte les conditions g\u00e9n\u00e9rales de vente \u00a0\u00bb lors de la passation de la commande entra\u00eene automatiquement l\u2019acceptation expresse par celui-ci et sans restriction ni r\u00e9serve des pr\u00e9sentes Conditions. Le Client reconna\u00eet par cet acte avoir lu et compris les pr\u00e9sentes Conditions et les accepter.<\/p>\r\n<!-- \/wp:paragraph -->\r\n<p><!-- wp:paragraph -->L\u2019achat par courrier \u00e9lectronique implique \u00e9galement l\u2019acceptation des pr\u00e9sentes Conditions qu\u2019il reconna\u00eet avoir pr\u00e9alablement lues, comprises et accept\u00e9es dans les conditions ci-dessus mentionn\u00e9es.<\/p>\r\n<!-- \/wp:paragraph -->\r\n<p><!-- wp:paragraph --><strong>4.2 \u2013 Prix<\/strong><\/p>\r\n<!-- \/wp:paragraph -->\r\n<p><!-- wp:paragraph -->Les prix sont indiqu\u00e9s en euros, toutes taxes comprises. Ils tiennent compte de la TVA applicable au jour de la commande. Tout changement du taux applicable pourra \u00eatre r\u00e9percut\u00e9 sur les prix apr\u00e8s la date d\u2019entr\u00e9e en vigueur du nouveau taux applicable. Le taux de TVA appliqu\u00e9 est en pourcentage de la valeur des prestations vendues de 20% en France M\u00e9tropolitaine, Corse et Monaco.<\/p>\r\n<p><!-- \/wp:paragraph -->SARL LAPIN TEMPOREL, soci\u00e9t\u00e9 franchis\u00e9e &#8220;STEAM THE ESCAPE GAME&#8221; se r\u00e9serve le droit de modifier les prix figurant sur son site internet \u00e0 tout moment.<\/p>\r\n<!-- \/wp:paragraph -->\r\n<p><!-- wp:paragraph -->Dans tous les cas, la prestation sera factur\u00e9e sur la base des tarifs en vigueur et mentionn\u00e9s sur le site au moment de la r\u00e9servation.<\/p>\r\n<!-- \/wp:paragraph -->\r\n<p><!-- wp:paragraph --><strong>4.3 \u2013 Paiement<\/strong><\/p>\r\n<p><!-- \/wp:paragraph -->SARL LAPIN TEMPOREL, soci\u00e9t\u00e9 franchis\u00e9e &#8220;STEAM THE ESCAPE GAME&#8221; accepte les paiements sur le site <a href=\"https:\/\/steamescape.fr\/limoges-escape-game\" target=\"_blank\" rel=\"noreferrer noopener\">https:\/\/steamescape.fr\/limoges<\/a>\u00a0par carte bancaire (carte bleue, carte Visa, Eurocard, Mastercard) via la plateforme de paiement s\u00e9curis\u00e9 Sytempay de la Caisse d\u2019Epargne.\u00a0Les paiements s\u2019effectuent en ligne, renseignez alors les champs concernant votre carte bancaire comme pour tout paiement classique effectu\u00e9 sur internet.\u00a0Tout autre mode de paiement est refus\u00e9.<\/p>\r\n<!-- \/wp:paragraph -->\r\n<p><!-- wp:paragraph --><strong>4.4 \u2013 P\u00e9nalit\u00e9s<\/strong><\/p>\r\n<!-- \/wp:paragraph -->\r\n<p><!-- wp:paragraph -->Des p\u00e9nalit\u00e9s correspondant \u00e0 3 fois le taux de l\u2019int\u00e9r\u00eat l\u00e9gal seront applicables en l\u2019absence ou en cas de retard de paiement. Une indemnit\u00e9 forfaitaire de 40 \u20ac pour frais de recouvrement sera appliqu\u00e9e en cas de retard de paiement conform\u00e9ment aux articles L 441-3 et L 441-6 du code de commerce.<\/p>\r\n<!-- \/wp:paragraph -->\r\n<p><!-- wp:paragraph --><strong>ARTICLE 5 \u2013\u00a0ANNULATION, REMBOURSEMENT ET R\u00c9TRACTION<\/strong><\/p>\r\n<!-- \/wp:paragraph -->\r\n<p><!-- wp:paragraph -->Conform\u00e9ment \u00e0 la r\u00e9glementation applicable issue de la Directive 2011\/83 du 25 octobre 2011 relative aux droits des consommateurs, nous vous informons que vous ne pouvez pas exercer de droit de r\u00e9tractation lors de la r\u00e9servation \u00e0 distance de prestations \u00ab de services d\u2019h\u00e9bergement autres qu\u2019\u00e0 des fins r\u00e9sidentielles, de transport de biens, de location de voitures, de restauration ou de services li\u00e9s \u00e0 des activit\u00e9s de loisirs si le contrat pr\u00e9voit une date ou une p\u00e9riode d\u2019ex\u00e9cution sp\u00e9cifique \u00bb. En cons\u00e9quence, vous ne pouvez pas b\u00e9n\u00e9ficier de la facult\u00e9 de r\u00e9tractation, d\u2019annulation ou de remboursement pour les Prestations propos\u00e9es dans le cadre de ces conditions de vente.<\/p>\r\n<!-- \/wp:paragraph -->\r\n<p><!-- wp:paragraph -->Pour les ch\u00e8ques cadeaux, et uniquement pour les ch\u00e8ques cadeaux, et conform\u00e9ment aux dispositions de l\u2019article L.121-21 du Code de la consommation, en cas de vente \u00e0 distance, l\u2019ACHETEUR dispose d\u2019un d\u00e9lai de r\u00e9tractation de 14 jours \u00e0 compter de la r\u00e9ception du ch\u00e8que cadeau par l\u2019acheteur sans avoir \u00e0 justifier de motifs, ni \u00e0 payer de p\u00e9nalit\u00e9s.<\/p>\r\n<!-- \/wp:paragraph -->\r\n<p><!-- wp:paragraph -->Aucun remboursement ne sera effectu\u00e9 en cas d\u2019annulation de la prestation par le client.<\/p>\r\n<!-- \/wp:paragraph -->\r\n<p><!-- wp:paragraph -->En cas de retard du client sup\u00e9rieur ou \u00e9gal \u00e0 15 minutes sur l\u2019horaire r\u00e9serv\u00e9, SARL LAPIN TEMPOREL, soci\u00e9t\u00e9 franchis\u00e9e &#8220;STEAM THE ESCAPE GAME&#8221; se r\u00e9serve le droit d\u2019annuler la prestation, sans qu\u2019aucun remboursement ne soit effectu\u00e9.<\/p>\r\n<!-- \/wp:paragraph -->\r\n<p><!-- wp:paragraph --><strong>ARTICLE 6 \u2013 ACC\u00c8S AUX INSTALLATIONS ET R\u00c8GLEMENT INT\u00c9RIEUR<\/strong><\/p>\r\n<!-- \/wp:paragraph -->\r\n<p><!-- wp:paragraph -->Chaque prestation est organis\u00e9e pour des groupes dont le nombre de personnes minimum et maximum est clairement indiqu\u00e9 sur la page \u00ab\u00a0missions\u00a0\u00bb de l\u2019agence, ainsi que sur la page de r\u00e9servation.<\/p>\r\n<!-- \/wp:paragraph -->\r\n<p><!-- wp:paragraph -->Les groupes doivent se pr\u00e9senter au complet \u00e0 l&#8217;heure exacte du d\u00e9but de l&#8217;aventure.\u00a0<\/p>\r\n<!-- \/wp:paragraph -->\r\n<p><!-- wp:paragraph -->La prestation est propos\u00e9e en fran\u00e7ais.\u00a0<\/p>\r\n<!-- \/wp:paragraph -->\r\n<p><!-- wp:paragraph -->Les enfants peuvent acc\u00e9der aux installations \u00e0 partir de 10 ans, \u00e0 condition d\u2019\u00eatre accompagn\u00e9s par une personne majeure. SARL LAPIN TEMPOREL, soci\u00e9t\u00e9 franchis\u00e9e &#8220;STEAM THE ESCAPE GAME&#8221; se r\u00e9serve le droit de demander une pi\u00e8ce d\u2019identit\u00e9 pour v\u00e9rifier l\u2019\u00e2ge des joueurs.<\/p>\r\n<!-- \/wp:paragraph -->\r\n<p><!-- wp:paragraph -->Les personnes pr\u00e9sentant un d\u00e9ficit visuel ou auditif et dont le handicap reste l\u00e9ger peuvent acc\u00e9der aux installations s\u2019ils font partie d\u2019un groupe contenant au moins des personnes sans handicap. La nature du jeu n\u2019est malheureusement pas adapt\u00e9e aux personnes atteintes de c\u00e9cit\u00e9 ou de surdit\u00e9, bien que certaines aventure peuvent convenir suivant la nature du handicap.\u00a0<\/p>\r\n<p>Nos installations sont d\u00e9conseill\u00e9es aux femmes enceintes, ainsi qu&#8217;aux personnes souffrant de troubles cardiaques, de claustrophobie, d\u2019\u00e9pilepsie ou de toute autre condition m\u00e9dicale susceptible d\u2019\u00eatre d\u00e9clench\u00e9e ou aggrav\u00e9e par l\u2019exp\u00e9rience de jeu. La SARL LAPIN TEMPOREL d\u00e9cline toute responsabilit\u00e9 en cas d\u2019incident r\u00e9sultant du non-respect de ces recommandations.<\/p>\r\n<!-- \/wp:paragraph -->\r\n<p><!-- wp:paragraph -->Il est strictement interdit d\u2019entrer dans la salle o\u00f9 se d\u00e9roule le jeu avec de la nourriture ou des boissons.<\/p>\r\n<!-- \/wp:paragraph -->\r\n<p><!-- wp:paragraph -->Il est strictement interdit de fumer. L\u2019acc\u00e8s aux installations est strictement interdit aux animaux.<\/p>\r\n<!-- \/wp:paragraph -->\r\n<p><!-- wp:paragraph -->Les personnes sous l\u2019influence d\u2019alcool ou de drogue pourraient se voir refuser le droit d\u2019entr\u00e9e et leur session de jeu annul\u00e9e. De la m\u00eame fa\u00e7on, SARL LAPIN TEMPOREL, soci\u00e9t\u00e9 franchis\u00e9e &#8220;STEAM THE ESCAPE GAME&#8221; se r\u00e9serve le droit de refuser l\u2019entr\u00e9e \u00e0 toute personne dont le comportement est inad\u00e9quat.<\/p>\r\n<!-- \/wp:paragraph -->\r\n<p><!-- wp:paragraph -->Les joueurs devront en outre d\u00e9poser leurs sacs et objets personnels encombrants dans une consigne pr\u00e9vue \u00e0 cet effet. Pour les besoins du jeu, les joueurs seront amen\u00e9s \u00e0 manipuler les objets et installations pr\u00e9sents. Il est strictement interdit de casser ou d\u00e9t\u00e9riorer ces objets. SARL LAPIN TEMPOREL, soci\u00e9t\u00e9 franchis\u00e9e &#8220;STEAM THE ESCAPE GAME&#8221;\u00a0 peut facturer aux clients pour les d\u00e9g\u00e2ts occasionn\u00e9s, qu\u2019ils soient intentionnels ou involontaires.<\/p>\r\n<!-- \/wp:paragraph -->\r\n<p><!-- wp:paragraph -->Afin de conserver l\u2019int\u00e9r\u00eat et la confidentialit\u00e9 du jeu, tout enregistrement sonore ou vid\u00e9o et toute photo sont strictement interdits. Il est interdit de r\u00e9v\u00e9ler les d\u00e9tails du jeu directement ou indirectement, au public.<\/p>\r\n<!-- \/wp:paragraph -->\r\n<p><!-- wp:paragraph --><strong>ARTICLE 7 : PROTECTION DES DONN\u00c9ES PERSONNELLES<\/strong><\/p>\r\n<!-- \/wp:paragraph -->\r\n<p><!-- wp:paragraph -->En r\u00e9servant par l\u2019interm\u00e9diaire du site internet de SARL LAPIN TEMPOREL, soci\u00e9t\u00e9 franchis\u00e9e &#8220;STEAM THE ESCAPE GAME&#8221;, le client consent \u00e0 la collecte de donn\u00e9es personnelles indispensables pour assurer le bon traitement des commandes.<\/p>\r\n<p><!-- \/wp:paragraph -->SARL LAPIN TEMPOREL, soci\u00e9t\u00e9 franchis\u00e9e &#8220;STEAM THE ESCAPE GAME&#8221; s\u2019engage \u00e0 ne jamais communiquer ces informations \u00e0 des tiers sauf dans les cas pr\u00e9vus par la loi. Conform\u00e9ment \u00e0 la loi du 6 janvier 1978 relative \u00e0 l\u2019informatique, aux fichiers et aux libert\u00e9s et \u00e0 l\u2019article 43 de la loi du 30 septembre 1986 modifi\u00e9e, ce site web a fait l\u2019objet d\u2019une d\u00e9claration aupr\u00e8s de la Commission Nationale Informatique et Libert\u00e9s (CNIL), qui en a d\u00e9livr\u00e9 r\u00e9c\u00e9piss\u00e9 sous le num\u00e9ro en cours d\u2019obtention.<\/p>\r\n<!-- \/wp:paragraph -->\r\n<p><!-- wp:paragraph -->Le client dispose d\u2019un droit d\u2019acc\u00e8s, de modification, de rectification et de suppression des donn\u00e9es le concernant (art. 34 de la loi \u00ab Informatique et libert\u00e9s \u00bb du 6 janvier 1978). Pour exercer ce droit, il convient de contacter SARL LAPIN TEMPOREL, soci\u00e9t\u00e9 franchis\u00e9e &#8220;STEAM THE ESCAPE GAME&#8221; par courrier adress\u00e9 au si\u00e8ge social.<\/p>\r\n<p>Lors de la cr\u00e9ation de sa fiche client, le client accepte d&#8217;\u00eatre contact\u00e9 par mail pour obtenir la confirmation de sa r\u00e9servation, le rappel de sa r\u00e9servation, les remerciements suite \u00e0 sa r\u00e9servation, ainsi que la newsletter.\u00a0<\/p>\r\n<!-- \/wp:paragraph -->\r\n<p><!-- wp:paragraph --><strong>ARTICLE 8 \u2013 LOI APPLICABLE ET ATTRIBUTION DE COMP\u00c9TENCE<\/strong><\/p>\r\n<!-- \/wp:paragraph -->\r\n<p><!-- wp:paragraph -->Les Clients qui commandent via le site\u00a0<a href=\"https:\/\/steamescape.fr\/limoges-escape-game\" target=\"_blank\" rel=\"noreferrer noopener\">https:\/\/steamescape.fr\/limoges<\/a>\u00a0sont r\u00e9put\u00e9s acheter en France et sont donc soumis \u00e0 la Loi fran\u00e7aise. L\u2019attribution de comp\u00e9tence en cas de litige, et \u00e0 d\u00e9faut d\u2019accord amiable entre les Parties, sera donn\u00e9e aux tribunaux comp\u00e9tents de Limoges.<\/p>\r\n<!-- \/wp:paragraph -->\r\n<p><!-- wp:paragraph -->Les pr\u00e9sentes conditions g\u00e9n\u00e9rales de vente sont en vigueur \u00e0 compter du 1er d\u00e9cembre 2016.<\/p>\r\n<!-- \/wp:paragraph -->\r\n<p><!-- wp:paragraph --><strong>ARTICLE 9 \u2013 RISQUE SANITAIRE<\/strong><\/p>\r\n<!-- \/wp:paragraph -->\r\n<p><!-- wp:paragraph -->Les clients s\u2019engagent \u00e0 respecter les mesures sanitaires mises en place dans le cadre de la loi qui peuvent \u00eatre de nature diverses selon la situation (port du masque obligatoire, respect des distances, utilisation de gel hydroalcoolique \u2026 liste non exhaustive)<\/p>\r\n<p><!-- \/wp:paragraph -->SARL LAPIN TEMPOREL, soci\u00e9t\u00e9 franchis\u00e9e &#8220;STEAM THE ESCAPE GAME&#8221; mettra tout en \u0153uvre pour pr\u00e9parer la prestation en respect de la loi (d\u00e9sinfection des diff\u00e9rents \u00e9quipements et objets mis \u00e0 disposition des joueurs, \u00e9quipement de protection des salari\u00e9s, mise \u00e0 disposition de gel hydroalcoolique \u2026 ) et ne pourra \u00eatre tenue pour responsable en cas de contamination entre joueurs qui n\u2019auraient pas respect\u00e9 les diff\u00e9rentes restrictions et recommandations.<\/p>\r\n<p><!-- \/wp:paragraph -->\u00a0<\/p>\r\n<p>[\/vc_column_text][\/vc_column][\/vc_row]<\/p>","protected":false},"excerpt":{"rendered":"<p>[vc_row full_width=&#8221;stretch_row&#8221; css=&#8221;.vc_custom_1734098697936{background-position: center !important;background-repeat: no-repeat !important;background-size: cover !important;}&#8221;][vc_column][vc_column_text css=&#8221;.vc_custom_1734098635167{background-color: rgba(255,255,255,0.53) !important;*background-color: rgb(255,255,255) !important;}&#8221;] Conditions G\u00e9n\u00e9rales de Vente Conditions g\u00e9n\u00e9rales de vente de la soci\u00e9t\u00e9 SARL LAPIN TEMPOREL, soci\u00e9t\u00e9 franchis\u00e9e &#8220;STEAM THE ESCAPE GAME&#8221;. ARTICLE 1 : APPLICATION Les pr\u00e9sentes conditions g\u00e9n\u00e9rales de vente (ci-apr\u00e8s d\u00e9nomm\u00e9es \u00a0\u00bb Conditions \u00ab ) r\u00e9gissent l\u2019activit\u00e9 de la soci\u00e9t\u00e9 [&hellip;]<\/p>\n","protected":false},"author":1,"featured_media":0,"parent":0,"menu_order":0,"comment_status":"closed","ping_status":"closed","template":"","meta":{"footnotes":""},"class_list":["post-1164","page","type-page","status-publish","hentry"],"_links":{"self":[{"href":"https:\/\/steamescape.fr\/limoges\/index.php\/wp-json\/wp\/v2\/pages\/1164","targetHints":{"allow":["GET"]}}],"collection":[{"href":"https:\/\/steamescape.fr\/limoges\/index.php\/wp-json\/wp\/v2\/pages"}],"about":[{"href":"https:\/\/steamescape.fr\/limoges\/index.php\/wp-json\/wp\/v2\/types\/page"}],"author":[{"embeddable":true,"href":"https:\/\/steamescape.fr\/limoges\/index.php\/wp-json\/wp\/v2\/users\/1"}],"replies":[{"embeddable":true,"href":"https:\/\/steamescape.fr\/limoges\/index.php\/wp-json\/wp\/v2\/comments?post=1164"}],"version-history":[{"count":8,"href":"https:\/\/steamescape.fr\/limoges\/index.php\/wp-json\/wp\/v2\/pages\/1164\/revisions"}],"predecessor-version":[{"id":2914,"href":"https:\/\/steamescape.fr\/limoges\/index.php\/wp-json\/wp\/v2\/pages\/1164\/revisions\/2914"}],"wp:attachment":[{"href":"https:\/\/steamescape.fr\/limoges\/index.php\/wp-json\/wp\/v2\/media?parent=1164"}],"curies":[{"name":"wp","href":"https:\/\/api.w.org\/{rel}","templated":true}]}}