{"id":1342,"date":"2025-03-15T11:03:18","date_gmt":"2025-03-15T10:03:18","guid":{"rendered":"https:\/\/steamescape.fr\/clermont\/?page_id=1342"},"modified":"2025-03-15T11:10:57","modified_gmt":"2025-03-15T10:10:57","slug":"meurtre-au-manoir","status":"publish","type":"page","link":"https:\/\/steamescape.fr\/clermont\/index.php\/meurtre-au-manoir\/","title":{"rendered":"Meurtre au Manoir"},"content":{"rendered":"<p>[vc_row full_width=&#8221;stretch_row&#8221; css=&#8221;.vc_custom_1724087822927{background-color: rgba(255,255,255,0.8) !important;*background-color: rgb(255,255,255) !important;}&#8221;][vc_column][vc_empty_space][vc_custom_heading text=&#8221;Pr\u00eats \u00e0 enqu\u00eater ?&#8221; font_container=&#8221;tag:h2|text_align:center|color:%23fdb713&#8243; use_theme_fonts=&#8221;yes&#8221; css_animation=&#8221;fadeIn&#8221;][vc_empty_space][vc_custom_heading text=&#8221;D\u00e9ductions et observations seront indispensables au cours de vos investigations ! Votre \u00e9quipe saura-t-elle \u00e9lucider le myst\u00e8re ?&#8221; font_container=&#8221;tag:h4|text_align:center|color:%230a0000&#8243; use_theme_fonts=&#8221;yes&#8221; css_animation=&#8221;fadeIn&#8221;][vc_empty_space][vc_single_image image=&#8221;1919&#8243; img_size=&#8221;large&#8221; alignment=&#8221;center&#8221; css_animation=&#8221;fadeIn&#8221;][vc_empty_space][vc_row_inner][vc_column_inner width=&#8221;1\/6&#8243;][vc_empty_space height=&#8221;300&#8243; el_class=&#8221;hide-on-mobile&#8221;][vc_single_image image=&#8221;1351&#8243; img_size=&#8221;large&#8221; alignment=&#8221;center&#8221; css_animation=&#8221;fadeIn&#8221; el_class=&#8221;hide-on-mobile&#8221;][\/vc_column_inner][vc_column_inner width=&#8221;4\/6&#8243;][vc_single_image image=&#8221;1028&#8243; img_size=&#8221;large&#8221; alignment=&#8221;center&#8221; style=&#8221;vc_box_shadow_3d&#8221; onclick=&#8221;zoom&#8221; css_animation=&#8221;fadeIn&#8221; el_class=&#8221;cadre-image&#8221;][\/vc_column_inner][vc_column_inner width=&#8221;1\/6&#8243;][vc_empty_space height=&#8221;300&#8243; el_class=&#8221;hide-on-mobile&#8221;][vc_single_image image=&#8221;1350&#8243; img_size=&#8221;large&#8221; alignment=&#8221;center&#8221; css_animation=&#8221;fadeIn&#8221; el_class=&#8221;hide-on-mobile&#8221;][\/vc_column_inner][\/vc_row_inner][vc_row_inner][vc_column_inner][\/vc_column_inner][\/vc_row_inner][\/vc_column][\/vc_row][vc_row full_width=&#8221;stretch_row&#8221; css=&#8221;.vc_custom_1712759641931{background-color: rgba(43,46,52,0.81) !important;*background-color: rgb(43,46,52) !important;}&#8221;][vc_column width=&#8221;1\/3&#8243;][vc_empty_space height=&#8221;150&#8243;][vc_single_image image=&#8221;1349&#8243; img_size=&#8221;large&#8221; alignment=&#8221;center&#8221; css_animation=&#8221;fadeIn&#8221; el_class=&#8221;hide-on-mobile&#8221;][\/vc_column][vc_column width=&#8221;1\/3&#8243;][vc_empty_space][vc_single_image image=&#8221;1916&#8243; img_size=&#8221;medium&#8221; alignment=&#8221;center&#8221; css_animation=&#8221;fadeIn&#8221;][vc_empty_space][vc_custom_heading text=&#8221;Besoin d&#8217;un devis ?<br \/>\nContactez-nous !&#8221; font_container=&#8221;tag:h2|text_align:center|color:%23ffffff&#8221; use_theme_fonts=&#8221;yes&#8221; css_animation=&#8221;fadeIn&#8221;]\n<div class=\"wpcf7 no-js\" id=\"wpcf7-f1076-o1\" lang=\"fr-FR\" dir=\"ltr\" data-wpcf7-id=\"1076\">\n<div class=\"screen-reader-response\"><p role=\"status\" aria-live=\"polite\" aria-atomic=\"true\"><\/p> <ul><\/ul><\/div>\n<form action=\"\/clermont\/index.php\/wp-json\/wp\/v2\/pages\/1342#wpcf7-f1076-o1\" method=\"post\" class=\"wpcf7-form init\" aria-label=\"Formulaire de contact\" novalidate=\"novalidate\" data-status=\"init\">\n<fieldset class=\"hidden-fields-container\"><input type=\"hidden\" name=\"_wpcf7\" value=\"1076\" \/><input type=\"hidden\" name=\"_wpcf7_version\" value=\"6.1.5\" \/><input type=\"hidden\" name=\"_wpcf7_locale\" value=\"fr_FR\" \/><input type=\"hidden\" name=\"_wpcf7_unit_tag\" value=\"wpcf7-f1076-o1\" \/><input type=\"hidden\" name=\"_wpcf7_container_post\" value=\"0\" \/><input type=\"hidden\" name=\"_wpcf7_posted_data_hash\" value=\"\" \/>\n<\/fieldset>\n<div class=\"uacf7-form-wrapper-container uacf7-form-1076  \"><label> <p style=\"text-align: left;\"><span style=\"color: #fdb713;\"><b>Votre nom :<\/b><\/span><\/p>\n    <span class=\"wpcf7-form-control-wrap\" data-name=\"your-name\"><input size=\"40\" maxlength=\"400\" class=\"wpcf7-form-control wpcf7-text wpcf7-validates-as-required\" aria-required=\"true\" aria-invalid=\"false\" value=\"\" type=\"text\" name=\"your-name\" \/><\/span> <\/label>\n\n<label> <p style=\"text-align: left;\"><span style=\"color: #fdb713;\"><b>Votre e-mail :<\/b><\/span><\/p>\n    <span class=\"wpcf7-form-control-wrap\" data-name=\"your-email\"><input size=\"40\" maxlength=\"400\" class=\"wpcf7-form-control wpcf7-email wpcf7-validates-as-required wpcf7-text wpcf7-validates-as-email\" aria-required=\"true\" aria-invalid=\"false\" value=\"\" type=\"email\" name=\"your-email\" \/><\/span> <\/label>\n\n<label> <p style=\"text-align: left;\"><span style=\"color: #fdb713;\"><b>Votre t\u00e9l\u00e9phone :<\/b><\/span><\/p>\n    <span class=\"wpcf7-form-control-wrap\" data-name=\"your-phone\"><input size=\"40\" maxlength=\"400\" class=\"wpcf7-form-control wpcf7-tel wpcf7-validates-as-required wpcf7-text wpcf7-validates-as-tel\" aria-required=\"true\" aria-invalid=\"false\" value=\"\" type=\"tel\" name=\"your-phone\" \/><\/span> <\/label>\n\n<label> <p style=\"text-align: left;\"><span style=\"color: #fdb713;\"><b>Sujet de votre missive :<\/b><\/span><\/p>\n    <span class=\"wpcf7-form-control-wrap\" data-name=\"your-subject\"><input size=\"40\" maxlength=\"400\" class=\"wpcf7-form-control wpcf7-text wpcf7-validates-as-required\" aria-required=\"true\" aria-invalid=\"false\" value=\"\" type=\"text\" name=\"your-subject\" \/><\/span> <\/label>\n\n<label> <p style=\"text-align: left;\"><span style=\"color: #fdb713;\"><b>Votre missive:<\/b><\/span><\/p>\n    <span class=\"wpcf7-form-control-wrap\" data-name=\"your-message\"><textarea cols=\"40\" rows=\"10\" maxlength=\"2000\" class=\"wpcf7-form-control wpcf7-textarea\" aria-invalid=\"false\" name=\"your-message\"><\/textarea><\/span> <\/label>\n\n<input class=\"wpcf7-form-control wpcf7-submit has-spinner\" type=\"submit\" value=\"Envoyer le pigeon voyageur\" \/><\/div><p style=\"display: none !important;\" class=\"akismet-fields-container\" data-prefix=\"_wpcf7_ak_\"><label>&#916;<textarea name=\"_wpcf7_ak_hp_textarea\" cols=\"45\" rows=\"8\" maxlength=\"100\"><\/textarea><\/label><input type=\"hidden\" id=\"ak_js_1\" name=\"_wpcf7_ak_js\" value=\"187\"\/><script>document.getElementById( \"ak_js_1\" ).setAttribute( \"value\", ( new Date() ).getTime() );<\/script><\/p><div class=\"wpcf7-response-output\" aria-hidden=\"true\"><\/div>\n<\/form>\n<\/div>\n[\/vc_column][vc_column width=&#8221;1\/3&#8243;][vc_empty_space height=&#8221;150&#8243;][vc_single_image image=&#8221;1348&#8243; img_size=&#8221;large&#8221; alignment=&#8221;center&#8221; css_animation=&#8221;fadeIn&#8221; el_class=&#8221;hide-on-mobile&#8221;][\/vc_column][\/vc_row]<\/p>\n","protected":false},"excerpt":{"rendered":"<p>[vc_row full_width=&#8221;stretch_row&#8221; css=&#8221;.vc_custom_1724087822927{background-color: rgba(255,255,255,0.8) !important;*background-color: rgb(255,255,255) !important;}&#8221;][vc_column][vc_empty_space][vc_custom_heading text=&#8221;Pr\u00eats \u00e0 enqu\u00eater ?&#8221; font_container=&#8221;tag:h2|text_align:center|color:%23fdb713&#8243; use_theme_fonts=&#8221;yes&#8221; css_animation=&#8221;fadeIn&#8221;][vc_empty_space][vc_custom_heading text=&#8221;D\u00e9ductions et observations seront indispensables au cours de vos investigations ! Votre \u00e9quipe saura-t-elle \u00e9lucider le myst\u00e8re ?&#8221; font_container=&#8221;tag:h4|text_align:center|color:%230a0000&#8243; use_theme_fonts=&#8221;yes&#8221; css_animation=&#8221;fadeIn&#8221;][vc_empty_space][vc_single_image image=&#8221;1919&#8243; img_size=&#8221;large&#8221; alignment=&#8221;center&#8221; css_animation=&#8221;fadeIn&#8221;][vc_empty_space][vc_row_inner][vc_column_inner width=&#8221;1\/6&#8243;][vc_empty_space height=&#8221;300&#8243; el_class=&#8221;hide-on-mobile&#8221;][vc_single_image image=&#8221;1351&#8243; img_size=&#8221;large&#8221; alignment=&#8221;center&#8221; css_animation=&#8221;fadeIn&#8221; el_class=&#8221;hide-on-mobile&#8221;][\/vc_column_inner][vc_column_inner width=&#8221;4\/6&#8243;][vc_single_image image=&#8221;1028&#8243; img_size=&#8221;large&#8221; alignment=&#8221;center&#8221; style=&#8221;vc_box_shadow_3d&#8221; onclick=&#8221;zoom&#8221; css_animation=&#8221;fadeIn&#8221; el_class=&#8221;cadre-image&#8221;][\/vc_column_inner][vc_column_inner [&hellip;]<\/p>\n","protected":false},"author":1,"featured_media":0,"parent":0,"menu_order":0,"comment_status":"closed","ping_status":"closed","template":"","meta":{"footnotes":""},"class_list":["post-1342","page","type-page","status-publish","hentry"],"_links":{"self":[{"href":"https:\/\/steamescape.fr\/clermont\/index.php\/wp-json\/wp\/v2\/pages\/1342","targetHints":{"allow":["GET"]}}],"collection":[{"href":"https:\/\/steamescape.fr\/clermont\/index.php\/wp-json\/wp\/v2\/pages"}],"about":[{"href":"https:\/\/steamescape.fr\/clermont\/index.php\/wp-json\/wp\/v2\/types\/page"}],"author":[{"embeddable":true,"href":"https:\/\/steamescape.fr\/clermont\/index.php\/wp-json\/wp\/v2\/users\/1"}],"replies":[{"embeddable":true,"href":"https:\/\/steamescape.fr\/clermont\/index.php\/wp-json\/wp\/v2\/comments?post=1342"}],"version-history":[{"count":8,"href":"https:\/\/steamescape.fr\/clermont\/index.php\/wp-json\/wp\/v2\/pages\/1342\/revisions"}],"predecessor-version":[{"id":1352,"href":"https:\/\/steamescape.fr\/clermont\/index.php\/wp-json\/wp\/v2\/pages\/1342\/revisions\/1352"}],"wp:attachment":[{"href":"https:\/\/steamescape.fr\/clermont\/index.php\/wp-json\/wp\/v2\/media?parent=1342"}],"curies":[{"name":"wp","href":"https:\/\/api.w.org\/{rel}","templated":true}]}}