{"id":1224,"date":"2024-08-11T16:35:42","date_gmt":"2024-08-11T14:35:42","guid":{"rendered":"https:\/\/steamescape.fr\/clermont\/?page_id=1224"},"modified":"2025-03-12T17:34:31","modified_gmt":"2025-03-12T16:34:31","slug":"orient","status":"publish","type":"page","link":"https:\/\/steamescape.fr\/clermont\/index.php\/orient\/","title":{"rendered":"Enqu\u00eate dans l&#8217;Orient Express"},"content":{"rendered":"<p>[vc_row full_width=&#8221;stretch_row&#8221; css_animation=&#8221;fadeIn&#8221; fullwidth=&#8221;yes&#8221; css=&#8221;.vc_custom_1723385185637{background-color: rgba(255,255,255,0.79) !important;*background-color: rgb(255,255,255) !important;}&#8221;][vc_column width=&#8221;1\/3&#8243;][vc_empty_space][vc_custom_heading text=&#8221;GALERIE&#8221; font_container=&#8221;tag:h3|text_align:center|color:%23fdb713&#8243; use_theme_fonts=&#8221;yes&#8221;]<div class=\"infobox text-center \">\n\t\t\t\t<div class=\"icon_bg\" style=\"background-color:rgba(255,255,255,0.01)\">\n\t\t\t\t\t<i style=\"color:#fdb713;\" class=\"pe-7s-users pe-4x\"><\/i>\n\t\t\t\t<\/div>\n\t\t\t\t<h3 style=\"color:#2b2e34;\">JOUEURS<\/h3>\n\t\t\t\t<p style=\"color:#282828;\">3 \u00e0 7<\/p>\n\t\t\t  <\/div>[\/vc_column][vc_column width=&#8221;1\/3&#8243;][vc_empty_space][vc_custom_heading text=&#8221;VOTRE MISSION&#8221; font_container=&#8221;tag:h3|text_align:center|color:%23fdb713&#8243; use_theme_fonts=&#8221;yes&#8221;][vc_column_text]<\/p>\n<p style=\"text-align: center;\"><strong>Une anomalie temporelle a \u00e9t\u00e9 d\u00e9tect\u00e9e !<\/strong><\/p>\n<p style=\"text-align: center;\">Le 7 novembre 1890, \u00e0 bord du l\u00e9gendaire Orient-Express, un intrus a \u00e9t\u00e9 rep\u00e9r\u00e9. Nos analyses indiquent qu\u2019il s\u2019agit probablement d\u2019un Agent infiltr\u00e9 d\u2019Had\u00e8s Corp, notre concurrent redoutable. Le probl\u00e8me ? Nous n\u2019avons aucune id\u00e9e de qui il s\u2019agit.<\/p>\n<p style=\"text-align: center;\">C\u2019est l\u00e0 que vous intervenez. Votre \u00e9quipe devra embarquer sur l\u2019Orient-Express et faire preuve d\u2019audace et de sagacit\u00e9 pour d\u00e9couvrir l\u2019identit\u00e9 de cet intrus parmi les passagers.<br \/>\nAttention, car l\u2019Agent infiltr\u00e9 est rus\u00e9 et a sans doute brouill\u00e9 les pistes permettant de le d\u00e9masquer. Saurez-vous trouver le tra\u00eetre avant que le train n\u2019arrive \u00e0 destination ?<\/p>\n<p style=\"text-align: center;\">Formez votre \u00e9quipe d\u2019enqu\u00eateurs, montez \u00e0 bord et pr\u00e9parez-vous pour une aventure inoubliable sur l\u2019Orient-Express !<\/p>\n<p style=\"text-align: center;\">Mission accessible d\u00e8s 7 ans.<br \/>\n[ \u2013 de 16 ans obligatoirement accompagn\u00e9s d\u2019au moins 1 adulte responsable]<\/p>\n<p>[\/vc_column_text][vc_empty_space height=&#8221;20px&#8221;][\/vc_column][vc_column width=&#8221;1\/3&#8243;][vc_empty_space]<div class=\"infobox text-center \">\n\t\t\t\t<div class=\"icon\">\n\t\t\t\t\t<i style=\"color:#fdb713;\" class=\"pe-7s-gym pe-4x\"><\/i>\n\t\t\t\t<\/div>\n\t\t\t\t<h4 style=\"color:#6b6b6b;\">DIFFICULT\u00c9<\/h4>\n\t\t\t\t<p style=\"color:#0a0a0a;\">Familial ou Confirm\u00e9<\/p>\n\t\t\t  <\/div><div class=\"infobox text-center \">\n\t\t\t\t<div class=\"icon\">\n\t\t\t\t\t<i style=\"color:#fdb713;\" class=\"feather icon-percent pe-4x\"><\/i>\n\t\t\t\t<\/div>\n\t\t\t\t<h4 style=\"color:#6b6b6b;\">REUSSITE<\/h4>\n\t\t\t\t<p style=\"color:#0a0a0a;\">80%<\/p>\n\t\t\t  <\/div><div class=\"infobox text-center \">\n\t\t\t\t<div class=\"icon\">\n\t\t\t\t\t<i style=\"color:#fdb713;\" class=\"feather icon-clock pe-4x\"><\/i>\n\t\t\t\t<\/div>\n\t\t\t\t<h4 style=\"color:#6b6b6b;\">DUREE<\/h4>\n\t\t\t\t<p style=\"color:#0a0a0a;\">60 minutes<\/p>\n\t\t\t  <\/div>[\/vc_column][\/vc_row][vc_row full_width=&#8221;stretch_row&#8221; css_animation=&#8221;fadeIn&#8221; fullwidth=&#8221;yes&#8221; css=&#8221;.vc_custom_1723385206384{background-color: rgba(61,61,61,0.19) !important;*background-color: rgb(61,61,61) !important;}&#8221;][vc_column][vc_empty_space][vc_custom_heading text=&#8221;Difficult\u00e9 : Familial&#8221; font_container=&#8221;tag:h4|text_align:center|color:%23333333&#8243; use_theme_fonts=&#8221;yes&#8221;][vc_empty_space][vc_column_text]<\/p>\n<div class=\"forescape\" data-subdomain=\"steam-cournon\" data-type=\"bookings\" data-rooms=\"5b587eccf6c42535f596f12c\"><\/div>\n<p><script>!function(e,t){var r=e.createElement(t),a=e.getElementsByTagName(t)[0],n=new Date,s=\"\"+n.getFullYear()+(\"0\"+(n.getMonth()+1)).slice(-2)+(\"0\"+n.getDate()).slice(-2);r.defer=1,r.src=\"https:\/\/steam-cournon.4escape.io\/public\/js\/iframe.min.js?v=\"+s,a.parentNode.insertBefore(r,a)}(document,\"script\");<\/script>[\/vc_column_text][vc_empty_space][vc_custom_heading text=&#8221;Difficult\u00e9 : Confirm\u00e9&#8221; font_container=&#8221;tag:h4|text_align:center|color:%23333333&#8243; use_theme_fonts=&#8221;yes&#8221;][vc_empty_space][vc_column_text]<\/p>\n<div class=\"forescape\" data-subdomain=\"steam-cournon\" data-type=\"bookings\" data-rooms=\"5dcb2af47d375020368951d1\"><\/div>\n<p><script>!function(e,t){var r=e.createElement(t),a=e.getElementsByTagName(t)[0],n=new Date,s=\"\"+n.getFullYear()+(\"0\"+(n.getMonth()+1)).slice(-2)+(\"0\"+n.getDate()).slice(-2);r.defer=1,r.src=\"https:\/\/steam-cournon.4escape.io\/public\/js\/iframe.min.js?v=\"+s,a.parentNode.insertBefore(r,a)}(document,\"script\");<\/script>[\/vc_column_text][vc_empty_space][\/vc_column][\/vc_row]<\/p>\n","protected":false},"excerpt":{"rendered":"<p>[vc_row full_width=&#8221;stretch_row&#8221; css_animation=&#8221;fadeIn&#8221; fullwidth=&#8221;yes&#8221; css=&#8221;.vc_custom_1723385185637{background-color: rgba(255,255,255,0.79) !important;*background-color: rgb(255,255,255) !important;}&#8221;][vc_column width=&#8221;1\/3&#8243;][vc_empty_space][vc_custom_heading text=&#8221;GALERIE&#8221; font_container=&#8221;tag:h3|text_align:center|color:%23fdb713&#8243; use_theme_fonts=&#8221;yes&#8221;][\/vc_column][vc_column width=&#8221;1\/3&#8243;][vc_empty_space][vc_custom_heading text=&#8221;VOTRE MISSION&#8221; font_container=&#8221;tag:h3|text_align:center|color:%23fdb713&#8243; use_theme_fonts=&#8221;yes&#8221;][vc_column_text] Une anomalie temporelle a \u00e9t\u00e9 d\u00e9tect\u00e9e ! Le 7 novembre 1890, \u00e0 bord du l\u00e9gendaire Orient-Express, un intrus a \u00e9t\u00e9 rep\u00e9r\u00e9. Nos analyses indiquent qu\u2019il s\u2019agit probablement d\u2019un Agent infiltr\u00e9 d\u2019Had\u00e8s Corp, notre concurrent redoutable. Le probl\u00e8me [&hellip;]<\/p>\n","protected":false},"author":1,"featured_media":0,"parent":0,"menu_order":0,"comment_status":"closed","ping_status":"closed","template":"","meta":{"footnotes":""},"class_list":["post-1224","page","type-page","status-publish","hentry"],"_links":{"self":[{"href":"https:\/\/steamescape.fr\/clermont\/index.php\/wp-json\/wp\/v2\/pages\/1224","targetHints":{"allow":["GET"]}}],"collection":[{"href":"https:\/\/steamescape.fr\/clermont\/index.php\/wp-json\/wp\/v2\/pages"}],"about":[{"href":"https:\/\/steamescape.fr\/clermont\/index.php\/wp-json\/wp\/v2\/types\/page"}],"author":[{"embeddable":true,"href":"https:\/\/steamescape.fr\/clermont\/index.php\/wp-json\/wp\/v2\/users\/1"}],"replies":[{"embeddable":true,"href":"https:\/\/steamescape.fr\/clermont\/index.php\/wp-json\/wp\/v2\/comments?post=1224"}],"version-history":[{"count":3,"href":"https:\/\/steamescape.fr\/clermont\/index.php\/wp-json\/wp\/v2\/pages\/1224\/revisions"}],"predecessor-version":[{"id":1322,"href":"https:\/\/steamescape.fr\/clermont\/index.php\/wp-json\/wp\/v2\/pages\/1224\/revisions\/1322"}],"wp:attachment":[{"href":"https:\/\/steamescape.fr\/clermont\/index.php\/wp-json\/wp\/v2\/media?parent=1224"}],"curies":[{"name":"wp","href":"https:\/\/api.w.org\/{rel}","templated":true}]}}