{"id":1220,"date":"2024-08-11T16:25:49","date_gmt":"2024-08-11T14:25:49","guid":{"rendered":"https:\/\/steamescape.fr\/clermont\/?page_id=1220"},"modified":"2025-03-12T17:33:07","modified_gmt":"2025-03-12T16:33:07","slug":"latelier-de-merlin","status":"publish","type":"page","link":"https:\/\/steamescape.fr\/clermont\/index.php\/latelier-de-merlin\/","title":{"rendered":"L&#8217;Atelier de Merlin"},"content":{"rendered":"<p>[vc_row full_width=&#8221;stretch_row&#8221; css_animation=&#8221;fadeIn&#8221; fullwidth=&#8221;yes&#8221; css=&#8221;.vc_custom_1723385185637{background-color: rgba(255,255,255,0.79) !important;*background-color: rgb(255,255,255) !important;}&#8221;][vc_column width=&#8221;1\/3&#8243;][vc_empty_space][vc_custom_heading text=&#8221;GALERIE&#8221; font_container=&#8221;tag:h3|text_align:center|color:%23fdb713&#8243; use_theme_fonts=&#8221;yes&#8221;]<div class=\"infobox text-center \">\n\t\t\t\t<div class=\"icon_bg\" style=\"background-color:rgba(255,255,255,0.01)\">\n\t\t\t\t\t<i style=\"color:#fdb713;\" class=\"pe-7s-users pe-4x\"><\/i>\n\t\t\t\t<\/div>\n\t\t\t\t<h3 style=\"color:#2b2e34;\">JOUEURS<\/h3>\n\t\t\t\t<p style=\"color:#282828;\">2 \u00e0 6<\/p>\n\t\t\t  <\/div>[\/vc_column][vc_column width=&#8221;1\/3&#8243;][vc_empty_space][vc_custom_heading text=&#8221;VOTRE MISSION&#8221; font_container=&#8221;tag:h3|text_align:center|color:%23fdb713&#8243; use_theme_fonts=&#8221;yes&#8221;][vc_column_text]<strong>Had\u00e8s Corp cherche \u00e0 s\u2019emparer des secrets du plus grand des Magiciens !<\/strong><\/p>\n<p>Nous pensons que nos concurrents cherchent \u00e0 s\u2019emparer de la potion de vitalit\u00e9 de Merlin pour la donner aux Romains, et changer le cours de l\u2019Histoire. Le probl\u00e8me ? Merlin a perdu la t\u00eate et n\u2019a plus aucune id\u00e9e de l\u2019endroit o\u00f9 il a cach\u00e9 la potion !<\/p>\n<p>Nous vous envoyons donc en l\u2019an 530, au c\u0153ur de l\u2019atelier secret de Merlin dans le ch\u00e2teau de Camelot. Selon l\u2019un de ses apprentis, la potion y serait encore, mais vous devrez faire vite. Les agents de la Had\u00e8s Corp sont d\u00e9j\u00e0 en route, et vous avez moins de 60 minutes pour retrouver la potion et vous \u00e9chapper avant qu\u2019ils n\u2019arrivent.<\/p>\n<p>Mission en mode \u00ab Interm\u00e9diaire \u00bb : vous b\u00e9n\u00e9ficierez de l\u2019aide de Merlin pour vous guider !<\/p>\n<p>Mission accessible \u00e0 tous d\u00e8s 10 ans. [- de 16 ans obligatoirement accompagn\u00e9s d\u2019au moins 1 adulte][\/vc_column_text][vc_empty_space height=&#8221;20px&#8221;][\/vc_column][vc_column width=&#8221;1\/3&#8243;][vc_empty_space]<div class=\"infobox text-center \">\n\t\t\t\t<div class=\"icon\">\n\t\t\t\t\t<i style=\"color:#fdb713;\" class=\"pe-7s-gym pe-4x\"><\/i>\n\t\t\t\t<\/div>\n\t\t\t\t<h4 style=\"color:#6b6b6b;\">DIFFICULT\u00c9<\/h4>\n\t\t\t\t<p style=\"color:#0a0a0a;\">Interm\u00e9diaire ou Confirm\u00e9<\/p>\n\t\t\t  <\/div><div class=\"infobox text-center \">\n\t\t\t\t<div class=\"icon\">\n\t\t\t\t\t<i style=\"color:#fdb713;\" class=\"feather icon-percent pe-4x\"><\/i>\n\t\t\t\t<\/div>\n\t\t\t\t<h4 style=\"color:#6b6b6b;\">REUSSITE<\/h4>\n\t\t\t\t<p style=\"color:#0a0a0a;\">60%<\/p>\n\t\t\t  <\/div><div class=\"infobox text-center \">\n\t\t\t\t<div class=\"icon\">\n\t\t\t\t\t<i style=\"color:#fdb713;\" class=\"feather icon-clock pe-4x\"><\/i>\n\t\t\t\t<\/div>\n\t\t\t\t<h4 style=\"color:#6b6b6b;\">DUREE<\/h4>\n\t\t\t\t<p style=\"color:#0a0a0a;\">60 minutes<\/p>\n\t\t\t  <\/div>[\/vc_column][\/vc_row][vc_row full_width=&#8221;stretch_row&#8221; css_animation=&#8221;fadeIn&#8221; fullwidth=&#8221;yes&#8221; css=&#8221;.vc_custom_1723385206384{background-color: rgba(61,61,61,0.19) !important;*background-color: rgb(61,61,61) !important;}&#8221;][vc_column][vc_empty_space][vc_custom_heading text=&#8221;Difficult\u00e9 : Interm\u00e9diaire&#8221; font_container=&#8221;tag:h4|text_align:center|color:%23333333&#8243; use_theme_fonts=&#8221;yes&#8221;][vc_empty_space][vc_column_text]<\/p>\n<div class=\"forescape\" data-subdomain=\"steam-cournon\" data-type=\"bookings\" data-rooms=\"62166b4072a9a915ae50f50c\"><\/div>\n<p><script>!function(e,t){var r=e.createElement(t),a=e.getElementsByTagName(t)[0],n=new Date,s=\"\"+n.getFullYear()+(\"0\"+(n.getMonth()+1)).slice(-2)+(\"0\"+n.getDate()).slice(-2);r.defer=1,r.src=\"https:\/\/steam-cournon.4escape.io\/public\/js\/iframe.min.js?v=\"+s,a.parentNode.insertBefore(r,a)}(document,\"script\");<\/script>[\/vc_column_text][vc_empty_space][vc_custom_heading text=&#8221;Difficult\u00e9 : Confirm\u00e9&#8221; font_container=&#8221;tag:h4|text_align:center|color:%23333333&#8243; use_theme_fonts=&#8221;yes&#8221;][vc_empty_space][vc_column_text]<\/p>\n<div class=\"forescape\" data-subdomain=\"steam-cournon\" data-type=\"bookings\" data-rooms=\"62166e7b72a9a915ae50fe13\"><\/div>\n<p><script>!function(e,t){var r=e.createElement(t),a=e.getElementsByTagName(t)[0],n=new Date,s=\"\"+n.getFullYear()+(\"0\"+(n.getMonth()+1)).slice(-2)+(\"0\"+n.getDate()).slice(-2);r.defer=1,r.src=\"https:\/\/steam-cournon.4escape.io\/public\/js\/iframe.min.js?v=\"+s,a.parentNode.insertBefore(r,a)}(document,\"script\");<\/script>[\/vc_column_text][vc_empty_space][\/vc_column][\/vc_row]<\/p>\n","protected":false},"excerpt":{"rendered":"<p>[vc_row full_width=&#8221;stretch_row&#8221; css_animation=&#8221;fadeIn&#8221; fullwidth=&#8221;yes&#8221; css=&#8221;.vc_custom_1723385185637{background-color: rgba(255,255,255,0.79) !important;*background-color: rgb(255,255,255) !important;}&#8221;][vc_column width=&#8221;1\/3&#8243;][vc_empty_space][vc_custom_heading text=&#8221;GALERIE&#8221; font_container=&#8221;tag:h3|text_align:center|color:%23fdb713&#8243; use_theme_fonts=&#8221;yes&#8221;][\/vc_column][vc_column width=&#8221;1\/3&#8243;][vc_empty_space][vc_custom_heading text=&#8221;VOTRE MISSION&#8221; font_container=&#8221;tag:h3|text_align:center|color:%23fdb713&#8243; use_theme_fonts=&#8221;yes&#8221;][vc_column_text]Had\u00e8s Corp cherche \u00e0 s\u2019emparer des secrets du plus grand des Magiciens ! Nous pensons que nos concurrents cherchent \u00e0 s\u2019emparer de la potion de vitalit\u00e9 de Merlin pour la donner aux Romains, et changer le cours de [&hellip;]<\/p>\n","protected":false},"author":1,"featured_media":0,"parent":0,"menu_order":0,"comment_status":"closed","ping_status":"closed","template":"","meta":{"footnotes":""},"class_list":["post-1220","page","type-page","status-publish","hentry"],"_links":{"self":[{"href":"https:\/\/steamescape.fr\/clermont\/index.php\/wp-json\/wp\/v2\/pages\/1220","targetHints":{"allow":["GET"]}}],"collection":[{"href":"https:\/\/steamescape.fr\/clermont\/index.php\/wp-json\/wp\/v2\/pages"}],"about":[{"href":"https:\/\/steamescape.fr\/clermont\/index.php\/wp-json\/wp\/v2\/types\/page"}],"author":[{"embeddable":true,"href":"https:\/\/steamescape.fr\/clermont\/index.php\/wp-json\/wp\/v2\/users\/1"}],"replies":[{"embeddable":true,"href":"https:\/\/steamescape.fr\/clermont\/index.php\/wp-json\/wp\/v2\/comments?post=1220"}],"version-history":[{"count":4,"href":"https:\/\/steamescape.fr\/clermont\/index.php\/wp-json\/wp\/v2\/pages\/1220\/revisions"}],"predecessor-version":[{"id":1320,"href":"https:\/\/steamescape.fr\/clermont\/index.php\/wp-json\/wp\/v2\/pages\/1220\/revisions\/1320"}],"wp:attachment":[{"href":"https:\/\/steamescape.fr\/clermont\/index.php\/wp-json\/wp\/v2\/media?parent=1220"}],"curies":[{"name":"wp","href":"https:\/\/api.w.org\/{rel}","templated":true}]}}