{"id":1334,"date":"2024-07-31T14:27:51","date_gmt":"2024-07-31T12:27:51","guid":{"rendered":"https:\/\/steamescape.fr\/vichy\/?page_id=1334"},"modified":"2026-01-14T10:49:06","modified_gmt":"2026-01-14T09:49:06","slug":"guizmo","status":"publish","type":"page","link":"http:\/\/steamescape.fr\/vichy\/index.php\/guizmo\/","title":{"rendered":"Guizmo, le Lutin de P\u00e9kin"},"content":{"rendered":"<p>[vc_row full_width=&#8221;stretch_row&#8221; css=&#8221;.vc_custom_1722357708661{background-color: rgba(255,255,255,0.8) !important;*background-color: rgb(255,255,255) !important;}&#8221;][vc_column width=&#8221;1\/3&#8243;][vc_empty_space][vc_custom_heading text=&#8221;GALERIE&#8221; font_container=&#8221;tag:h3|text_align:center|color:%235b5b5b&#8221; use_theme_fonts=&#8221;yes&#8221;]<div class=\"infobox text-center \">\n\t\t\t\t<div class=\"icon\">\n\t\t\t\t\t<i style=\"color:#fdb713;\" class=\"pe-7s-users pe-4x\"><\/i>\n\t\t\t\t<\/div>\n\t\t\t\t<h4 style=\"color:#2b2e34;\">JOUEURS<\/h4>\n\t\t\t\t<p style=\"color:#282828;\">2 \u00e0 6<\/p>\n\t\t\t  <\/div>[\/vc_column][vc_column width=&#8221;1\/3&#8243;][vc_empty_space][vc_custom_heading text=&#8221;DESCRIPTION&#8221; font_container=&#8221;tag:h3|text_align:center&#8221; use_theme_fonts=&#8221;yes&#8221;][vc_column_text]<\/p>\n<p style=\"text-align: center;\"><strong>Un voyage myst\u00e9rieux \u00e0 P\u00e9kin !<\/strong><\/p>\n<p>Nous venons de recevoir des informations cruciales : Had\u00e8s Corp. tente de s&#8217;emparer d&#8217;une cr\u00e9ature aux pouvoirs surnaturels. Connue sous le nom de &#8220;Gizmo le Mogwa\u00ef&#8221;, elle est parfois appel\u00e9e &#8220;le Gremlin&#8221;. Si ces rumeurs sont vraies, Had\u00e8s Corp. pourrait utiliser cette cr\u00e9ature \u00e0 des fins mal\u00e9fiques ou la vendre \u00e0 des organisations tout aussi sinistres.<\/p>\n<p>Captur\u00e9e dans un ancien temple pr\u00e8s de P\u00e9kin, &#8220;Gizmo&#8221; est maintenant enferm\u00e9e chez un vieil apothicaire, dans les sombres ruelles des bas-fonds de P\u00e9kin en 1742. Votre mission est de retrouver et de lib\u00e9rer &#8220;Gizmo&#8221; avant que l&#8217;\u00e9quipe d&#8217;Had\u00e8s Corp. ne mette la main dessus.<\/p>\n<p>Deux niveaux de difficult\u00e9 sont disponibles pour cette aventure captivante. Choisissez le v\u00f4tre lors de votre r\u00e9servation.<\/p>\n<p>Plongez dans cette qu\u00eate palpitante et emp\u00eachez Had\u00e8s Corp. de mener \u00e0 bien ses plans machiav\u00e9liques ![\/vc_column_text][\/vc_column][vc_column width=&#8221;1\/3&#8243;]<div class=\"infobox text-center \">\n\t\t\t\t<div class=\"icon\">\n\t\t\t\t\t<i style=\"color:#fdb713;\" class=\"pe-7s-gym pe-4x\"><\/i>\n\t\t\t\t<\/div>\n\t\t\t\t<h4 style=\"color:#6b6b6b;\">DIFFICULT\u00c9<\/h4>\n\t\t\t\t<p style=\"color:#282828;\">67% en Interm\u00e9diaire<br \/>\n92% en Confirm\u00e9<\/p>\n\t\t\t  <\/div><div class=\"infobox text-center \">\n\t\t\t\t<div class=\"icon\">\n\t\t\t\t\t<i style=\"color:#fdb713;\" class=\"pe-7s-glasses pe-4x\"><\/i>\n\t\t\t\t<\/div>\n\t\t\t\t<h4 style=\"color:#6b6b6b;\">FOUILLE \/ OBSERVATION<\/h4>\n\t\t\t\t<p style=\"color:#282828;\">72%<\/p>\n\t\t\t  <\/div><div class=\"infobox text-center \">\n\t\t\t\t<div class=\"icon\">\n\t\t\t\t\t<i style=\"color:#fdb713;\" class=\"pe-7s-science pe-4x\"><\/i>\n\t\t\t\t<\/div>\n\t\t\t\t<h4 style=\"color:#6b6b6b;\">ENIGMES \/ DEDUCTION<\/h4>\n\t\t\t\t<p style=\"color:#282828;\">61% en Interm\u00e9diaire<br \/>\n89% en Confirm\u00e9<\/p>\n\t\t\t  <\/div>[\/vc_column][vc_column][vc_empty_space][\/vc_column][\/vc_row][vc_row css=&#8221;.vc_custom_1768384279917{background-color: rgba(255,255,255,0.73) !important;*background-color: rgb(255,255,255) !important;}&#8221;][vc_column][vc_empty_space][vc_column_text]<\/p>\n<div class=\"forescape\" data-subdomain=\"steam-vichy\" data-type=\"bookings\" data-rooms=\"5d9b082aae5639090768ce78\"><\/div>\n<p><script>!function(e,t){var r=e.createElement(t),a=e.getElementsByTagName(t)[0],n=new Date,s=\"\"+n.getFullYear()+(\"0\"+(n.getMonth()+1)).slice(-2)+(\"0\"+n.getDate()).slice(-2);r.defer=1,r.src=\"https:\/\/steam-vichy.4escape.io\/public\/js\/iframe.min.js?v=\"+s,a.parentNode.insertBefore(r,a)}(document,\"script\");<\/script>[\/vc_column_text][\/vc_column][\/vc_row][vc_row][vc_column][vc_empty_space][\/vc_column][\/vc_row]<\/p>\n","protected":false},"excerpt":{"rendered":"<p>[vc_row full_width=&#8221;stretch_row&#8221; css=&#8221;.vc_custom_1722357708661{background-color: rgba(255,255,255,0.8) !important;*background-color: rgb(255,255,255) !important;}&#8221;][vc_column width=&#8221;1\/3&#8243;][vc_empty_space][vc_custom_heading text=&#8221;GALERIE&#8221; font_container=&#8221;tag:h3|text_align:center|color:%235b5b5b&#8221; use_theme_fonts=&#8221;yes&#8221;][\/vc_column][vc_column width=&#8221;1\/3&#8243;][vc_empty_space][vc_custom_heading text=&#8221;DESCRIPTION&#8221; font_container=&#8221;tag:h3|text_align:center&#8221; use_theme_fonts=&#8221;yes&#8221;][vc_column_text] Un voyage myst\u00e9rieux \u00e0 P\u00e9kin ! Nous venons de recevoir des informations cruciales : Had\u00e8s Corp. tente de s&#8217;emparer d&#8217;une cr\u00e9ature aux pouvoirs surnaturels. Connue sous le nom de &#8220;Gizmo le Mogwa\u00ef&#8221;, elle est parfois appel\u00e9e &#8220;le Gremlin&#8221;. Si ces [&hellip;]<\/p>\n","protected":false},"author":1,"featured_media":0,"parent":0,"menu_order":0,"comment_status":"closed","ping_status":"closed","template":"","meta":{"footnotes":""},"class_list":["post-1334","page","type-page","status-publish","hentry"],"_links":{"self":[{"href":"http:\/\/steamescape.fr\/vichy\/index.php\/wp-json\/wp\/v2\/pages\/1334","targetHints":{"allow":["GET"]}}],"collection":[{"href":"http:\/\/steamescape.fr\/vichy\/index.php\/wp-json\/wp\/v2\/pages"}],"about":[{"href":"http:\/\/steamescape.fr\/vichy\/index.php\/wp-json\/wp\/v2\/types\/page"}],"author":[{"embeddable":true,"href":"http:\/\/steamescape.fr\/vichy\/index.php\/wp-json\/wp\/v2\/users\/1"}],"replies":[{"embeddable":true,"href":"http:\/\/steamescape.fr\/vichy\/index.php\/wp-json\/wp\/v2\/comments?post=1334"}],"version-history":[{"count":9,"href":"http:\/\/steamescape.fr\/vichy\/index.php\/wp-json\/wp\/v2\/pages\/1334\/revisions"}],"predecessor-version":[{"id":1647,"href":"http:\/\/steamescape.fr\/vichy\/index.php\/wp-json\/wp\/v2\/pages\/1334\/revisions\/1647"}],"wp:attachment":[{"href":"http:\/\/steamescape.fr\/vichy\/index.php\/wp-json\/wp\/v2\/media?parent=1334"}],"curies":[{"name":"wp","href":"https:\/\/api.w.org\/{rel}","templated":true}]}}